{"id":5781,"date":"2022-11-16T09:17:37","date_gmt":"2022-11-16T07:17:37","guid":{"rendered":"https:\/\/abpolar-ee.vserver.zonevs.eu\/?post_type=product&#038;p=5781"},"modified":"2023-03-01T12:30:10","modified_gmt":"2023-03-01T10:30:10","slug":"kaarikasvihuone-easy-up-vahvike","status":"publish","type":"product","link":"https:\/\/abpolar.ee\/fi\/kaarikasvihuone-easy-up-vahvike\/","title":{"rendered":"Kaarikasvihuone Easy-Up-vahvike"},"content":{"rendered":"<h2 id=\"tw-target-text\" class=\"tw-data-text tw-text-large tw-ta\" dir=\"ltr\" data-placeholder=\"T\u00f5lge\"><span class=\"Y2IQFc\" lang=\"fi\">Kaarikasvihuone Easy-Up-vahvike <\/span><\/h2>\n<p class=\"tw-data-text tw-text-large tw-ta\" dir=\"ltr\" data-placeholder=\"T\u00f5lge\"><span class=\"Y2IQFc\" lang=\"fi\">T\u00e4m\u00e4n setin avulla sinulla on mahdollisuus tehd\u00e4 &#8221;Easy-Up&#8221; kasvihuoneestasi kest\u00e4v\u00e4mpi.<br \/>\nYksi kaarivahvistussarja menee yhteen kaariin.<\/span><\/p>\n","protected":false},"excerpt":{"rendered":"<p>Kaarikasvihuone Easy-Up-vahvike T\u00e4m\u00e4n setin avulla sinulla on mahdollisuus tehd\u00e4 &#8221;Easy-Up&#8221; kasvihuoneestasi kest\u00e4v\u00e4mpi. Yksi kaarivahvistussarja menee&#8230;<\/p>\n","protected":false},"featured_media":8622,"template":"","meta":{"_acf_changed":false,"inline_featured_image":false},"product_brand":[],"product_cat":[204,207],"product_tag":[],"class_list":{"0":"post-5781","1":"product","2":"type-product","3":"status-publish","4":"has-post-thumbnail","6":"product_cat-kasvihuoneet","7":"product_cat-kasvihuoneiden-lisatarvikkeet","8":"product_shipping_class-pakk-kuni-30kg-fi","10":"first","11":"outofstock","12":"taxable","13":"shipping-taxable","14":"purchasable","15":"product-type-simple"},"acf":[],"_links":{"self":[{"href":"https:\/\/abpolar.ee\/fi\/wp-json\/wp\/v2\/product\/5781","targetHints":{"allow":["GET"]}}],"collection":[{"href":"https:\/\/abpolar.ee\/fi\/wp-json\/wp\/v2\/product"}],"about":[{"href":"https:\/\/abpolar.ee\/fi\/wp-json\/wp\/v2\/types\/product"}],"wp:featuredmedia":[{"embeddable":true,"href":"https:\/\/abpolar.ee\/fi\/wp-json\/wp\/v2\/media\/8622"}],"wp:attachment":[{"href":"https:\/\/abpolar.ee\/fi\/wp-json\/wp\/v2\/media?parent=5781"}],"wp:term":[{"taxonomy":"product_brand","embeddable":true,"href":"https:\/\/abpolar.ee\/fi\/wp-json\/wp\/v2\/product_brand?post=5781"},{"taxonomy":"product_cat","embeddable":true,"href":"https:\/\/abpolar.ee\/fi\/wp-json\/wp\/v2\/product_cat?post=5781"},{"taxonomy":"product_tag","embeddable":true,"href":"https:\/\/abpolar.ee\/fi\/wp-json\/wp\/v2\/product_tag?post=5781"}],"curies":[{"name":"wp","href":"https:\/\/api.w.org\/{rel}","templated":true}]}}