{"id":5792,"date":"2022-11-16T09:17:39","date_gmt":"2022-11-16T07:17:39","guid":{"rendered":"https:\/\/abpolar-ee.vserver.zonevs.eu\/?post_type=product&#038;p=5792"},"modified":"2023-03-01T12:25:00","modified_gmt":"2023-03-01T10:25:00","slug":"teippi-polykarbonaatti-antidust-2","status":"publish","type":"product","link":"https:\/\/abpolar.ee\/fi\/teippi-polykarbonaatti-antidust-2\/","title":{"rendered":"Teippi polykarbonaatti AntiDust"},"content":{"rendered":"<h2 id=\"tw-target-text\" class=\"tw-data-text tw-text-large tw-ta\" dir=\"ltr\" data-placeholder=\"T\u00f5lge\"><span class=\"Y2IQFc\" lang=\"fi\">Teippi polykarbonaatti AntiDust 38mm 50m p\u00e4\u00e4tenauha <\/span><\/h2>\n<p class=\"tw-data-text tw-text-large tw-ta\" dir=\"ltr\" data-placeholder=\"T\u00f5lge\"><span class=\"Y2IQFc\" lang=\"fi\">AntiDust teippi suojaa polykarbonaattia, mik\u00e4 varmistaa kennolevyjen ja koko rakenteen puhtauden ja l\u00e4pin\u00e4kyvyyden.<br \/>\nTeippi on valmistettu erikoismateriaalista, jonka rakenteeseen on asennettu biosidiohjelma, joka est\u00e4\u00e4 ep\u00e4suotuisten tekij\u00f6iden p\u00e4\u00e4syn ja muodostumisen polykarbonaatin sis\u00e4\u00e4n.<br \/>\nRei&#8217;itt\u00e4m\u00e4t\u00f6nt\u00e4 teippi\u00e4 k\u00e4ytet\u00e4\u00e4n polykarbonaattilevyjen yl\u00e4p\u00e4iden tiivist\u00e4miseen est\u00e4m\u00e4\u00e4n lian, p\u00f6lyn ja kosteuden p\u00e4\u00e4sy kennoihin.<br \/>\nHyv\u00e4ll\u00e4 elastisuudella erityisell\u00e4 anti-sienihoidolla suojaa p\u00f6lylt\u00e4 ja hy\u00f6nteisilt\u00e4 helppo asentaa eritt\u00e4in kulutusta kest\u00e4v\u00e4 hyv\u00e4ksytty suojaj\u00e4rjestelm\u00e4 vett\u00e4 ja l\u00e4mp\u00f6\u00e4 kest\u00e4v\u00e4 varmistaa jatkuvan lauhteen poistumisen.<br \/>\nRei&#8217;itt\u00e4m\u00e4tt\u00f6m\u00e4t teipit asetetaan arkin yl\u00e4p\u00e4\u00e4h\u00e4n hunajakennopolykarbonaattia asennettaessa!<\/span><\/p>\n","protected":false},"excerpt":{"rendered":"<p>Teippi polykarbonaatti AntiDust 38mm 50m p\u00e4\u00e4tenauha AntiDust teippi suojaa polykarbonaattia, mik\u00e4 varmistaa kennolevyjen ja koko&#8230;<\/p>\n","protected":false},"featured_media":4673,"template":"","meta":{"_acf_changed":false,"inline_featured_image":false},"product_brand":[],"product_cat":[207],"product_tag":[],"class_list":{"0":"post-5792","1":"product","2":"type-product","3":"status-publish","4":"has-post-thumbnail","6":"product_cat-kasvihuoneiden-lisatarvikkeet","7":"product_shipping_class-vaike-pakk-fi","9":"first","10":"outofstock","11":"taxable","12":"shipping-taxable","13":"purchasable","14":"product-type-simple"},"acf":[],"_links":{"self":[{"href":"https:\/\/abpolar.ee\/fi\/wp-json\/wp\/v2\/product\/5792","targetHints":{"allow":["GET"]}}],"collection":[{"href":"https:\/\/abpolar.ee\/fi\/wp-json\/wp\/v2\/product"}],"about":[{"href":"https:\/\/abpolar.ee\/fi\/wp-json\/wp\/v2\/types\/product"}],"wp:featuredmedia":[{"embeddable":true,"href":"https:\/\/abpolar.ee\/fi\/wp-json\/wp\/v2\/media\/4673"}],"wp:attachment":[{"href":"https:\/\/abpolar.ee\/fi\/wp-json\/wp\/v2\/media?parent=5792"}],"wp:term":[{"taxonomy":"product_brand","embeddable":true,"href":"https:\/\/abpolar.ee\/fi\/wp-json\/wp\/v2\/product_brand?post=5792"},{"taxonomy":"product_cat","embeddable":true,"href":"https:\/\/abpolar.ee\/fi\/wp-json\/wp\/v2\/product_cat?post=5792"},{"taxonomy":"product_tag","embeddable":true,"href":"https:\/\/abpolar.ee\/fi\/wp-json\/wp\/v2\/product_tag?post=5792"}],"curies":[{"name":"wp","href":"https:\/\/api.w.org\/{rel}","templated":true}]}}