{"id":5793,"date":"2022-11-16T09:17:37","date_gmt":"2022-11-16T07:17:37","guid":{"rendered":"https:\/\/abpolar-ee.vserver.zonevs.eu\/?post_type=product&#038;p=5793"},"modified":"2023-03-01T12:29:10","modified_gmt":"2023-03-01T10:29:10","slug":"kaarikasvihuoneen-paike-vahvistaminen","status":"publish","type":"product","link":"https:\/\/abpolar.ee\/fi\/kaarikasvihuoneen-paike-vahvistaminen\/","title":{"rendered":"Kaarikasvihuoneen \u201cP\u00c4IKE\u201d vahvistaminen"},"content":{"rendered":"<h2>Kaarikasvihuoneen \u201cP\u00c4IKE\u201d vahvistaminen<\/h2>\n<p>T\u00e4m\u00e4n sarjan avulla sinulla on mahdollisuus tehd\u00e4 kasvihuoneestasi \u201cP\u00c4IKE\u201d kest\u00e4v\u00e4mpi.<\/p>\n<p>Yksi kaaren vahvistussarja menee yhdelle kaarelle.<\/p>\n","protected":false},"excerpt":{"rendered":"<p>Kaarikasvihuoneen \u201cP\u00c4IKE\u201d vahvistaminen T\u00e4m\u00e4n sarjan avulla sinulla on mahdollisuus tehd\u00e4 kasvihuoneestasi \u201cP\u00c4IKE\u201d kest\u00e4v\u00e4mpi. Yksi kaaren&#8230;<\/p>\n","protected":false},"featured_media":2647,"template":"","meta":{"_acf_changed":false,"inline_featured_image":false},"product_brand":[],"product_cat":[207],"product_tag":[],"class_list":{"0":"post-5793","1":"product","2":"type-product","3":"status-publish","4":"has-post-thumbnail","6":"product_cat-kasvihuoneiden-lisatarvikkeet","7":"product_shipping_class-vaike-pakk-fi","9":"first","10":"instock","11":"taxable","12":"shipping-taxable","13":"purchasable","14":"product-type-simple"},"acf":[],"_links":{"self":[{"href":"https:\/\/abpolar.ee\/fi\/wp-json\/wp\/v2\/product\/5793","targetHints":{"allow":["GET"]}}],"collection":[{"href":"https:\/\/abpolar.ee\/fi\/wp-json\/wp\/v2\/product"}],"about":[{"href":"https:\/\/abpolar.ee\/fi\/wp-json\/wp\/v2\/types\/product"}],"wp:featuredmedia":[{"embeddable":true,"href":"https:\/\/abpolar.ee\/fi\/wp-json\/wp\/v2\/media\/2647"}],"wp:attachment":[{"href":"https:\/\/abpolar.ee\/fi\/wp-json\/wp\/v2\/media?parent=5793"}],"wp:term":[{"taxonomy":"product_brand","embeddable":true,"href":"https:\/\/abpolar.ee\/fi\/wp-json\/wp\/v2\/product_brand?post=5793"},{"taxonomy":"product_cat","embeddable":true,"href":"https:\/\/abpolar.ee\/fi\/wp-json\/wp\/v2\/product_cat?post=5793"},{"taxonomy":"product_tag","embeddable":true,"href":"https:\/\/abpolar.ee\/fi\/wp-json\/wp\/v2\/product_tag?post=5793"}],"curies":[{"name":"wp","href":"https:\/\/api.w.org\/{rel}","templated":true}]}}