{"id":5799,"date":"2022-11-17T16:09:09","date_gmt":"2022-11-17T14:09:09","guid":{"rendered":"https:\/\/abpolar-ee.vserver.zonevs.eu\/?post_type=product&#038;p=5799"},"modified":"2025-09-08T20:07:03","modified_gmt":"2025-09-08T17:07:03","slug":"ulkovalaisin-graniittipallo-300mm","status":"publish","type":"product","link":"https:\/\/abpolar.ee\/fi\/ulkovalaisin-graniittipallo-300mm\/","title":{"rendered":"Ulkovalaisin Graniittipallo 300mm"},"content":{"rendered":"<h2>Ulkovalaisin Graniittipallo 300 mm<\/h2>\n<p>Graniittipallo on kaunis py\u00f6re\u00e4 pihavalaisin, joka luo puutarhaasi miellytt\u00e4v\u00e4n tunnelman. Valaisimesta on saatavilla nelj\u00e4 eri kokoa.<\/p>\n<p>Ulkovalaisin toivottaa vieraat tervetulleeksi ja pident\u00e4\u00e4 ulkona vietett\u00e4v\u00e4\u00e4 aikaa. Puutarhajuhlat eiv\u00e4t ole mit\u00e4\u00e4n ilman kunnon tunnelmavalaistusta!<\/p>\n<p>Samalla puutarhavalot my\u00f6s lis\u00e4\u00e4v\u00e4t pihan turvallisuutta, koska hyvin valaistu piha riitt\u00e4\u00e4 usein pit\u00e4m\u00e4\u00e4n kutsumattomat vieraat poissa.<\/p>\n<p>Kun haluat valaista pihasi tyylill\u00e4, hanki ulkovalaisin AB Polarilta!<\/p>\n<h3>TUOTTEEN OMINAISUUDET:<\/h3>\n<ul>\n<li>Valaisimen v\u00e4ri: harmaa<\/li>\n<li>V\u00e4rin tarkenne: harmaa graniitti<\/li>\n<li>Valaisimen materiaali: muovi<\/li>\n<li>Valaisimen muoto: pallo<\/li>\n<li>J\u00e4nnite: 230 V<\/li>\n<li>IP-luokka: IP65<\/li>\n<li>Suojausluokka: luokka II<\/li>\n<li>Lamppukanta: E27<\/li>\n<li>Virtal\u00e4hde: verkkovirta<\/li>\n<li>Pistotulpallinen liitosjohto: kyll\u00e4<\/li>\n<li>Suunnattava: ei<\/li>\n<li>Himmennett\u00e4v\u00e4: ei<\/li>\n<li>Liiketunnistin: ei<\/li>\n<li>Polttimoiden m\u00e4\u00e4r\u00e4: 1<\/li>\n<li>Sis\u00e4lt\u00e4\u00e4 polttimot: ei<\/li>\n<li>Polttimon sallittu maksimiteho: 25 W<\/li>\n<li>Johdon pituus: 2 m<\/li>\n<\/ul>\n","protected":false},"excerpt":{"rendered":"<p>Ulkovalaisin Graniittipallo 300 mm Graniittipallo on kaunis py\u00f6re\u00e4 pihavalaisin, joka luo puutarhaasi miellytt\u00e4v\u00e4n tunnelman. Valaisimesta&#8230;<\/p>\n","protected":false},"featured_media":5814,"template":"","meta":{"_acf_changed":false,"inline_featured_image":false},"product_brand":[],"product_cat":[228],"product_tag":[],"class_list":{"0":"post-5799","1":"product","2":"type-product","3":"status-publish","4":"has-post-thumbnail","6":"product_cat-puutarhavalot","7":"product_shipping_class-vaike-pakk-fi","9":"first","10":"instock","11":"sale","12":"taxable","13":"shipping-taxable","14":"purchasable","15":"product-type-simple"},"acf":[],"_links":{"self":[{"href":"https:\/\/abpolar.ee\/fi\/wp-json\/wp\/v2\/product\/5799","targetHints":{"allow":["GET"]}}],"collection":[{"href":"https:\/\/abpolar.ee\/fi\/wp-json\/wp\/v2\/product"}],"about":[{"href":"https:\/\/abpolar.ee\/fi\/wp-json\/wp\/v2\/types\/product"}],"wp:featuredmedia":[{"embeddable":true,"href":"https:\/\/abpolar.ee\/fi\/wp-json\/wp\/v2\/media\/5814"}],"wp:attachment":[{"href":"https:\/\/abpolar.ee\/fi\/wp-json\/wp\/v2\/media?parent=5799"}],"wp:term":[{"taxonomy":"product_brand","embeddable":true,"href":"https:\/\/abpolar.ee\/fi\/wp-json\/wp\/v2\/product_brand?post=5799"},{"taxonomy":"product_cat","embeddable":true,"href":"https:\/\/abpolar.ee\/fi\/wp-json\/wp\/v2\/product_cat?post=5799"},{"taxonomy":"product_tag","embeddable":true,"href":"https:\/\/abpolar.ee\/fi\/wp-json\/wp\/v2\/product_tag?post=5799"}],"curies":[{"name":"wp","href":"https:\/\/api.w.org\/{rel}","templated":true}]}}