{"id":5833,"date":"2022-11-17T16:08:30","date_gmt":"2022-11-17T14:08:30","guid":{"rendered":"https:\/\/abpolar-ee.vserver.zonevs.eu\/?post_type=product&#038;p=5833"},"modified":"2024-01-01T12:58:08","modified_gmt":"2024-01-01T10:58:08","slug":"kottikarry-yhdella-pyoralla","status":"publish","type":"product","link":"https:\/\/abpolar.ee\/fi\/kottikarry-yhdella-pyoralla\/","title":{"rendered":"Kottik\u00e4rry yhdell\u00e4 py\u00f6r\u00e4ll\u00e4"},"content":{"rendered":"<h2>Kottik\u00e4rry yhdell\u00e4 py\u00f6r\u00e4ll\u00e4, 65 l\/100 kg<\/h2>\n<p><a href=\"https:\/\/abpolar.ee\/fi\/kottikarryt\/\" target=\"_blank\" rel=\"noopener\">Kottik\u00e4rryn<\/a> enimm\u00e4iskuormitus on 100 kg\/68 litraa.<br \/>\nSopii erinomaisesti puutarhat\u00f6ihin.<\/p>\n<ul>\n<li>Korkeus (mm): 540<\/li>\n<li>Leveys (mm): 655<\/li>\n<li>Syvyys (mm): 1 255<\/li>\n<li>Runkoputki: 28 mm<\/li>\n<li>Vetoisuus: 65 L (kukkuramitta)<\/li>\n<\/ul>\n","protected":false},"excerpt":{"rendered":"<p>Kottik\u00e4rry yhdell\u00e4 py\u00f6r\u00e4ll\u00e4, 65 l\/100 kg Kottik\u00e4rryn enimm\u00e4iskuormitus on 100 kg\/68 litraa. Sopii erinomaisesti puutarhat\u00f6ihin&#8230;.<\/p>\n","protected":false},"featured_media":3698,"template":"","meta":{"_acf_changed":false,"inline_featured_image":false},"product_brand":[],"product_cat":[242,189],"product_tag":[],"class_list":{"0":"post-5833","1":"product","2":"type-product","3":"status-publish","4":"has-post-thumbnail","6":"product_cat-kottikarryt","7":"product_cat-puutarhatuotteet","8":"product_shipping_class-pakk-kuni-30kg-fi","10":"first","11":"instock","12":"sale","13":"taxable","14":"shipping-taxable","15":"purchasable","16":"product-type-simple"},"acf":[],"_links":{"self":[{"href":"https:\/\/abpolar.ee\/fi\/wp-json\/wp\/v2\/product\/5833","targetHints":{"allow":["GET"]}}],"collection":[{"href":"https:\/\/abpolar.ee\/fi\/wp-json\/wp\/v2\/product"}],"about":[{"href":"https:\/\/abpolar.ee\/fi\/wp-json\/wp\/v2\/types\/product"}],"wp:featuredmedia":[{"embeddable":true,"href":"https:\/\/abpolar.ee\/fi\/wp-json\/wp\/v2\/media\/3698"}],"wp:attachment":[{"href":"https:\/\/abpolar.ee\/fi\/wp-json\/wp\/v2\/media?parent=5833"}],"wp:term":[{"taxonomy":"product_brand","embeddable":true,"href":"https:\/\/abpolar.ee\/fi\/wp-json\/wp\/v2\/product_brand?post=5833"},{"taxonomy":"product_cat","embeddable":true,"href":"https:\/\/abpolar.ee\/fi\/wp-json\/wp\/v2\/product_cat?post=5833"},{"taxonomy":"product_tag","embeddable":true,"href":"https:\/\/abpolar.ee\/fi\/wp-json\/wp\/v2\/product_tag?post=5833"}],"curies":[{"name":"wp","href":"https:\/\/api.w.org\/{rel}","templated":true}]}}