{"id":5836,"date":"2022-11-17T16:09:44","date_gmt":"2022-11-17T14:09:44","guid":{"rendered":"https:\/\/abpolar-ee.vserver.zonevs.eu\/?post_type=product&#038;p=5836"},"modified":"2023-12-29T13:53:57","modified_gmt":"2023-12-29T11:53:57","slug":"terassilammitin-valaisin-233m-rst","status":"publish","type":"product","link":"https:\/\/abpolar.ee\/fi\/terassilammitin-valaisin-233m-rst\/","title":{"rendered":"Terassil\u00e4mmitin\/valaisin, 2,33m, rst"},"content":{"rendered":"<h2 class=\"page-title\"><span class=\"base\" data-ui-id=\"page-title-wrapper\">Terassil\u00e4mmitin\/valaisin, 2,33m, rst<\/span><\/h2>\n<p>Tyylik\u00e4s terassil\u00e4mmitin\/valaisin luo tunnelmaa kes\u00e4iltoihin ja pident\u00e4\u00e4 terassikautta molemmin puolin kes\u00e4\u00e4. Lasiputkessa turvallisesti hehkuva liekki antaa sek\u00e4 l\u00e4mp\u00f6\u00e4 ett\u00e4 valoa. Liekkiputkea ymp\u00e4r\u00f6iv\u00e4 metalliverkko takaa turvallisuuden. L\u00e4mmittimeen sopii 11 kg kaasupullo, joka ei kuulu toimitukseen.<\/p>\n<h4>UOTTEEN MITAT:<\/h4>\n<ul>\n<li>Korkeus : 233 cm<\/li>\n<li>Tuotteen paino : 26 kg<\/li>\n<\/ul>\n<h4>TUOTTEEN OMINAISUUDET:<\/h4>\n<ul>\n<li>V\u00e4ri: Ter\u00e4s<\/li>\n<li>Materiaali: Ruostumaton ter\u00e4s<\/li>\n<li>K\u00e4ytt\u00f6voima: Kaasuk\u00e4ytt\u00f6inen<\/li>\n<li>Sis\u00e4lt\u00e4\u00e4 kaukos\u00e4\u00e4timen: Ei<\/li>\n<li><a href=\"https:\/\/abpolar.ee\/fi\/terassilammittimet\/\" target=\"_blank\" rel=\"noopener\">L\u00e4mmittimen<\/a> tyyppi: Kaasul\u00e4mmitin<\/li>\n<li>Et\u00e4ohjaus: Ei<\/li>\n<li>Liekin elektroninen s\u00e4\u00e4t\u00f6<\/li>\n<li>Siirtopy\u00f6r\u00e4t<\/li>\n<li>Kaasun kulutus: 600-890 g\/h<\/li>\n<li>Suojaet\u00e4isyydet: Minimiet\u00e4isyys katosta 80 cm ja sein\u00e4st\u00e4 65 cm<\/li>\n<li>Polttoaine: Propaani, butaani tai niiden seos<\/li>\n<li>Kaasupullo ja venttiili ei kuulu toimitukseen<\/li>\n<\/ul>\n","protected":false},"excerpt":{"rendered":"<p>Terassil\u00e4mmitin\/valaisin, 2,33m, rst Tyylik\u00e4s terassil\u00e4mmitin\/valaisin luo tunnelmaa kes\u00e4iltoihin ja pident\u00e4\u00e4 terassikautta molemmin puolin kes\u00e4\u00e4. Lasiputkessa&#8230;<\/p>\n","protected":false},"featured_media":2936,"template":"","meta":{"_acf_changed":false,"inline_featured_image":false},"product_brand":[],"product_cat":[220,219],"product_tag":[],"class_list":{"0":"post-5836","1":"product","2":"type-product","3":"status-publish","4":"has-post-thumbnail","6":"product_cat-piha","7":"product_cat-terassilammittimet","9":"first","10":"instock","11":"sale","12":"taxable","13":"shipping-taxable","14":"purchasable","15":"product-type-simple"},"acf":[],"_links":{"self":[{"href":"https:\/\/abpolar.ee\/fi\/wp-json\/wp\/v2\/product\/5836","targetHints":{"allow":["GET"]}}],"collection":[{"href":"https:\/\/abpolar.ee\/fi\/wp-json\/wp\/v2\/product"}],"about":[{"href":"https:\/\/abpolar.ee\/fi\/wp-json\/wp\/v2\/types\/product"}],"wp:featuredmedia":[{"embeddable":true,"href":"https:\/\/abpolar.ee\/fi\/wp-json\/wp\/v2\/media\/2936"}],"wp:attachment":[{"href":"https:\/\/abpolar.ee\/fi\/wp-json\/wp\/v2\/media?parent=5836"}],"wp:term":[{"taxonomy":"product_brand","embeddable":true,"href":"https:\/\/abpolar.ee\/fi\/wp-json\/wp\/v2\/product_brand?post=5836"},{"taxonomy":"product_cat","embeddable":true,"href":"https:\/\/abpolar.ee\/fi\/wp-json\/wp\/v2\/product_cat?post=5836"},{"taxonomy":"product_tag","embeddable":true,"href":"https:\/\/abpolar.ee\/fi\/wp-json\/wp\/v2\/product_tag?post=5836"}],"curies":[{"name":"wp","href":"https:\/\/api.w.org\/{rel}","templated":true}]}}