{"id":5837,"date":"2022-11-17T16:08:53","date_gmt":"2022-11-17T14:08:53","guid":{"rendered":"https:\/\/abpolar-ee.vserver.zonevs.eu\/?post_type=product&#038;p=5837"},"modified":"2024-01-01T12:57:31","modified_gmt":"2024-01-01T10:57:31","slug":"kottikarry-musta","status":"publish","type":"product","link":"https:\/\/abpolar.ee\/fi\/kottikarry-musta\/","title":{"rendered":"Kottik\u00e4rry musta"},"content":{"rendered":"<h2>Kottik\u00e4rry 180L, 200kg, musta<\/h2>\n<p>Musta vankkatekoinen kottik\u00e4rry kantaa 180 kiloa ja on tilavuudeltaan 200 litraa.<br \/>\nTukevassa <a href=\"https:\/\/abpolar.ee\/fi\/kottikarryt\/\" target=\"_blank\" rel=\"noopener\">kottik\u00e4rryss\u00e4<\/a> on kaksi py\u00f6r\u00e4\u00e4.<\/p>\n<ul>\n<li>Korkeus (mm): 110<\/li>\n<li>Leveys (mm): 900<\/li>\n<li>Syvyys (mm): 500<\/li>\n<li>Kantavuus: 200 kg<\/li>\n<li>Tilavuus: 180 L<\/li>\n<li><\/li>\n<\/ul>\n","protected":false},"excerpt":{"rendered":"<p>Kottik\u00e4rry 180L, 200kg, musta Musta vankkatekoinen kottik\u00e4rry kantaa 180 kiloa ja on tilavuudeltaan 200 litraa&#8230;.<\/p>\n","protected":false},"featured_media":3262,"template":"","meta":{"_acf_changed":false,"inline_featured_image":false},"product_brand":[],"product_cat":[242,189],"product_tag":[],"class_list":{"0":"post-5837","1":"product","2":"type-product","3":"status-publish","4":"has-post-thumbnail","6":"product_cat-kottikarryt","7":"product_cat-puutarhatuotteet","9":"first","10":"instock","11":"sale","12":"taxable","13":"shipping-taxable","14":"purchasable","15":"product-type-simple"},"acf":[],"_links":{"self":[{"href":"https:\/\/abpolar.ee\/fi\/wp-json\/wp\/v2\/product\/5837","targetHints":{"allow":["GET"]}}],"collection":[{"href":"https:\/\/abpolar.ee\/fi\/wp-json\/wp\/v2\/product"}],"about":[{"href":"https:\/\/abpolar.ee\/fi\/wp-json\/wp\/v2\/types\/product"}],"wp:featuredmedia":[{"embeddable":true,"href":"https:\/\/abpolar.ee\/fi\/wp-json\/wp\/v2\/media\/3262"}],"wp:attachment":[{"href":"https:\/\/abpolar.ee\/fi\/wp-json\/wp\/v2\/media?parent=5837"}],"wp:term":[{"taxonomy":"product_brand","embeddable":true,"href":"https:\/\/abpolar.ee\/fi\/wp-json\/wp\/v2\/product_brand?post=5837"},{"taxonomy":"product_cat","embeddable":true,"href":"https:\/\/abpolar.ee\/fi\/wp-json\/wp\/v2\/product_cat?post=5837"},{"taxonomy":"product_tag","embeddable":true,"href":"https:\/\/abpolar.ee\/fi\/wp-json\/wp\/v2\/product_tag?post=5837"}],"curies":[{"name":"wp","href":"https:\/\/api.w.org\/{rel}","templated":true}]}}