{"id":5849,"date":"2022-11-16T09:18:08","date_gmt":"2022-11-16T07:18:08","guid":{"rendered":"https:\/\/abpolar-ee.vserver.zonevs.eu\/?post_type=product&#038;p=5849"},"modified":"2023-02-28T11:20:34","modified_gmt":"2023-02-28T09:20:34","slug":"kasteluletku-kierukassa-30m","status":"publish","type":"product","link":"https:\/\/abpolar.ee\/fi\/kasteluletku-kierukassa-30m\/","title":{"rendered":"Letkukela 30m"},"content":{"rendered":"<h2 class=\"page-title\"><span class=\"base\" data-ui-id=\"page-title-wrapper\">Letkukela <\/span>30m<\/h2>\n<p class=\"tw-data-text tw-text-large tw-ta\" dir=\"ltr\" data-placeholder=\"T\u00f5lge\"><span class=\"Y2IQFc\" lang=\"fi\">Kasteluletku automaattisella rummulla<br \/>\nVesiletkukela ruiskupistoolilla<br \/>\nMateriaali: PVC-letku + PP-runko<br \/>\nLetkun koko: 11\/15 mm<br \/>\nTy\u00f6paine: 8 bar<br \/>\nR\u00e4j\u00e4hdyspaine: 24 bar<br \/>\nL\u00e4mp\u00f6tila: (-5) \u00b0C &#8211; 45 \u00b0C<br \/>\nV\u00e4ri: letkunvihre\u00e4, runko vihre\u00e4\/oranssi<\/span><\/p>\n","protected":false},"excerpt":{"rendered":"<p>Letkukela 30m Kasteluletku automaattisella rummulla Vesiletkukela ruiskupistoolilla Materiaali: PVC-letku + PP-runko Letkun koko: 11\/15 mm&#8230;<\/p>\n","protected":false},"featured_media":4412,"template":"","meta":{"_acf_changed":false,"inline_featured_image":false},"product_brand":[],"product_cat":[243],"product_tag":[],"class_list":{"0":"post-5849","1":"product","2":"type-product","3":"status-publish","4":"has-post-thumbnail","6":"product_cat-kasteluletkut","7":"product_shipping_class-vaike-pakk-fi","9":"first","10":"instock","11":"taxable","12":"shipping-taxable","13":"purchasable","14":"product-type-simple"},"acf":[],"_links":{"self":[{"href":"https:\/\/abpolar.ee\/fi\/wp-json\/wp\/v2\/product\/5849","targetHints":{"allow":["GET"]}}],"collection":[{"href":"https:\/\/abpolar.ee\/fi\/wp-json\/wp\/v2\/product"}],"about":[{"href":"https:\/\/abpolar.ee\/fi\/wp-json\/wp\/v2\/types\/product"}],"wp:featuredmedia":[{"embeddable":true,"href":"https:\/\/abpolar.ee\/fi\/wp-json\/wp\/v2\/media\/4412"}],"wp:attachment":[{"href":"https:\/\/abpolar.ee\/fi\/wp-json\/wp\/v2\/media?parent=5849"}],"wp:term":[{"taxonomy":"product_brand","embeddable":true,"href":"https:\/\/abpolar.ee\/fi\/wp-json\/wp\/v2\/product_brand?post=5849"},{"taxonomy":"product_cat","embeddable":true,"href":"https:\/\/abpolar.ee\/fi\/wp-json\/wp\/v2\/product_cat?post=5849"},{"taxonomy":"product_tag","embeddable":true,"href":"https:\/\/abpolar.ee\/fi\/wp-json\/wp\/v2\/product_tag?post=5849"}],"curies":[{"name":"wp","href":"https:\/\/api.w.org\/{rel}","templated":true}]}}