{"id":5863,"date":"2023-01-04T12:57:22","date_gmt":"2023-01-04T10:57:22","guid":{"rendered":"https:\/\/abpolar-ee.vserver.zonevs.eu\/?post_type=product&#038;p=5863"},"modified":"2023-02-28T09:52:07","modified_gmt":"2023-02-28T07:52:07","slug":"kiertoilmakamiina-polar-02-9-putkea-lasiluukkulla","status":"publish","type":"product","link":"https:\/\/abpolar.ee\/fi\/kiertoilmakamiina-polar-02-9-putkea-lasiluukkulla\/","title":{"rendered":"Kiertoilmakamiina Polar 02 (9 putkea)\u00a0lasiluukkulla"},"content":{"rendered":"<h2>Kiertoilmakamiina Polar 02 (9 putkea)\u00a0<bdi>lasiluukkulla<\/bdi><\/h2>\n<p>Sopii k\u00e4ytett\u00e4v\u00e4ksi sek\u00e4 asuin- ett\u00e4 tuotantotilojen l\u00e4mmitt\u00e4miseen. L\u00e4mp\u00f6 jakaantuu tasaisesti l\u00e4mmitett\u00e4v\u00e4\u00e4n tilaan ilman puhaltimia. Kylm\u00e4 ilma imeytyy tulisijaa ymp\u00e4r\u00f6iviin putkiin, jossa se l\u00e4mpenee 60-80 asteeseen virraten sen j\u00e4lkeen l\u00e4mmitett\u00e4v\u00e4\u00e4n tilaan. K\u00e4ytt\u00f6kohteet ovat hyvin erilaisia: kes\u00e4m\u00f6kit, varastotilat, ty\u00f6pajat, myym\u00e4l\u00e4t, asuinrakennukset jne.<\/p>\n<p><strong>Tuotetiedot:<\/strong><\/p>\n<ul>\n<li><strong>Max laskennallinen teho: 18 kW<\/strong><\/li>\n<li><strong>9 putkea<\/strong><\/li>\n<li><strong>L\u00e4mmityskyky: jopa 400 m\u00b3<\/strong><\/li>\n<li><strong>Mitat: L\/W\/H 968 x 603 x 847 mm<\/strong><\/li>\n<li><strong>Paino: 118 kg<\/strong><\/li>\n<li><strong>Hormil\u00e4ht\u00f6: 150 mm<\/strong><\/li>\n<li><strong>Max halon pituus: 600 mm<\/strong><\/li>\n<li><strong>Paloaika pes\u00e4llisell\u00e4: n. 6-8 tuntia<\/strong><\/li>\n<li><strong>Tuotteen sertifikaatit\/luokitukset: CE<\/strong><\/li>\n<\/ul>\n<p>Ilmanl\u00e4mmittimen toiminta perustuu kiinte\u00e4n polttoaineen palamiseen hehkutusmenetelm\u00e4ll\u00e4 2-kammioisessa tulisijassa. Hehkutusprosessin tuloksena alemmassa kammiossa kehittyy palokaasuja, ylemm\u00e4ss\u00e4 vain niiden palaminen loppuun. Vesuvi<strong>\u2013\u00a0<\/strong>ilmanl\u00e4mmitin k\u00e4sitt\u00e4\u00e4 kaksikammioisen tulisijan, jonka ymp\u00e4rill\u00e4 ovat ilmaputket, savupelti, ilmans\u00e4\u00e4din ja tulipes\u00e4n luukku. L\u00e4mmitett\u00e4v\u00e4 ilma tulee sis\u00e4\u00e4n ilmaputken alaosasta, kuumenee ja virtaa tasaisesti l\u00e4mmitett\u00e4v\u00e4\u00e4n tilaan. Ilman l\u00e4mp\u00f6tila ei vaihtele suuresti, koska Vesuvi varmistaa ilman liikkumisen. Kiinte\u00e4n polttoaineen palaminen tapahtuu tulisijan kummassakin kammiossa.<\/p>\n<p><strong>POLAR<\/strong>\u00a0on kiinte\u00e4t\u00e4 polttoainetta k\u00e4ytt\u00e4v\u00e4 ilmanl\u00e4mmityslaite, joka sopii k\u00e4ytett\u00e4v\u00e4ksi sek\u00e4 asuin- ett\u00e4 tuotantotilojen l\u00e4mmitt\u00e4miseen. L\u00e4mp\u00f6 jakaantuu tasaisesti l\u00e4mmitett\u00e4v\u00e4\u00e4n tilaan ilman puhaltimia. Kylm\u00e4 ilma imeytyy tulisijaa ymp\u00e4r\u00f6iviin putkiin, jossa se l\u00e4mpenee 60-80 asteeseen virraten sen j\u00e4lkeen l\u00e4mmitett\u00e4v\u00e4\u00e4n tilaan. K\u00e4ytt\u00f6kohteet ovat hyvin erilaisia: kes\u00e4m\u00f6kit, varastotilat, ty\u00f6pajat, myym\u00e4l\u00e4t, asuinrakennukset jne. tilavuudeltaan 1300 m3 asti. Esimerkiksi, pienimm\u00e4n l\u00e4mmityslaitteen tuotos on 4,5 m3 l\u00e4mmint\u00e4 ilmaa minuutissa. Bulder-ilmanl\u00e4mmitint\u00e4 voi k\u00e4ytt\u00e4\u00e4 varal\u00e4mmittimen\u00e4 toisten l\u00e4mmityslaitteiden rinnalla.<\/p>\n<p>Kaasut, jotka eiv\u00e4t pala alakammiossa t\u00e4ydellisesti, nousevat yl\u00f6s, jossa tapahtuu niiden t\u00e4ydellinen palaminen lis\u00e4ilman ansiosta, joka p\u00e4\u00e4see sinne suuttimien kautta. Tulisijan rakenne varmistaa tarkoituksenmukaisen kiinte\u00e4n polttoaineen k\u00e4yt\u00f6n ja korkean hy\u00f6tysuhteen (75 %).\u00a0 <strong>Polar <\/strong>-ilmanl\u00e4mmitin on valmistettu korkealuokkaisesta kattilater\u00e4ksest\u00e4, jonka oikea k\u00e4ytt\u00f6 varmistaa pitk\u00e4ik\u00e4isen toiminnan (ainakin 15 vuotta). Vesuvi tehoa s\u00e4\u00e4det\u00e4\u00e4n tulisijan ovessa olevalla ilmans\u00e4\u00e4timell\u00e4. Puulla l\u00e4mmitett\u00e4ess\u00e4 t\u00e4yteen ladattu ilmanl\u00e4mmitin toimii yli 8 tuntia. Tulisijan suuri ovi ja tilava polttokammio helpottavat l\u00e4mmitt\u00e4mist\u00e4 ja mahdollistavat my\u00f6s hyvin tukevien halkojen k\u00e4yt\u00f6n l\u00e4mmitykseen. Polar<b>\u00a0<\/b>ilmanl\u00e4mmittimill\u00e4 ovat l\u00e4mmityskulut paljon pienempi\u00e4 kuin tavanomaisilla ilmanl\u00e4mmittimill\u00e4.<\/p>\n","protected":false},"excerpt":{"rendered":"<p>Kiertoilmakamiina Polar 02 (9 putkea)\u00a0lasiluukkulla Sopii k\u00e4ytett\u00e4v\u00e4ksi sek\u00e4 asuin- ett\u00e4 tuotantotilojen l\u00e4mmitt\u00e4miseen. L\u00e4mp\u00f6 jakaantuu tasaisesti&#8230;<\/p>\n","protected":false},"featured_media":12113,"template":"","meta":{"_acf_changed":false,"inline_featured_image":false},"product_brand":[],"product_cat":[227,225],"product_tag":[],"class_list":{"0":"post-5863","1":"product","2":"type-product","3":"status-publish","4":"has-post-thumbnail","6":"product_cat-kiertoilmatakat","7":"product_cat-tulisijat","8":"product_shipping_class-eur-fi","10":"first","11":"instock","12":"taxable","13":"shipping-taxable","14":"purchasable","15":"product-type-simple"},"acf":[],"_links":{"self":[{"href":"https:\/\/abpolar.ee\/fi\/wp-json\/wp\/v2\/product\/5863","targetHints":{"allow":["GET"]}}],"collection":[{"href":"https:\/\/abpolar.ee\/fi\/wp-json\/wp\/v2\/product"}],"about":[{"href":"https:\/\/abpolar.ee\/fi\/wp-json\/wp\/v2\/types\/product"}],"wp:featuredmedia":[{"embeddable":true,"href":"https:\/\/abpolar.ee\/fi\/wp-json\/wp\/v2\/media\/12113"}],"wp:attachment":[{"href":"https:\/\/abpolar.ee\/fi\/wp-json\/wp\/v2\/media?parent=5863"}],"wp:term":[{"taxonomy":"product_brand","embeddable":true,"href":"https:\/\/abpolar.ee\/fi\/wp-json\/wp\/v2\/product_brand?post=5863"},{"taxonomy":"product_cat","embeddable":true,"href":"https:\/\/abpolar.ee\/fi\/wp-json\/wp\/v2\/product_cat?post=5863"},{"taxonomy":"product_tag","embeddable":true,"href":"https:\/\/abpolar.ee\/fi\/wp-json\/wp\/v2\/product_tag?post=5863"}],"curies":[{"name":"wp","href":"https:\/\/api.w.org\/{rel}","templated":true}]}}