{"id":5864,"date":"2022-11-17T16:09:45","date_gmt":"2022-11-17T14:09:45","guid":{"rendered":"https:\/\/abpolar-ee.vserver.zonevs.eu\/?post_type=product&#038;p=5864"},"modified":"2023-02-28T11:17:05","modified_gmt":"2023-02-28T09:17:05","slug":"kivikori-50x50x50-cm","status":"publish","type":"product","link":"https:\/\/abpolar.ee\/fi\/kivikori-50x50x50-cm\/","title":{"rendered":"Kivikori 50x50x50 cm"},"content":{"rendered":"<h2 class=\"page-title\"><span class=\"base\" data-ui-id=\"page-title-wrapper\">Kivikori sinkitty lanka, 50x50x50 cm\u00a0 <\/span><span class=\"Y2IQFc\" lang=\"fi\">6-puolinen<\/span><\/h2>\n<p>Kivi on kaunis materiaali ja kivikorin avulla luot helposti n\u00e4ytt\u00e4vi\u00e4 muureja tai rakennat upeita puutarhanpenkkej\u00e4.<br \/>\nKivikorin t\u00e4ytt\u00f6materiaalina tulee k\u00e4ytt\u00e4\u00e4 lujaa ja s\u00e4\u00e4nkest\u00e4v\u00e4\u00e4 kiviainesta.<br \/>\nKivikori on tehty kest\u00e4m\u00e4\u00e4n kauan, se valmistetaan vahvasta sinkityst\u00e4 ter\u00e4slangasta, joka kest\u00e4\u00e4 hyvin korroosiota eik\u00e4 ruostu.<\/p>\n<p>Huom! Tuote ei sis\u00e4ll\u00e4 kuvassa n\u00e4kyvi\u00e4 kivi\u00e4.<\/p>\n<ul>\n<li>Korkeus (cm): 50<\/li>\n<li>Leveys (cm): 50<\/li>\n<li>Syvyys (cm): 50<\/li>\n<li>V\u00e4ri: Ter\u00e4s<\/li>\n<li>Materiaali: Ter\u00e4s<\/li>\n<li>Materiaalin tarkenne: 4 mm kuumasinkitty lanka<\/li>\n<li>Silm\u00e4koko: 75 x 75 mm<\/li>\n<li>Tukilangat: 4 kpl<\/li>\n<\/ul>\n","protected":false},"excerpt":{"rendered":"<p>Kivikori sinkitty lanka, 50x50x50 cm\u00a0 6-puolinen Kivi on kaunis materiaali ja kivikorin avulla luot helposti&#8230;<\/p>\n","protected":false},"featured_media":3844,"template":"","meta":{"_acf_changed":false,"inline_featured_image":false},"product_brand":[],"product_cat":[246,189],"product_tag":[],"class_list":{"0":"post-5864","1":"product","2":"type-product","3":"status-publish","4":"has-post-thumbnail","6":"product_cat-gabion-kivikorit","7":"product_cat-puutarhatuotteet","8":"product_shipping_class-vaike-pakk-fi","10":"first","11":"instock","12":"taxable","13":"shipping-taxable","14":"purchasable","15":"product-type-simple"},"acf":[],"_links":{"self":[{"href":"https:\/\/abpolar.ee\/fi\/wp-json\/wp\/v2\/product\/5864","targetHints":{"allow":["GET"]}}],"collection":[{"href":"https:\/\/abpolar.ee\/fi\/wp-json\/wp\/v2\/product"}],"about":[{"href":"https:\/\/abpolar.ee\/fi\/wp-json\/wp\/v2\/types\/product"}],"wp:featuredmedia":[{"embeddable":true,"href":"https:\/\/abpolar.ee\/fi\/wp-json\/wp\/v2\/media\/3844"}],"wp:attachment":[{"href":"https:\/\/abpolar.ee\/fi\/wp-json\/wp\/v2\/media?parent=5864"}],"wp:term":[{"taxonomy":"product_brand","embeddable":true,"href":"https:\/\/abpolar.ee\/fi\/wp-json\/wp\/v2\/product_brand?post=5864"},{"taxonomy":"product_cat","embeddable":true,"href":"https:\/\/abpolar.ee\/fi\/wp-json\/wp\/v2\/product_cat?post=5864"},{"taxonomy":"product_tag","embeddable":true,"href":"https:\/\/abpolar.ee\/fi\/wp-json\/wp\/v2\/product_tag?post=5864"}],"curies":[{"name":"wp","href":"https:\/\/api.w.org\/{rel}","templated":true}]}}