{"id":5880,"date":"2022-11-17T16:09:41","date_gmt":"2022-11-17T14:09:41","guid":{"rendered":"https:\/\/abpolar-ee.vserver.zonevs.eu\/?post_type=product&#038;p=5880"},"modified":"2023-02-28T11:43:04","modified_gmt":"2023-02-28T09:43:04","slug":"nurmikenno","status":"publish","type":"product","link":"https:\/\/abpolar.ee\/fi\/nurmikenno\/","title":{"rendered":"Nurmikenno"},"content":{"rendered":"<h2 class=\"page-title\"><span class=\"base\" data-ui-id=\"page-title-wrapper\">Nurmikenno 400x600x33mm<\/span><\/h2>\n<p>Maapohjan kantavuutta parantavat nurmikennot tekev\u00e4t nurmikosta kest\u00e4v\u00e4n.<br \/>\nNurmikennojen k\u00e4ytt\u00f6kohteita ovat pys\u00e4k\u00f6intialueet, kulkutiet, pengerrykset ja paikat, jossa nurmikkoon kohdistuu kovempaa rasitusta.<br \/>\nNurmikennot est\u00e4v\u00e4t kasvualustan valumista ja v\u00e4hent\u00e4v\u00e4t n\u00e4in ollen l\u00e4t\u00e4k\u00f6iden syntymist\u00e4.<br \/>\nKevyet muoviset eroosiomatot ovat helposti asennettavia.<\/p>\n<ul>\n<li>Korkeus (cm): 3,3<\/li>\n<li>Leveys (cm): 40<\/li>\n<li>Syvyys (cm): 60<\/li>\n<li>V\u00e4ri: Musta<\/li>\n<\/ul>\n","protected":false},"excerpt":{"rendered":"<p>Nurmikenno 400x600x33mm Maapohjan kantavuutta parantavat nurmikennot tekev\u00e4t nurmikosta kest\u00e4v\u00e4n. Nurmikennojen k\u00e4ytt\u00f6kohteita ovat pys\u00e4k\u00f6intialueet, kulkutiet, pengerrykset&#8230;<\/p>\n","protected":false},"featured_media":3037,"template":"","meta":{"_acf_changed":false,"inline_featured_image":false},"product_brand":[],"product_cat":[245,189],"product_tag":[],"class_list":{"0":"post-5880","1":"product","2":"type-product","3":"status-publish","4":"has-post-thumbnail","6":"product_cat-nurmikennot","7":"product_cat-puutarhatuotteet","8":"product_shipping_class-vaike-pakk-fi","10":"first","11":"instock","12":"taxable","13":"shipping-taxable","14":"purchasable","15":"product-type-simple"},"acf":[],"_links":{"self":[{"href":"https:\/\/abpolar.ee\/fi\/wp-json\/wp\/v2\/product\/5880","targetHints":{"allow":["GET"]}}],"collection":[{"href":"https:\/\/abpolar.ee\/fi\/wp-json\/wp\/v2\/product"}],"about":[{"href":"https:\/\/abpolar.ee\/fi\/wp-json\/wp\/v2\/types\/product"}],"wp:featuredmedia":[{"embeddable":true,"href":"https:\/\/abpolar.ee\/fi\/wp-json\/wp\/v2\/media\/3037"}],"wp:attachment":[{"href":"https:\/\/abpolar.ee\/fi\/wp-json\/wp\/v2\/media?parent=5880"}],"wp:term":[{"taxonomy":"product_brand","embeddable":true,"href":"https:\/\/abpolar.ee\/fi\/wp-json\/wp\/v2\/product_brand?post=5880"},{"taxonomy":"product_cat","embeddable":true,"href":"https:\/\/abpolar.ee\/fi\/wp-json\/wp\/v2\/product_cat?post=5880"},{"taxonomy":"product_tag","embeddable":true,"href":"https:\/\/abpolar.ee\/fi\/wp-json\/wp\/v2\/product_tag?post=5880"}],"curies":[{"name":"wp","href":"https:\/\/api.w.org\/{rel}","templated":true}]}}