{"id":5903,"date":"2022-11-17T16:08:06","date_gmt":"2022-11-17T14:08:06","guid":{"rendered":"https:\/\/abpolar-ee.vserver.zonevs.eu\/?post_type=product&#038;p=5903"},"modified":"2023-02-28T11:45:27","modified_gmt":"2023-02-28T09:45:27","slug":"nurmikon-reuna-58x100cm","status":"publish","type":"product","link":"https:\/\/abpolar.ee\/fi\/nurmikon-reuna-58x100cm\/","title":{"rendered":"Nurmikon reuna 5,8x100cm"},"content":{"rendered":"<h2 class=\"product_title entry-title\">Nurmikon reuna 5,8x100cm musta<\/h2>\n<ul class=\"list-disc ml-2 mr-3\" data-v-b4b16f92=\"\">\n<li data-v-b4b16f92=\"\">Muovireunat pintojen erotteluun<\/li>\n<li data-v-b4b16f92=\"\">K\u00e4ytt\u00f6alueet: kivettyjen teiden koristelu, alueiden rajaus puiden ja pensaiden ymp\u00e4rille, lampien, talojen perusteiden ja aitojen reunustaminen<\/li>\n<li data-v-b4b16f92=\"\">Halutun muodon (py\u00f6re\u00e4, ovaali, laineet) saavuttamiseksi on reunusta mahdollista taivuttaa (leikkaa muovikaistaleet halutusta kohdasta)<\/li>\n<li data-v-b4b16f92=\"\">Yhden metrin pituisesta kaistaleesta on teht\u00e4viss\u00e4 l\u00e4pimitaltaan 33 cm kierros<\/li>\n<li data-v-b4b16f92=\"\">Reunukset ovat tukevat, s\u00e4\u00e4nkest\u00e4v\u00e4t ja UV-suojatut<\/li>\n<li data-v-b4b16f92=\"\">Yhden palan mitat: korkeus 5,8 cm, pituus 100 cm, leveys 7,5 cm<\/li>\n<li data-v-b4b16f92=\"\">Maahan kiinnitys ter\u00e4s- tai muovinauloilla<\/li>\n<\/ul>\n","protected":false},"excerpt":{"rendered":"<p>Nurmikon reuna 5,8x100cm musta Muovireunat pintojen erotteluun K\u00e4ytt\u00f6alueet: kivettyjen teiden koristelu, alueiden rajaus puiden ja&#8230;<\/p>\n","protected":false},"featured_media":3041,"template":"","meta":{"_acf_changed":false,"inline_featured_image":false},"product_brand":[],"product_cat":[247,189],"product_tag":[],"class_list":{"0":"post-5903","1":"product","2":"type-product","3":"status-publish","4":"has-post-thumbnail","6":"product_cat-nurmikon-reunukset","7":"product_cat-puutarhatuotteet","8":"product_shipping_class-vaike-pakk-fi","10":"first","11":"instock","12":"taxable","13":"shipping-taxable","14":"purchasable","15":"product-type-simple"},"acf":[],"_links":{"self":[{"href":"https:\/\/abpolar.ee\/fi\/wp-json\/wp\/v2\/product\/5903","targetHints":{"allow":["GET"]}}],"collection":[{"href":"https:\/\/abpolar.ee\/fi\/wp-json\/wp\/v2\/product"}],"about":[{"href":"https:\/\/abpolar.ee\/fi\/wp-json\/wp\/v2\/types\/product"}],"wp:featuredmedia":[{"embeddable":true,"href":"https:\/\/abpolar.ee\/fi\/wp-json\/wp\/v2\/media\/3041"}],"wp:attachment":[{"href":"https:\/\/abpolar.ee\/fi\/wp-json\/wp\/v2\/media?parent=5903"}],"wp:term":[{"taxonomy":"product_brand","embeddable":true,"href":"https:\/\/abpolar.ee\/fi\/wp-json\/wp\/v2\/product_brand?post=5903"},{"taxonomy":"product_cat","embeddable":true,"href":"https:\/\/abpolar.ee\/fi\/wp-json\/wp\/v2\/product_cat?post=5903"},{"taxonomy":"product_tag","embeddable":true,"href":"https:\/\/abpolar.ee\/fi\/wp-json\/wp\/v2\/product_tag?post=5903"}],"curies":[{"name":"wp","href":"https:\/\/api.w.org\/{rel}","templated":true}]}}