{"id":5909,"date":"2022-11-11T14:32:34","date_gmt":"2022-11-11T12:32:34","guid":{"rendered":"https:\/\/abpolar-ee.vserver.zonevs.eu\/?post_type=product&#038;p=5909"},"modified":"2025-09-08T20:19:53","modified_gmt":"2025-09-08T17:19:53","slug":"puutarhaverkko-065-x10m-vihrea","status":"publish","type":"product","link":"https:\/\/abpolar.ee\/fi\/puutarhaverkko-065-x10m-vihrea\/","title":{"rendered":"Puutarhaverkko 0,65 x10m, vihre\u00e4"},"content":{"rendered":"<h2>Puutarhaverkko 0,65 x 10 m, vihre\u00e4<\/h2>\n<p>Puutarhaverkko on valmistettu muovipinnoitetusta, kuumasinkityst\u00e4 ter\u00e4slangasta. Puutarhaverkon yl\u00e4reuna on kaareva, kaksinkertaiset vaakasuorat langat on kerrattu pystysuorien lankojen ymp\u00e4rille liitoskohdissa.<\/p>\n<p>Puutarhaverkko soveltuu k\u00e4ytett\u00e4v\u00e4ksi esimerkiksi puutarhojen, m\u00f6kkitonttien ym. aitaamiseen ja puiden, pensaiden ja muiden kasvien suojaamiseen. Kaunis puutarhaverkko rajaa alueen tyylikk\u00e4\u00e4sti.<\/p>\n<p>Kun haluat kauniin tavan aidata puutarhasi, hanki puutarhaverkko!<\/p>\n<h3>Tuotteen ominaisuudet:<\/h3>\n<ul>\n<li>Korkeus (cm): 65<\/li>\n<li>Rullan pituus (m): 10<\/li>\n<li>V\u00e4ri: vihre\u00e4<\/li>\n<li>Materiaali: PVC, ter\u00e4s<\/li>\n<li>Silm\u00e4koko: 80 x 150 mm<\/li>\n<\/ul>\n","protected":false},"excerpt":{"rendered":"<p>Puutarhaverkko 0,65 x 10 m, vihre\u00e4 Puutarhaverkko on valmistettu muovipinnoitetusta, kuumasinkityst\u00e4 ter\u00e4slangasta. Puutarhaverkon yl\u00e4reuna on&#8230;<\/p>\n","protected":false},"featured_media":3049,"template":"","meta":{"_acf_changed":false,"inline_featured_image":false},"product_brand":[],"product_cat":[187,328,247,193],"product_tag":[],"class_list":{"0":"post-5909","1":"product","2":"type-product","3":"status-publish","4":"has-post-thumbnail","6":"product_cat-aidat-ja-portit","7":"product_cat-verkkoaidat","8":"product_cat-nurmikon-reunukset","9":"product_cat-verkkoaita","10":"product_shipping_class-vaike-pakk-fi","12":"first","13":"instock","14":"taxable","15":"shipping-taxable","16":"purchasable","17":"product-type-simple"},"acf":[],"_links":{"self":[{"href":"https:\/\/abpolar.ee\/fi\/wp-json\/wp\/v2\/product\/5909","targetHints":{"allow":["GET"]}}],"collection":[{"href":"https:\/\/abpolar.ee\/fi\/wp-json\/wp\/v2\/product"}],"about":[{"href":"https:\/\/abpolar.ee\/fi\/wp-json\/wp\/v2\/types\/product"}],"wp:featuredmedia":[{"embeddable":true,"href":"https:\/\/abpolar.ee\/fi\/wp-json\/wp\/v2\/media\/3049"}],"wp:attachment":[{"href":"https:\/\/abpolar.ee\/fi\/wp-json\/wp\/v2\/media?parent=5909"}],"wp:term":[{"taxonomy":"product_brand","embeddable":true,"href":"https:\/\/abpolar.ee\/fi\/wp-json\/wp\/v2\/product_brand?post=5909"},{"taxonomy":"product_cat","embeddable":true,"href":"https:\/\/abpolar.ee\/fi\/wp-json\/wp\/v2\/product_cat?post=5909"},{"taxonomy":"product_tag","embeddable":true,"href":"https:\/\/abpolar.ee\/fi\/wp-json\/wp\/v2\/product_tag?post=5909"}],"curies":[{"name":"wp","href":"https:\/\/api.w.org\/{rel}","templated":true}]}}