{"id":5910,"date":"2022-11-17T16:09:29","date_gmt":"2022-11-17T14:09:29","guid":{"rendered":"https:\/\/abpolar-ee.vserver.zonevs.eu\/?post_type=product&#038;p=5910"},"modified":"2023-12-28T19:17:41","modified_gmt":"2023-12-28T17:17:41","slug":"mehupuristin-kaantyvarungollinen-14-l","status":"publish","type":"product","link":"https:\/\/abpolar.ee\/fi\/mehupuristin-kaantyvarungollinen-14-l\/","title":{"rendered":"Mehupuristin k\u00e4\u00e4ntyv\u00e4rungollinen, 14 l"},"content":{"rendered":"<h2>Mehupuristin k\u00e4\u00e4ntyv\u00e4rungollinen, 14 l<\/h2>\n<p>Perinteinen k\u00e4\u00e4ntyv\u00e4rungollinen mehupuristin 14 L.<br \/>\nInnovatiivinen rungollinen mehupuristin tekee omien hedelmien mehustamisesta entist\u00e4 helpompaa.<br \/>\nK\u00e4yt\u00e4nn\u00f6llisess\u00e4 mehupuristimessa on mahdollisuus k\u00e4\u00e4nt\u00e4\u00e4 koko runko (ja puristusmekanismi) pois korin p\u00e4\u00e4lt\u00e4, jolloin korin t\u00e4ytt\u00e4minen ja puhdistaminen on eritt\u00e4in helppoa.<br \/>\nT\u00e4yt\u00e4t puristimen nostamalla puristinlevyn korkeimpaan asentoon, irrottamalla kaksi ruuvisalpaa ja k\u00e4\u00e4nt\u00e4m\u00e4ll\u00e4 rungon pois tielt\u00e4.<br \/>\nLaadukkaassa puristimessa jauhemaalattu kest\u00e4v\u00e4 valurautarunko ja ruostumaton kori.<\/p>\n<ul>\n<li>Korkeus (mm): 390<\/li>\n<li>Leveys (mm): 260<\/li>\n<li>Syvyys (mm): 260<\/li>\n<li>Tilavuus (l): 14<\/li>\n<li>Tuotteen paino (kg): 20<\/li>\n<li>V\u00e4ri: Punainen<\/li>\n<li>K\u00e4\u00e4ntyv\u00e4rungollinen puristin<\/li>\n<li>Materiaali: ruostumaton ter\u00e4s, valurauta<\/li>\n<li><a href=\"https:\/\/abpolar.ee\/fi\/mehupuristimet\/\" target=\"_blank\" rel=\"noopener\">Mehupuristinta<\/a> on mahdollista k\u00e4ytt\u00e4\u00e4 suodatinpussin kanssa tai ilman pussia. Suodatinpussin k\u00e4ytt\u00f6 helpottaa laitteen puhdistusta.<\/li>\n<\/ul>\n","protected":false},"excerpt":{"rendered":"<p>Mehupuristin k\u00e4\u00e4ntyv\u00e4rungollinen, 14 l Perinteinen k\u00e4\u00e4ntyv\u00e4rungollinen mehupuristin 14 L. Innovatiivinen rungollinen mehupuristin tekee omien hedelmien&#8230;<\/p>\n","protected":false},"featured_media":3093,"template":"","meta":{"_acf_changed":false,"inline_featured_image":false},"product_brand":[],"product_cat":[235],"product_tag":[],"class_list":{"0":"post-5910","1":"product","2":"type-product","3":"status-publish","4":"has-post-thumbnail","6":"product_cat-mehupuristimet","7":"product_shipping_class-pakk-kuni-30kg-fi","9":"first","10":"instock","11":"taxable","12":"shipping-taxable","13":"purchasable","14":"product-type-simple"},"acf":[],"_links":{"self":[{"href":"https:\/\/abpolar.ee\/fi\/wp-json\/wp\/v2\/product\/5910","targetHints":{"allow":["GET"]}}],"collection":[{"href":"https:\/\/abpolar.ee\/fi\/wp-json\/wp\/v2\/product"}],"about":[{"href":"https:\/\/abpolar.ee\/fi\/wp-json\/wp\/v2\/types\/product"}],"wp:featuredmedia":[{"embeddable":true,"href":"https:\/\/abpolar.ee\/fi\/wp-json\/wp\/v2\/media\/3093"}],"wp:attachment":[{"href":"https:\/\/abpolar.ee\/fi\/wp-json\/wp\/v2\/media?parent=5910"}],"wp:term":[{"taxonomy":"product_brand","embeddable":true,"href":"https:\/\/abpolar.ee\/fi\/wp-json\/wp\/v2\/product_brand?post=5910"},{"taxonomy":"product_cat","embeddable":true,"href":"https:\/\/abpolar.ee\/fi\/wp-json\/wp\/v2\/product_cat?post=5910"},{"taxonomy":"product_tag","embeddable":true,"href":"https:\/\/abpolar.ee\/fi\/wp-json\/wp\/v2\/product_tag?post=5910"}],"curies":[{"name":"wp","href":"https:\/\/api.w.org\/{rel}","templated":true}]}}