{"id":5911,"date":"2022-11-17T16:09:46","date_gmt":"2022-11-17T14:09:46","guid":{"rendered":"https:\/\/abpolar-ee.vserver.zonevs.eu\/?post_type=product&#038;p=5911"},"modified":"2023-12-28T19:18:09","modified_gmt":"2023-12-28T17:18:09","slug":"mehupuristin-18l","status":"publish","type":"product","link":"https:\/\/abpolar.ee\/fi\/mehupuristin-18l\/","title":{"rendered":"Mehupuristin 18l"},"content":{"rendered":"<h2>Mehupuristin 18l<\/h2>\n<p>18L <a href=\"https:\/\/abpolar.ee\/fi\/mehupuristimet\/\" target=\"_blank\" rel=\"noopener\">mehupuristimella<\/a> saat yhdell\u00e4 kertaa puristettua 18 litraa terveellist\u00e4 mehua.<br \/>\nMekaanisella ruuvipuristimella saat puristettua viimeisetkin mehupisarat hedelmist\u00e4 tai marjoista.<br \/>\nHedelm\u00e4t laitetaan 18 litran kokoiseen mehustins\u00e4ili\u00f6\u00f6n ja puristuslevy ruuvataan ruuvipuristimella tiukasti murskattuja hedelmi\u00e4 vasten.<br \/>\nPuristettu mehu valuu suoraan ker\u00e4ysastiaan ja siit\u00e4 eteenp\u00e4in toiseen astiaan.<br \/>\nTihe\u00e4 suodatinpussi ker\u00e4\u00e4 puristusj\u00e4tteen ja suodattaa mehun.<\/p>\n<ul>\n<li>Korkeus (mm): 715<\/li>\n<li>Leveys (mm): 380<\/li>\n<li>Syvyys (mm): 380<\/li>\n<li>Tilavuus (l): 18<\/li>\n<li>V\u00e4ri: Punainen<\/li>\n<li>K\u00e4ytt\u00f6: Ruuvipuristin<\/li>\n<li>Materiaali: Ter\u00e4s ja puu<\/li>\n<li>Kallistettava runko<\/li>\n<li>Tukeva, nokallinen ker\u00e4ysastia<\/li>\n<li>Soveltuu tuoremehun ja viinin puristamiseen tai siiderin valmistukseen<\/li>\n<li>Helppo puhdistaa, kaikki osat irrotettavissa<\/li>\n<li>Mukana suodatinpussi<\/li>\n<\/ul>\n","protected":false},"excerpt":{"rendered":"<p>Mehupuristin 18l 18L mehupuristimella saat yhdell\u00e4 kertaa puristettua 18 litraa terveellist\u00e4 mehua. Mekaanisella ruuvipuristimella saat&#8230;<\/p>\n","protected":false},"featured_media":3094,"template":"","meta":{"_acf_changed":false,"inline_featured_image":false},"product_brand":[],"product_cat":[235],"product_tag":[],"class_list":{"0":"post-5911","1":"product","2":"type-product","3":"status-publish","4":"has-post-thumbnail","6":"product_cat-mehupuristimet","7":"product_shipping_class-pakk-kuni-30kg-fi","9":"first","10":"instock","11":"taxable","12":"shipping-taxable","13":"purchasable","14":"product-type-simple"},"acf":[],"_links":{"self":[{"href":"https:\/\/abpolar.ee\/fi\/wp-json\/wp\/v2\/product\/5911","targetHints":{"allow":["GET"]}}],"collection":[{"href":"https:\/\/abpolar.ee\/fi\/wp-json\/wp\/v2\/product"}],"about":[{"href":"https:\/\/abpolar.ee\/fi\/wp-json\/wp\/v2\/types\/product"}],"wp:featuredmedia":[{"embeddable":true,"href":"https:\/\/abpolar.ee\/fi\/wp-json\/wp\/v2\/media\/3094"}],"wp:attachment":[{"href":"https:\/\/abpolar.ee\/fi\/wp-json\/wp\/v2\/media?parent=5911"}],"wp:term":[{"taxonomy":"product_brand","embeddable":true,"href":"https:\/\/abpolar.ee\/fi\/wp-json\/wp\/v2\/product_brand?post=5911"},{"taxonomy":"product_cat","embeddable":true,"href":"https:\/\/abpolar.ee\/fi\/wp-json\/wp\/v2\/product_cat?post=5911"},{"taxonomy":"product_tag","embeddable":true,"href":"https:\/\/abpolar.ee\/fi\/wp-json\/wp\/v2\/product_tag?post=5911"}],"curies":[{"name":"wp","href":"https:\/\/api.w.org\/{rel}","templated":true}]}}