{"id":5913,"date":"2022-11-17T16:09:46","date_gmt":"2022-11-17T14:09:46","guid":{"rendered":"https:\/\/abpolar-ee.vserver.zonevs.eu\/?post_type=product&#038;p=5913"},"modified":"2023-02-28T11:26:01","modified_gmt":"2023-02-28T09:26:01","slug":"murskain-kasikayttoinen-7l","status":"publish","type":"product","link":"https:\/\/abpolar.ee\/fi\/murskain-kasikayttoinen-7l\/","title":{"rendered":"Murskain k\u00e4sik\u00e4ytt\u00f6inen  7L"},"content":{"rendered":"<h2>Murskain k\u00e4sik\u00e4ytt\u00f6inen 7L<\/h2>\n<p>Ter\u00e4ksest\u00e4 valmistettu mekaaninen murskain on helppok\u00e4ytt\u00f6inen ja pitk\u00e4ik\u00e4inen k\u00e4yt\u00f6ss\u00e4\u00e4n.<br \/>\nMurskain soveltuu hedelmien ja marjojen murskaamiseen ennen puristusta.<br \/>\nOmenat kannattaa pilkkoa puoliksi tai nelj\u00e4\u00e4n osaan ennen murskaamista.<br \/>\nHedelm\u00e4murskain voidaan asentaa puristimen puukehikon p\u00e4\u00e4lle ja murskata hedelm\u00e4t suoraan kehikkoon.<br \/>\nHelpompi lienee kuitenkin murskata omenat riitt\u00e4v\u00e4n suureen erilliseen astiaan, josta murska on helppo tyhjent\u00e4\u00e4 puristimen puukehikkoon puristettavaksi.<\/p>\n<ul>\n<li>Korkeus (mm): 575<\/li>\n<li>Leveys (mm): 280<\/li>\n<li>Syvyys (mm): 280<\/li>\n<li>V\u00e4ri: Vihre\u00e4, Ter\u00e4s<\/li>\n<li>Suppilo 7 l<\/li>\n<li>Materiaali: suppilo ruostumatonta ter\u00e4st\u00e4, runko maalattua ter\u00e4st\u00e4<\/li>\n<\/ul>\n","protected":false},"excerpt":{"rendered":"<p>Murskain k\u00e4sik\u00e4ytt\u00f6inen 7L Ter\u00e4ksest\u00e4 valmistettu mekaaninen murskain on helppok\u00e4ytt\u00f6inen ja pitk\u00e4ik\u00e4inen k\u00e4yt\u00f6ss\u00e4\u00e4n. Murskain soveltuu hedelmien&#8230;<\/p>\n","protected":false},"featured_media":3956,"template":"","meta":{"_acf_changed":false,"inline_featured_image":false},"product_brand":[],"product_cat":[235],"product_tag":[],"class_list":{"0":"post-5913","1":"product","2":"type-product","3":"status-publish","4":"has-post-thumbnail","6":"product_cat-mehupuristimet","7":"product_shipping_class-vaike-pakk-fi","9":"first","10":"instock","11":"taxable","12":"shipping-taxable","13":"purchasable","14":"product-type-simple"},"acf":[],"_links":{"self":[{"href":"https:\/\/abpolar.ee\/fi\/wp-json\/wp\/v2\/product\/5913","targetHints":{"allow":["GET"]}}],"collection":[{"href":"https:\/\/abpolar.ee\/fi\/wp-json\/wp\/v2\/product"}],"about":[{"href":"https:\/\/abpolar.ee\/fi\/wp-json\/wp\/v2\/types\/product"}],"wp:featuredmedia":[{"embeddable":true,"href":"https:\/\/abpolar.ee\/fi\/wp-json\/wp\/v2\/media\/3956"}],"wp:attachment":[{"href":"https:\/\/abpolar.ee\/fi\/wp-json\/wp\/v2\/media?parent=5913"}],"wp:term":[{"taxonomy":"product_brand","embeddable":true,"href":"https:\/\/abpolar.ee\/fi\/wp-json\/wp\/v2\/product_brand?post=5913"},{"taxonomy":"product_cat","embeddable":true,"href":"https:\/\/abpolar.ee\/fi\/wp-json\/wp\/v2\/product_cat?post=5913"},{"taxonomy":"product_tag","embeddable":true,"href":"https:\/\/abpolar.ee\/fi\/wp-json\/wp\/v2\/product_tag?post=5913"}],"curies":[{"name":"wp","href":"https:\/\/api.w.org\/{rel}","templated":true}]}}