{"id":5914,"date":"2022-11-17T16:09:30","date_gmt":"2022-11-17T14:09:30","guid":{"rendered":"https:\/\/abpolar-ee.vserver.zonevs.eu\/?post_type=product&#038;p=5914"},"modified":"2023-12-28T19:17:24","modified_gmt":"2023-12-28T17:17:24","slug":"mehupuristimen-suodatinpussi-14-l","status":"publish","type":"product","link":"https:\/\/abpolar.ee\/fi\/mehupuristimen-suodatinpussi-14-l\/","title":{"rendered":"Mehupuristimen suodatinpussi 14 l"},"content":{"rendered":"<h2>Mehupuristimen suodatinpussi 14 l<\/h2>\n<p>Tihe\u00e4 suodatinpussi ker\u00e4\u00e4 puristusj\u00e4tteen ja suodattaa mehun.<br \/>\nYhteensopiva 14L-<a href=\"https:\/\/abpolar.ee\/fi\/mehupuristimet\/\" target=\"_blank\" rel=\"noopener\">mehupuristimen<\/a> kanssa<\/p>\n","protected":false},"excerpt":{"rendered":"<p>Mehupuristimen suodatinpussi 14 l Tihe\u00e4 suodatinpussi ker\u00e4\u00e4 puristusj\u00e4tteen ja suodattaa mehun. Yhteensopiva 14L-mehupuristimen kanssa<\/p>\n","protected":false},"featured_media":3103,"template":"","meta":{"_acf_changed":false,"inline_featured_image":false},"product_brand":[],"product_cat":[235],"product_tag":[],"class_list":{"0":"post-5914","1":"product","2":"type-product","3":"status-publish","4":"has-post-thumbnail","6":"product_cat-mehupuristimet","7":"product_shipping_class-vaike-pakk-fi","9":"first","10":"instock","11":"taxable","12":"shipping-taxable","13":"purchasable","14":"product-type-simple"},"acf":[],"_links":{"self":[{"href":"https:\/\/abpolar.ee\/fi\/wp-json\/wp\/v2\/product\/5914","targetHints":{"allow":["GET"]}}],"collection":[{"href":"https:\/\/abpolar.ee\/fi\/wp-json\/wp\/v2\/product"}],"about":[{"href":"https:\/\/abpolar.ee\/fi\/wp-json\/wp\/v2\/types\/product"}],"wp:featuredmedia":[{"embeddable":true,"href":"https:\/\/abpolar.ee\/fi\/wp-json\/wp\/v2\/media\/3103"}],"wp:attachment":[{"href":"https:\/\/abpolar.ee\/fi\/wp-json\/wp\/v2\/media?parent=5914"}],"wp:term":[{"taxonomy":"product_brand","embeddable":true,"href":"https:\/\/abpolar.ee\/fi\/wp-json\/wp\/v2\/product_brand?post=5914"},{"taxonomy":"product_cat","embeddable":true,"href":"https:\/\/abpolar.ee\/fi\/wp-json\/wp\/v2\/product_cat?post=5914"},{"taxonomy":"product_tag","embeddable":true,"href":"https:\/\/abpolar.ee\/fi\/wp-json\/wp\/v2\/product_tag?post=5914"}],"curies":[{"name":"wp","href":"https:\/\/api.w.org\/{rel}","templated":true}]}}