{"id":5918,"date":"2022-11-17T16:08:07","date_gmt":"2022-11-17T14:08:07","guid":{"rendered":"https:\/\/abpolar-ee.vserver.zonevs.eu\/?post_type=product&#038;p=5918"},"modified":"2023-12-27T16:34:28","modified_gmt":"2023-12-27T14:34:28","slug":"katusuola-25kg","status":"publish","type":"product","link":"https:\/\/abpolar.ee\/fi\/katusuola-25kg\/","title":{"rendered":"Katusuola 25kg"},"content":{"rendered":"<h2>Katusuola 25kg<\/h2>\n<p id=\"tw-target-text\" class=\"tw-data-text tw-text-large tw-ta\" dir=\"ltr\" data-placeholder=\"T\u00f5lge\"><span class=\"Y2IQFc\" lang=\"fi\">V\u00e4hent\u00e4\u00e4 liukastumisriski\u00e4, \u200b\u200bsulattaa tehokkaasti lumen ja j\u00e4\u00e4n.<br \/>\nLuo turvallisemman ulkoilman.<br \/>\nKatusuola tulee 25 kg:n pakkauksessa ja sis\u00e4lt\u00e4\u00e4 erikokoisia rakeita lumen ja j\u00e4\u00e4n sulattamiseen.<br \/>\nSopii erityisen hyvin lumisateen j\u00e4lkeen tai liukkaisiin tieolosuhteisiin.<br \/>\nK\u00e4ytet\u00e4\u00e4n k\u00e4sik\u00e4ytt\u00f6isiss\u00e4 levittimiss\u00e4.<br \/>\nLevitin voi levitt\u00e4\u00e4 suolaa tehokkaasti liukkaalla tiell\u00e4 ja yksinkertaistaa prosessia.<br \/>\nTuote on tehokkain l\u00e4mp\u00f6tiloissa 0 &#8211; -22 \u00b0C.<br \/>\nMatalissa l\u00e4mp\u00f6tiloissa hiekkaan sekoitettuna se tarjoaa hyv\u00e4n liukastumisenkest\u00e4vyyden.<br \/>\nVaroitus:<br \/>\n* Tuotetta ei suositella k\u00e4ytett\u00e4v\u00e4ksi kalkkikive\u00e4 sis\u00e4lt\u00e4vill\u00e4 tienpinnoilla<br \/>\n* V\u00e4lt\u00e4 tuotteen joutumista puihin ja kasveihin<br \/>\n* V\u00e4lt\u00e4 tuotteen joutumista silmiin ja iholle<\/span><\/p>\n","protected":false},"excerpt":{"rendered":"<p>Katusuola 25kg V\u00e4hent\u00e4\u00e4 liukastumisriski\u00e4, \u200b\u200bsulattaa tehokkaasti lumen ja j\u00e4\u00e4n. Luo turvallisemman ulkoilman. Katusuola tulee 25&#8230;<\/p>\n","protected":false},"featured_media":3214,"template":"","meta":{"_acf_changed":false,"inline_featured_image":false},"product_brand":[],"product_cat":[250],"product_tag":[],"class_list":{"0":"post-5918","1":"product","2":"type-product","3":"status-publish","4":"has-post-thumbnail","6":"product_cat-talvitavarat","7":"product_shipping_class-pakk-kuni-30kg-fi","9":"first","10":"instock","11":"sale","12":"taxable","13":"shipping-taxable","14":"purchasable","15":"product-type-simple"},"acf":[],"_links":{"self":[{"href":"https:\/\/abpolar.ee\/fi\/wp-json\/wp\/v2\/product\/5918","targetHints":{"allow":["GET"]}}],"collection":[{"href":"https:\/\/abpolar.ee\/fi\/wp-json\/wp\/v2\/product"}],"about":[{"href":"https:\/\/abpolar.ee\/fi\/wp-json\/wp\/v2\/types\/product"}],"wp:featuredmedia":[{"embeddable":true,"href":"https:\/\/abpolar.ee\/fi\/wp-json\/wp\/v2\/media\/3214"}],"wp:attachment":[{"href":"https:\/\/abpolar.ee\/fi\/wp-json\/wp\/v2\/media?parent=5918"}],"wp:term":[{"taxonomy":"product_brand","embeddable":true,"href":"https:\/\/abpolar.ee\/fi\/wp-json\/wp\/v2\/product_brand?post=5918"},{"taxonomy":"product_cat","embeddable":true,"href":"https:\/\/abpolar.ee\/fi\/wp-json\/wp\/v2\/product_cat?post=5918"},{"taxonomy":"product_tag","embeddable":true,"href":"https:\/\/abpolar.ee\/fi\/wp-json\/wp\/v2\/product_tag?post=5918"}],"curies":[{"name":"wp","href":"https:\/\/api.w.org\/{rel}","templated":true}]}}