{"id":5923,"date":"2023-01-04T12:57:21","date_gmt":"2023-01-04T10:57:21","guid":{"rendered":"https:\/\/abpolar-ee.vserver.zonevs.eu\/?post_type=product&#038;p=5923"},"modified":"2023-02-28T10:00:51","modified_gmt":"2023-02-28T08:00:51","slug":"ilmanlammitin-liesitasolla-ja-lasiluukkulla-colorado-01-7-putkea","status":"publish","type":"product","link":"https:\/\/abpolar.ee\/fi\/ilmanlammitin-liesitasolla-ja-lasiluukkulla-colorado-01-7-putkea\/","title":{"rendered":"Ilmanl\u00e4mmitin liesitasolla ja lasiluukkulla Colorado 01 (7 putkea)"},"content":{"rendered":"<h2>Ilmanl\u00e4mmitin liesitasolla ja lasiluukkulla Colorado 01 (7 putkea)<\/h2>\n<p>Kiinte\u00e4t\u00e4 polttoainetta k\u00e4ytt\u00e4v\u00e4\u00a0<strong>Colorado 00<\/strong>\u00a0ilmanl\u00e4mmityslaite on valmistettu korkealuokkaisesta kattilater\u00e4ksest\u00e4, jonka oikea k\u00e4ytt\u00f6 varmistaa pitk\u00e4ik\u00e4isen toiminnan (ainakin 15 vuotta). Tehoa s\u00e4\u00e4det\u00e4\u00e4n tulisijan ovessa olevalla ilmans\u00e4\u00e4timell\u00e4. Puulla l\u00e4mmitett\u00e4ess\u00e4 t\u00e4yteen ladattu ilmanl\u00e4mmitin toimii yli 8 tuntia.<\/p>\n<p>Sopii k\u00e4ytett\u00e4v\u00e4ksi sek\u00e4 asuin- ett\u00e4 tuotantotilojen l\u00e4mmitt\u00e4miseen. L\u00e4mp\u00f6 jakaantuu tasaisesti l\u00e4mmitett\u00e4v\u00e4\u00e4n tilaan ilman puhaltimia. Kylm\u00e4 ilma imeytyy tulisijaa ymp\u00e4r\u00f6iviin putkiin, jossa se l\u00e4mpenee 60-80 asteeseen virraten sen j\u00e4lkeen l\u00e4mmitett\u00e4v\u00e4\u00e4n tilaan. K\u00e4ytt\u00f6kohteet ovat hyvin erilaisia: kes\u00e4m\u00f6kit, varastotilat, ty\u00f6pajat, myym\u00e4l\u00e4t, asuinrakennukset jne.<\/p>\n<ul>\n<li><strong>Max laskennallinen teho: 11 kW<\/strong><\/li>\n<li><strong>7 putkea, \u00f8 76<\/strong><strong>\u00a0mm<\/strong><\/li>\n<li><strong>L\u00e4mmityskyky: jopa 260 m\u00b3<\/strong><\/li>\n<li><strong>Mitat: L\/W\/H 807\u0445540\u00d7687 mm<\/strong><\/li>\n<li><strong>Paino: 96 kg<\/strong><\/li>\n<li><strong>Hormil\u00e4ht\u00f6: 120 mm<\/strong><\/li>\n<li><strong>Max halon pituus: 450 mm<\/strong><\/li>\n<li><strong>Paloaika pes\u00e4llisell\u00e4: n. 6 tuntia<\/strong><\/li>\n<li><strong>Tuotteen sertifikaatit\/luokitukset: CE<\/strong><\/li>\n<\/ul>\n","protected":false},"excerpt":{"rendered":"<p>Ilmanl\u00e4mmitin liesitasolla ja lasiluukkulla Colorado 01 (7 putkea) Kiinte\u00e4t\u00e4 polttoainetta k\u00e4ytt\u00e4v\u00e4\u00a0Colorado 00\u00a0ilmanl\u00e4mmityslaite on valmistettu korkealuokkaisesta&#8230;<\/p>\n","protected":false},"featured_media":6192,"template":"","meta":{"_acf_changed":false,"inline_featured_image":false},"product_brand":[],"product_cat":[227,225],"product_tag":[],"class_list":{"0":"post-5923","1":"product","2":"type-product","3":"status-publish","4":"has-post-thumbnail","6":"product_cat-kiertoilmatakat","7":"product_cat-tulisijat","8":"product_shipping_class-eur-fi","10":"first","11":"instock","12":"taxable","13":"shipping-taxable","14":"purchasable","15":"product-type-simple"},"acf":[],"_links":{"self":[{"href":"https:\/\/abpolar.ee\/fi\/wp-json\/wp\/v2\/product\/5923","targetHints":{"allow":["GET"]}}],"collection":[{"href":"https:\/\/abpolar.ee\/fi\/wp-json\/wp\/v2\/product"}],"about":[{"href":"https:\/\/abpolar.ee\/fi\/wp-json\/wp\/v2\/types\/product"}],"wp:featuredmedia":[{"embeddable":true,"href":"https:\/\/abpolar.ee\/fi\/wp-json\/wp\/v2\/media\/6192"}],"wp:attachment":[{"href":"https:\/\/abpolar.ee\/fi\/wp-json\/wp\/v2\/media?parent=5923"}],"wp:term":[{"taxonomy":"product_brand","embeddable":true,"href":"https:\/\/abpolar.ee\/fi\/wp-json\/wp\/v2\/product_brand?post=5923"},{"taxonomy":"product_cat","embeddable":true,"href":"https:\/\/abpolar.ee\/fi\/wp-json\/wp\/v2\/product_cat?post=5923"},{"taxonomy":"product_tag","embeddable":true,"href":"https:\/\/abpolar.ee\/fi\/wp-json\/wp\/v2\/product_tag?post=5923"}],"curies":[{"name":"wp","href":"https:\/\/api.w.org\/{rel}","templated":true}]}}