{"id":6338,"date":"2023-01-30T16:15:21","date_gmt":"2023-01-30T14:15:21","guid":{"rendered":"https:\/\/abpolar-ee.vserver.zonevs.eu\/?post_type=product&#038;p=6338"},"modified":"2025-09-17T21:12:21","modified_gmt":"2025-09-17T18:12:21","slug":"metalliaidan-tolppa-elegant","status":"publish","type":"product","link":"https:\/\/abpolar.ee\/fi\/metalliaidan-tolppa-elegant\/","title":{"rendered":"Metalliaidan tolppa Elegant"},"content":{"rendered":"<h2>Metalliaidan tolppa Elegant<\/h2>\n<p>T\u00e4m\u00e4 metalliaidan tolppa sopii yhteen Elegant-metalliaidan elementtien kanssa. Tolpat voidaan asentaa maahan my\u00f6s hieman tavallista korkeammalle.<\/p>\n<ul>\n<li>Korkeus: 200 cm<\/li>\n<li>Leveys : 60 mm<\/li>\n<li>Syvyys : 60 mm<\/li>\n<li>Tolpan sein\u00e4m\u00e4vahvuus: 2 mm<\/li>\n<li>Pintapinnoite: kuumasinkki + Ral-jauhemaali (valitse v\u00e4ri itse)<\/li>\n<li>Toimitussis\u00e4lt\u00f6: Ei sis\u00e4ll\u00e4 kiinnikkeit\u00e4<\/li>\n<\/ul>\n<p>Elementeist\u00e4 rakennettu metalliaita ja siihen sopiva portti luovat kotiin ja pihapiiriin viimeistellyn ja arvokkaan tyylin. Aita rajaa pihan ja portti kutsuu kyl\u00e4\u00e4n. Jauhemaalatun ja sinkityn aidan pinta on sile\u00e4 ja turvallinen.<\/p>\n<p>Kun haluat naapurustosi tyylikk\u00e4imm\u00e4n aidan, kannattaa hankkia metalliaita!<\/p>\n<p>Laske ensin aidattavan alueen koko.<\/p>\n<p>Kuinka monta elementti\u00e4, tolppaa ja kiinnikett\u00e4 tarvitset?<\/p>\n<p>Huomioi my\u00f6s valitsemasi portin koko.<\/p>\n<p>Sen j\u00e4lkeen pyyd\u00e4 meilt\u00e4 tarjous!<\/p>\n","protected":false},"excerpt":{"rendered":"<p>Metalliaidan tolppa Elegant T\u00e4m\u00e4 metalliaidan tolppa sopii yhteen Elegant-metalliaidan elementtien kanssa. Tolpat voidaan asentaa maahan&#8230;<\/p>\n","protected":false},"featured_media":6337,"template":"","meta":{"_acf_changed":false,"inline_featured_image":false},"product_brand":[],"product_cat":[187,200,192],"product_tag":[],"class_list":{"0":"post-6338","1":"product","2":"type-product","3":"status-publish","4":"has-post-thumbnail","6":"product_cat-aidat-ja-portit","7":"product_cat-aitatolpat","8":"product_cat-metalliaidat","10":"first","11":"instock","12":"taxable","13":"shipping-taxable","14":"purchasable","15":"product-type-simple"},"acf":[],"_links":{"self":[{"href":"https:\/\/abpolar.ee\/fi\/wp-json\/wp\/v2\/product\/6338","targetHints":{"allow":["GET"]}}],"collection":[{"href":"https:\/\/abpolar.ee\/fi\/wp-json\/wp\/v2\/product"}],"about":[{"href":"https:\/\/abpolar.ee\/fi\/wp-json\/wp\/v2\/types\/product"}],"wp:featuredmedia":[{"embeddable":true,"href":"https:\/\/abpolar.ee\/fi\/wp-json\/wp\/v2\/media\/6337"}],"wp:attachment":[{"href":"https:\/\/abpolar.ee\/fi\/wp-json\/wp\/v2\/media?parent=6338"}],"wp:term":[{"taxonomy":"product_brand","embeddable":true,"href":"https:\/\/abpolar.ee\/fi\/wp-json\/wp\/v2\/product_brand?post=6338"},{"taxonomy":"product_cat","embeddable":true,"href":"https:\/\/abpolar.ee\/fi\/wp-json\/wp\/v2\/product_cat?post=6338"},{"taxonomy":"product_tag","embeddable":true,"href":"https:\/\/abpolar.ee\/fi\/wp-json\/wp\/v2\/product_tag?post=6338"}],"curies":[{"name":"wp","href":"https:\/\/api.w.org\/{rel}","templated":true}]}}