{"id":6362,"date":"2023-01-30T16:15:22","date_gmt":"2023-01-30T14:15:22","guid":{"rendered":"https:\/\/abpolar-ee.vserver.zonevs.eu\/?post_type=product&#038;p=6362"},"modified":"2025-11-06T21:00:23","modified_gmt":"2025-11-06T19:00:23","slug":"metalliaidan-kayntiportti-elegant","status":"publish","type":"product","link":"https:\/\/abpolar.ee\/fi\/metalliaidan-kayntiportti-elegant\/","title":{"rendered":"Metalliaidan k\u00e4yntiportti Elegant"},"content":{"rendered":"<h2 class=\"product_title entry-title\">Metalliaidan\u00a0\u00a0k\u00e4yntiportti Elegant<\/h2>\n<p>Verkkoaita ei aina ole arvokas ratkaisu kodin aitaukseen ja kallis takorauta-aita ei v\u00e4ltt\u00e4m\u00e4tt\u00e4 mahdu suunniteltuun budjettiin.<\/p>\n<p>Paras vaihtoehto t\u00e4llaisessa tilanteessa on pystys\u00e4leikk\u00f6inen metalliaita ja portti, jotka on kuumasinkitty ja jauhemaalattu. Laadukas metalliaita on hyv\u00e4 investointi, joka kest\u00e4\u00e4 vuosikymmeni\u00e4.<\/p>\n<p>Portin korkeus maasta on 1 m, 1,2 m tai 1,5 m. K\u00e4yt\u00e4mme k\u00e4yntiporteissa korkealaatuista ruostumatonta Locinox Fiftyset -lukkosarjaa (katso kuva).<\/p>\n<ul>\n<li><strong>Korkeus: 0,93 m, 1,13 m, 1,43 m<\/strong><\/li>\n<li><strong>Rungon leveys on 0,9 m. Asennettujen tolppien v\u00e4lisen et\u00e4isyyden tulee olla 1 m.<\/strong><\/li>\n<li><strong>Pystyosat: 15x15x1,0 mm<\/strong><\/li>\n<li><strong>Portin runko: 60x40x2 mm<\/strong><\/li>\n<li><strong>Pystypalkkien v\u00e4linen et\u00e4isyys on 89mm (+\/-2mm)<\/strong><\/li>\n<li><strong>Pintapinnoite: kuumasinkki + Ral-jauhemaali (valitse v\u00e4ri itse)<\/strong><\/li>\n<li><strong>Valitse kahdesta eri saranasta (metallipylv\u00e4\u00e4seen tai kivipylv\u00e4\u00e4seen tarkoitettu) &#8211; osta erikseen<\/strong><\/li>\n<li><strong>K\u00e4yntiportin hintaan sis\u00e4ltyy: Metallinen k\u00e4yntiportti, muoviset peitetulpat tankojen p\u00e4ihin ja putkirunkoon, Locinox Fiftyset -lukkosarja (lukkorunko, lukko kolmella avaimella, peitelevyt itsekiertyv\u00e4t kiinnitysruuvit, alumiininen portin kahva, lukon vastarauta tolppaan<\/strong><\/li>\n<\/ul>\n<p><strong>Portin hintaan ei sis\u00e4lly:<\/strong> Portin tolpat, portin saranat (joko metalli- tai kivitolppaan) &#8211; osta erikseen.<\/p>\n<p><strong>HUOM! Ei varastotuote. Tilausaika 3-4 viikkoa<\/strong><br \/>\n<strong>Muista ilmoittaa v\u00e4ri tilauksen yhteydess\u00e4.<\/strong><\/p>\n<p>Asenna portti tolppiin vasta, kun olet kiinnitt\u00e4nyt tolpat betoniin. N\u00e4in voit s\u00e4\u00e4t\u00e4\u00e4 saranoiden paikkaa tolpassa tarvittaessa siten, ett\u00e4 maanpinnan ja portin v\u00e4liin j\u00e4\u00e4 noin 70-80 mm rako.<\/p>\n<p>Noudata kuitenkin tarkasti annettua mittaa portin tolppien v\u00e4lill\u00e4!<\/p>\n<p>Kun piha-alue on viimeistelty (esimerkiksi nurmikko tai kiveys asennettu), voidaan metallitolppaan merkit\u00e4 portin saranoiden paikat rakentamisen aikana muodostuneen tilanteen mukaan. T\u00e4m\u00e4n j\u00e4lkeen saranoiden rei\u00e4t porataan tolppaan asennusohjeiden mukaisesti. Portin tolppia asennettaessa ne voidaan j\u00e4tt\u00e4\u00e4 hieman suunniteltua korkeammalle, noin 5-10 cm yli tavoitemitan.<\/p>\n<p>Kun portti on kiinnitetty tolppiin, katkaistaan tolpat portin yl\u00e4reunan mukaisesti sopivaan mittaan. Leikkauskohdat on hyv\u00e4 k\u00e4sitell\u00e4 sinkkimaalilla, jotta ne eiv\u00e4t p\u00e4\u00e4se ruostumaan. Tolpan p\u00e4\u00e4h\u00e4n asennettava tolpan kansi est\u00e4\u00e4 sadeveden p\u00e4\u00e4syn leikkauskohtaan.<\/p>\n","protected":false},"excerpt":{"rendered":"<p>Metalliaidan\u00a0\u00a0k\u00e4yntiportti Elegant Verkkoaita ei aina ole arvokas ratkaisu kodin aitaukseen ja kallis takorauta-aita ei v\u00e4ltt\u00e4m\u00e4tt\u00e4&#8230;<\/p>\n","protected":false},"featured_media":6344,"template":"","meta":{"_acf_changed":false,"inline_featured_image":false},"product_brand":[],"product_cat":[201,192],"product_tag":[],"class_list":{"0":"post-6362","1":"product","2":"type-product","3":"status-publish","4":"has-post-thumbnail","6":"product_cat-kayntiportit","7":"product_cat-metalliaidat","9":"first","10":"instock","11":"taxable","12":"shipping-taxable","13":"purchasable","14":"product-type-variable"},"acf":[],"_links":{"self":[{"href":"https:\/\/abpolar.ee\/fi\/wp-json\/wp\/v2\/product\/6362","targetHints":{"allow":["GET"]}}],"collection":[{"href":"https:\/\/abpolar.ee\/fi\/wp-json\/wp\/v2\/product"}],"about":[{"href":"https:\/\/abpolar.ee\/fi\/wp-json\/wp\/v2\/types\/product"}],"wp:featuredmedia":[{"embeddable":true,"href":"https:\/\/abpolar.ee\/fi\/wp-json\/wp\/v2\/media\/6344"}],"wp:attachment":[{"href":"https:\/\/abpolar.ee\/fi\/wp-json\/wp\/v2\/media?parent=6362"}],"wp:term":[{"taxonomy":"product_brand","embeddable":true,"href":"https:\/\/abpolar.ee\/fi\/wp-json\/wp\/v2\/product_brand?post=6362"},{"taxonomy":"product_cat","embeddable":true,"href":"https:\/\/abpolar.ee\/fi\/wp-json\/wp\/v2\/product_cat?post=6362"},{"taxonomy":"product_tag","embeddable":true,"href":"https:\/\/abpolar.ee\/fi\/wp-json\/wp\/v2\/product_tag?post=6362"}],"curies":[{"name":"wp","href":"https:\/\/api.w.org\/{rel}","templated":true}]}}