{"id":6379,"date":"2023-01-30T16:15:22","date_gmt":"2023-01-30T14:15:22","guid":{"rendered":"https:\/\/abpolar-ee.vserver.zonevs.eu\/?post_type=product&#038;p=6379"},"modified":"2025-07-25T14:00:37","modified_gmt":"2025-07-25T11:00:37","slug":"metalliaidan-ajoportti-elegant","status":"publish","type":"product","link":"https:\/\/abpolar.ee\/fi\/metalliaidan-ajoportti-elegant\/","title":{"rendered":"Metalliaidan\u00a0ajoportti\u00a0Elegant"},"content":{"rendered":"<h2>Metalliaidan ajoportti Elegant<\/h2>\n<p>Kodin ja pihapiirin suunnittelussa voi tulla vastaan tilanne, joissa verkkoaita ei ole arvokas ratkaisu tontin rajaamiseen, mutta kallis takorauta-aita ei mahdu suunniteltuun budjettiin. Paras vaihtoehto t\u00e4llaisessa tilanteessa on pystys\u00e4leikk\u00f6inen metalliaita ja portti, jotka on kuumasinkitty ja jauhemaalattu. Laadukas metalliaita on hyv\u00e4 sijoitus, joka kest\u00e4\u00e4 vuosikymmeni\u00e4.<\/p>\n<p>Portin korkeus maasta on 1 m, 1,2 m tai 1,5 m. Portissa on korkealaatuinen ruostumaton Locinox Fiftyset -lukkosarja (katso kuva).<\/p>\n<ul>\n<li>Korkeus: 0,93 m, 1,13 m, 1,43 m<\/li>\n<li>Yhden oven leveys on 1930 mm.<\/li>\n<li>Asennettujen tolppien v\u00e4lisen et\u00e4isyyden tulee olla 4 m<\/li>\n<li>Pystyosat: 15x15x1,0 mm<\/li>\n<li>Portin runko: 60x40x2 mm<\/li>\n<li>Pystypalkkien v\u00e4linen et\u00e4isyys on 89mm (+\/-2mm)<\/li>\n<li>Pintapinnoite: kuumasinkki + Ral-jauhemaali (valitse v\u00e4ri itse)<\/li>\n<\/ul>\n<p>Porttiautomatiikka voidaan kiinnitt\u00e4\u00e4 tarvittaessa keskimm\u00e4iseen tai alempaan vaakaputkeen. Jos automatiikkaa ei k\u00e4ytet\u00e4, suosittelemme portin ovien lukitsemiseen Locinoxin ruostumattomasta ter\u00e4ksest\u00e4 valmistettua maasalpaa. Valikoimassa on sek\u00e4 tavallisia ett\u00e4 lukittavia maasalpoja.<\/p>\n<p>Autoportti sopii yhteen Locinoxin kuumasinkittyjen saranoiden kanssa. Saranoita on kahta tyyppi\u00e4 (metallitolppaan tai kivitolppaan tarkoitettu), osta erikseen<\/p>\n<p>Hintaan ei sis\u00e4lly: Autoportin tolpat 80x80x3 mm, portin saranat, portin maasalvat<\/p>\n<p>Autoportin hintaan sis\u00e4ltyy: Kaksi metallista ajoportin ovea sek\u00e4 muoviset tulpan kannet s\u00e4leiden ja runkoputken p\u00e4ihin.<\/p>\n<p>&nbsp;<\/p>\n<p>Asenna portti tolppiin vasta, kun olet kiinnitt\u00e4nyt tolpat betoniin. N\u00e4in voit s\u00e4\u00e4t\u00e4\u00e4 saranoiden paikkaa tolpassa tarvittaessa siten, ett\u00e4 maanpinnan ja portin v\u00e4liin j\u00e4\u00e4 noin 70-80 mm rako.<\/p>\n<p>Noudata kuitenkin tarkasti annettua mittaa portin tolppien v\u00e4lill\u00e4!<\/p>\n<p>Kun piha-alue on viimeistelty (esimerkiksi nurmikko tai kiveys asennettu), voidaan metallitolppaan merkit\u00e4 portin saranoiden paikat rakentamisen aikana muodostuneen tilanteen mukaan.<\/p>\n<p>T\u00e4m\u00e4n j\u00e4lkeen saranoiden rei\u00e4t porataan tolppaan asennusohjeiden mukaisesti. Portin tolppia asennettaessa ne voidaan j\u00e4tt\u00e4\u00e4 hieman suunniteltua korkeammalle, noin 5-10 cm yli tavoitemitan.<\/p>\n<p>Kun portti on kiinnitetty tolppiin, katkaistaan tolpat portin yl\u00e4reunan mukaisesti sopivaan mittaan. Leikkauskohdat on hyv\u00e4 k\u00e4sitell\u00e4 sinkkimaalilla, jotta ne eiv\u00e4t p\u00e4\u00e4se ruostumaan. Tolpan p\u00e4\u00e4h\u00e4n asennettava tolpan kansi est\u00e4\u00e4 sadeveden p\u00e4\u00e4syn leikkauskohtaan.<\/p>\n","protected":false},"excerpt":{"rendered":"<p>Metalliaidan ajoportti Elegant Kodin ja pihapiirin suunnittelussa voi tulla vastaan tilanne, joissa verkkoaita ei ole&#8230;<\/p>\n","protected":false},"featured_media":6397,"template":"","meta":{"_acf_changed":false,"inline_featured_image":false},"product_brand":[],"product_cat":[187,202,192,329],"product_tag":[],"class_list":{"0":"post-6379","1":"product","2":"type-product","3":"status-publish","4":"has-post-thumbnail","6":"product_cat-aidat-ja-portit","7":"product_cat-ajoportit","8":"product_cat-metalliaidat","9":"product_cat-portit","11":"first","12":"instock","13":"taxable","14":"shipping-taxable","15":"purchasable","16":"product-type-variable"},"acf":[],"_links":{"self":[{"href":"https:\/\/abpolar.ee\/fi\/wp-json\/wp\/v2\/product\/6379","targetHints":{"allow":["GET"]}}],"collection":[{"href":"https:\/\/abpolar.ee\/fi\/wp-json\/wp\/v2\/product"}],"about":[{"href":"https:\/\/abpolar.ee\/fi\/wp-json\/wp\/v2\/types\/product"}],"wp:featuredmedia":[{"embeddable":true,"href":"https:\/\/abpolar.ee\/fi\/wp-json\/wp\/v2\/media\/6397"}],"wp:attachment":[{"href":"https:\/\/abpolar.ee\/fi\/wp-json\/wp\/v2\/media?parent=6379"}],"wp:term":[{"taxonomy":"product_brand","embeddable":true,"href":"https:\/\/abpolar.ee\/fi\/wp-json\/wp\/v2\/product_brand?post=6379"},{"taxonomy":"product_cat","embeddable":true,"href":"https:\/\/abpolar.ee\/fi\/wp-json\/wp\/v2\/product_cat?post=6379"},{"taxonomy":"product_tag","embeddable":true,"href":"https:\/\/abpolar.ee\/fi\/wp-json\/wp\/v2\/product_tag?post=6379"}],"curies":[{"name":"wp","href":"https:\/\/api.w.org\/{rel}","templated":true}]}}