{"id":6455,"date":"2023-01-30T16:15:21","date_gmt":"2023-01-30T14:15:21","guid":{"rendered":"https:\/\/abpolar-ee.vserver.zonevs.eu\/?post_type=product&#038;p=6455"},"modified":"2023-03-01T11:57:27","modified_gmt":"2023-03-01T09:57:27","slug":"kasvihuoneen-hylly-palram","status":"publish","type":"product","link":"https:\/\/abpolar.ee\/fi\/kasvihuoneen-hylly-palram\/","title":{"rendered":"Kasvihuoneen hylly PALRAM"},"content":{"rendered":"<h2>Kasvihuoneen hylly PALRAM<\/h2>\n<p>Tukeva <span class=\"Y2IQFc\" lang=\"fi\">polypropeenimuovia <\/span>Palram 2 hylly kasvihuoneisiin. Kest\u00e4\u00e4 painoa 20 kg. Helppo asentaa ja irrottaa.<br \/>\nLaittamalla useita hyllyj\u00e4 vierekk\u00e4in saat k\u00e4tev\u00e4sti lis\u00e4tilaa my\u00f6s painavampien tarvikkeiden kuten multas\u00e4kkien s\u00e4ilytyst\u00e4 varten.<\/p>\n<ul>\n<li>Mitat: 65 x 26 x 16,5 cm<\/li>\n<li>Kantavuus: 20 kg<\/li>\n<\/ul>\n","protected":false},"excerpt":{"rendered":"<p>Kasvihuoneen hylly PALRAM Tukeva polypropeenimuovia Palram 2 hylly kasvihuoneisiin. Kest\u00e4\u00e4 painoa 20 kg. Helppo asentaa&#8230;<\/p>\n","protected":false},"featured_media":6442,"template":"","meta":{"_acf_changed":false,"inline_featured_image":false},"product_brand":[],"product_cat":[207],"product_tag":[],"class_list":{"0":"post-6455","1":"product","2":"type-product","3":"status-publish","4":"has-post-thumbnail","6":"product_cat-kasvihuoneiden-lisatarvikkeet","7":"product_shipping_class-vaike-pakk-fi","9":"first","10":"instock","11":"taxable","12":"shipping-taxable","13":"purchasable","14":"product-type-simple"},"acf":[],"_links":{"self":[{"href":"https:\/\/abpolar.ee\/fi\/wp-json\/wp\/v2\/product\/6455","targetHints":{"allow":["GET"]}}],"collection":[{"href":"https:\/\/abpolar.ee\/fi\/wp-json\/wp\/v2\/product"}],"about":[{"href":"https:\/\/abpolar.ee\/fi\/wp-json\/wp\/v2\/types\/product"}],"wp:featuredmedia":[{"embeddable":true,"href":"https:\/\/abpolar.ee\/fi\/wp-json\/wp\/v2\/media\/6442"}],"wp:attachment":[{"href":"https:\/\/abpolar.ee\/fi\/wp-json\/wp\/v2\/media?parent=6455"}],"wp:term":[{"taxonomy":"product_brand","embeddable":true,"href":"https:\/\/abpolar.ee\/fi\/wp-json\/wp\/v2\/product_brand?post=6455"},{"taxonomy":"product_cat","embeddable":true,"href":"https:\/\/abpolar.ee\/fi\/wp-json\/wp\/v2\/product_cat?post=6455"},{"taxonomy":"product_tag","embeddable":true,"href":"https:\/\/abpolar.ee\/fi\/wp-json\/wp\/v2\/product_tag?post=6455"}],"curies":[{"name":"wp","href":"https:\/\/api.w.org\/{rel}","templated":true}]}}