{"id":6481,"date":"2023-01-30T16:15:21","date_gmt":"2023-01-30T14:15:21","guid":{"rendered":"https:\/\/abpolar-ee.vserver.zonevs.eu\/?post_type=product&#038;p=6481"},"modified":"2025-08-24T21:46:54","modified_gmt":"2025-08-24T18:46:54","slug":"ankkuroinijarjrstelml-palram-kasvihuoneisiin","status":"publish","type":"product","link":"https:\/\/abpolar.ee\/fi\/ankkuroinijarjrstelml-palram-kasvihuoneisiin\/","title":{"rendered":"Ankkuroinij\u00e4rjrstelml PALRAM kasvihuoneisiin"},"content":{"rendered":"<h2>Ankkurointij\u00e4rjestelm\u00e4 PALRAM-kasvihuoneisiin<\/h2>\n<p>Palram-kasvihuoneen ankkurointij\u00e4rjestelm\u00e4 est\u00e4\u00e4 kasvihuoneen liikkumisen kovassakin tuulessa. J\u00e4rjestelm\u00e4 sis\u00e4lt\u00e4\u00e4 kaikki tarvittavat osat, joilla kasvihuone kiinnitet\u00e4\u00e4n tukevasti.<\/p>\n<p>Kasvihuone voidaan kiinnitt\u00e4\u00e4 esimerkiksi suoraan maahan tai terassilaudoitukseen. Ankkurointij\u00e4rjestelm\u00e4 tuo turvallisen olon, kun kasvihuonetta ei tarvitse etsi\u00e4 l\u00e4himaastosta seuraavan syysmyrskyn j\u00e4lkeen. Kasvihuoneen perustukseen kannattaa my\u00f6s kiinnitt\u00e4\u00e4 huomiota, niin varmistat kasvihuoneen pysymisen paikallaan.<\/p>\n<p>Olipa kasvihuoneesi sitten pihamaalla, nurmikolla tai terassilla, t\u00e4m\u00e4 j\u00e4rjestelm\u00e4 antaa sille tarvittavan vakauden. N\u00e4in voit keskitty\u00e4 t\u00e4rkeimp\u00e4\u00e4n \u2013 kasvien kasvattamiseen \u2013 ilman huolta kasvihuoneen liikkumisesta tai kaatumisesta.<\/p>\n<p>Kun haluat olla varma, ett\u00e4 kasvihuoneesi ja kasvisi pysyv\u00e4t paikallaan j\u00e4m\u00e4k\u00e4sti, hanki ankkurointij\u00e4rjestelm\u00e4!<\/p>\n","protected":false},"excerpt":{"rendered":"<p>Ankkurointij\u00e4rjestelm\u00e4 PALRAM-kasvihuoneisiin Palram-kasvihuoneen ankkurointij\u00e4rjestelm\u00e4 est\u00e4\u00e4 kasvihuoneen liikkumisen kovassakin tuulessa. J\u00e4rjestelm\u00e4 sis\u00e4lt\u00e4\u00e4 kaikki tarvittavat osat, joilla&#8230;<\/p>\n","protected":false},"featured_media":6474,"template":"","meta":{"_acf_changed":false,"inline_featured_image":false},"product_brand":[],"product_cat":[207],"product_tag":[],"class_list":{"0":"post-6481","1":"product","2":"type-product","3":"status-publish","4":"has-post-thumbnail","6":"product_cat-kasvihuoneiden-lisatarvikkeet","7":"product_shipping_class-vaike-pakk-fi","9":"first","10":"outofstock","11":"taxable","12":"shipping-taxable","13":"purchasable","14":"product-type-simple"},"acf":[],"_links":{"self":[{"href":"https:\/\/abpolar.ee\/fi\/wp-json\/wp\/v2\/product\/6481","targetHints":{"allow":["GET"]}}],"collection":[{"href":"https:\/\/abpolar.ee\/fi\/wp-json\/wp\/v2\/product"}],"about":[{"href":"https:\/\/abpolar.ee\/fi\/wp-json\/wp\/v2\/types\/product"}],"wp:featuredmedia":[{"embeddable":true,"href":"https:\/\/abpolar.ee\/fi\/wp-json\/wp\/v2\/media\/6474"}],"wp:attachment":[{"href":"https:\/\/abpolar.ee\/fi\/wp-json\/wp\/v2\/media?parent=6481"}],"wp:term":[{"taxonomy":"product_brand","embeddable":true,"href":"https:\/\/abpolar.ee\/fi\/wp-json\/wp\/v2\/product_brand?post=6481"},{"taxonomy":"product_cat","embeddable":true,"href":"https:\/\/abpolar.ee\/fi\/wp-json\/wp\/v2\/product_cat?post=6481"},{"taxonomy":"product_tag","embeddable":true,"href":"https:\/\/abpolar.ee\/fi\/wp-json\/wp\/v2\/product_tag?post=6481"}],"curies":[{"name":"wp","href":"https:\/\/api.w.org\/{rel}","templated":true}]}}