{"id":6589,"date":"2023-01-30T16:15:21","date_gmt":"2023-01-30T14:15:21","guid":{"rendered":"https:\/\/abpolar-ee.vserver.zonevs.eu\/?post_type=product&#038;p=6589"},"modified":"2023-02-28T11:59:19","modified_gmt":"2023-02-28T09:59:19","slug":"ovellinen-paviljonki-palram-3600-3-6x3-6m-harmaa","status":"publish","type":"product","link":"https:\/\/abpolar.ee\/fi\/ovellinen-paviljonki-palram-3600-3-6x3-6m-harmaa\/","title":{"rendered":"Ovellinen paviljonki Palram 3600, 3.6&#215;3.6m,  harmaa"},"content":{"rendered":"<h2 class=\"page-title\"><span class=\"base\" data-ui-id=\"page-title-wrapper\">Ovellinen paviljonki Palram 3600, 3.6&#215;3.6m, 13m\u00b2, harmaa<\/span><\/h2>\n<p>Rentoudu tyylikk\u00e4\u00e4ss\u00e4 ovellisessa Palram-Canopia Ledro 3600 -paviljongissa. Ledro-huvimajassa on s\u00e4\u00e4nkest\u00e4v\u00e4 rakenne ja se sopii t\u00e4ydellisesti erilaisiin pihaymp\u00e4rist\u00f6ihin. Paviljongissa on tukeva ja vahvistettu rakenne, jossa on lujatekoiset ja korroosionkest\u00e4v\u00e4t antrasiitinharmaaksi jauhemaalatut alumiiniprofiilit ja galvanoidut ter\u00e4sliitokset.<br \/>\nKaksi leve\u00e4\u00e4 tuplaliukuovea voidaan asentaa mille tahansa nelj\u00e4st\u00e4 sivusta. Kaksi oviaukkoa parantavat ilmanvaihtoa ja helpottavat kulkua. Liukuovet voidaan lukita avaimella. K\u00e4yt\u00e4nn\u00f6ss\u00e4 s\u00e4rkym\u00e4tt\u00f6m\u00e4t, 100-prosenttisesti UV-suojatut 6 mm:n kennorakenteiset polykarbonaattikattopaneelit suojaavat haitallisilta UV-s\u00e4teilt\u00e4, raekuuroilta ja lumelta. Pronssin v\u00e4riseksi s\u00e4vytetyt paneelit p\u00e4\u00e4st\u00e4v\u00e4t luonnonvaloa l\u00e4pi pilvisen\u00e4 p\u00e4iv\u00e4n\u00e4 ja tarjoavat riitt\u00e4v\u00e4sti varjostusta kuumina aurinkoisina p\u00e4ivin\u00e4.<br \/>\nKahden henkil\u00f6n on helppo asentaa paviljonki. Toimitukseen sis\u00e4ltyy valmiiksi esiasennetut ovet, esiporatut profiilit ja valmiiksi leikatut paneelit sek\u00e4 ruuvit.<\/p>\n<h4>TUOTTEEN MITAT:<\/h4>\n<ul>\n<li>Korkeus (cm): 295<\/li>\n<li>Leveys (cm): 360<\/li>\n<li>Syvyys (cm): 360<\/li>\n<li>Koko (m x m): 3,6 x 3,6 m<\/li>\n<li>Tuotteen paino (kg): 252,6<\/li>\n<\/ul>\n<h4>TUOTTEEN OMINAISUUDET:<\/h4>\n<ul>\n<li>V\u00e4ri: Harmaa<\/li>\n<li>Materiaali: Alumiini, Polykarbonaatti, Ter\u00e4s<\/li>\n<li>Materiaalin tarkenne: Jauhemaalatut alumiiniprofiilit, galvanoidut ter\u00e4sliitokset, kattopaneelit polykarbonaattia<\/li>\n<li>Takuuaika: 10 vuotta<\/li>\n<li>Kattopaneelien v\u00e4ri: Pronssi<\/li>\n<li>Oven mitat: 121 x 203 cm<\/li>\n<li>Pinta-ala: 13 m2<\/li>\n<li>Tilavuus: 27.4 m3<\/li>\n<li>Tuulenkest\u00e4vyys: 90 km\/h<\/li>\n<li>Valonl\u00e4p\u00e4isy: 15 %<\/li>\n<li>Lumikuorma: 100 kg\/m2<\/li>\n<li>Tyylik\u00e4s tuuletusaukko<\/li>\n<li>Iskunkest\u00e4v\u00e4t, kirkkaat akryylisein\u00e4paneelit<\/li>\n<li>Sis\u00e4lt\u00e4\u00e4 r\u00e4yst\u00e4skourut ja -putket<\/li>\n<li>Avaimella lukittavat ovet<\/li>\n<li>Tyylik\u00e4s ja kest\u00e4v\u00e4 rakenne<\/li>\n<\/ul>\n<p>&nbsp;<\/p>\n<p><a href=\"https:\/\/abpolar.ee\/wp-content\/uploads\/2023\/01\/Ovellinen-paviljonki-Palram-3600-3.6x3.6m-13m\u00b2-harmaa-ohje.pdf\">Ovellinen paviljonki Palram 3600, 3.6&#215;3.6m, 13m\u00b2, harmaa ohje<\/a><\/p>\n","protected":false},"excerpt":{"rendered":"<p>Ovellinen paviljonki Palram 3600, 3.6&#215;3.6m, 13m\u00b2, harmaa Rentoudu tyylikk\u00e4\u00e4ss\u00e4 ovellisessa Palram-Canopia Ledro 3600 -paviljongissa. Ledro-huvimajassa&#8230;<\/p>\n","protected":false},"featured_media":6583,"template":"","meta":{"_acf_changed":false,"inline_featured_image":false},"product_brand":[],"product_cat":[220,212],"product_tag":[],"class_list":{"0":"post-6589","1":"product","2":"type-product","3":"status-publish","4":"has-post-thumbnail","6":"product_cat-piha","7":"product_cat-puutarhakatokset","9":"first","10":"instock","11":"sale","12":"taxable","13":"shipping-taxable","14":"purchasable","15":"product-type-simple"},"acf":[],"_links":{"self":[{"href":"https:\/\/abpolar.ee\/fi\/wp-json\/wp\/v2\/product\/6589","targetHints":{"allow":["GET"]}}],"collection":[{"href":"https:\/\/abpolar.ee\/fi\/wp-json\/wp\/v2\/product"}],"about":[{"href":"https:\/\/abpolar.ee\/fi\/wp-json\/wp\/v2\/types\/product"}],"wp:featuredmedia":[{"embeddable":true,"href":"https:\/\/abpolar.ee\/fi\/wp-json\/wp\/v2\/media\/6583"}],"wp:attachment":[{"href":"https:\/\/abpolar.ee\/fi\/wp-json\/wp\/v2\/media?parent=6589"}],"wp:term":[{"taxonomy":"product_brand","embeddable":true,"href":"https:\/\/abpolar.ee\/fi\/wp-json\/wp\/v2\/product_brand?post=6589"},{"taxonomy":"product_cat","embeddable":true,"href":"https:\/\/abpolar.ee\/fi\/wp-json\/wp\/v2\/product_cat?post=6589"},{"taxonomy":"product_tag","embeddable":true,"href":"https:\/\/abpolar.ee\/fi\/wp-json\/wp\/v2\/product_tag?post=6589"}],"curies":[{"name":"wp","href":"https:\/\/api.w.org\/{rel}","templated":true}]}}