{"id":6662,"date":"2023-01-30T16:15:20","date_gmt":"2023-01-30T14:15:20","guid":{"rendered":"https:\/\/abpolar-ee.vserver.zonevs.eu\/?post_type=product&#038;p=6662"},"modified":"2023-02-28T12:00:46","modified_gmt":"2023-02-28T10:00:46","slug":"ovellinen-paviljonki-palram-4300-295x430m-harmaa","status":"publish","type":"product","link":"https:\/\/abpolar.ee\/fi\/ovellinen-paviljonki-palram-4300-295x430m-harmaa\/","title":{"rendered":"Ovellinen paviljonki Palram 4300, 295\u00d7430m, harmaa"},"content":{"rendered":"<h2>Ovellinen paviljonki Palram 4300, 295\u00d7430m, harmaa<\/h2>\n<p>Rentoudu tyylikk\u00e4\u00e4ss\u00e4 ovellisessa Palram-Canopia Ledro 4300 -paviljongissa. Ledro-huvimajassa on s\u00e4\u00e4nkest\u00e4v\u00e4 rakenne ja se sopii t\u00e4ydellisesti erilaisiin pihaymp\u00e4rist\u00f6ihin. Paviljongissa on tukeva ja vahvistettu rakenne, jossa on lujatekoiset ja korroosionkest\u00e4v\u00e4t antrasiitinharmaaksi jauhemaalatut alumiiniprofiilit ja galvanoidut ter\u00e4sliitokset.<br \/>\nKaksi leve\u00e4\u00e4 tuplaliukuovea voidaan asentaa mille tahansa nelj\u00e4st\u00e4 sivusta. Kaksi oviaukkoa parantavat ilmanvaihtoa ja helpottavat kulkua. Liukuovet voidaan lukita avaimella. K\u00e4yt\u00e4nn\u00f6ss\u00e4 s\u00e4rkym\u00e4tt\u00f6m\u00e4t, 100-prosenttisesti UV-suojatut 6 mm:n kennorakenteiset polykarbonaattikattopaneelit suojaavat haitallisilta UV-s\u00e4teilt\u00e4, raekuuroilta ja lumelta. Pronssin v\u00e4riseksi s\u00e4vytetyt paneelit p\u00e4\u00e4st\u00e4v\u00e4t luonnonvaloa l\u00e4pi pilvisen\u00e4 p\u00e4iv\u00e4n\u00e4 ja tarjoavat riitt\u00e4v\u00e4sti varjostusta kuumina aurinkoisina p\u00e4ivin\u00e4.<br \/>\nKahden henkil\u00f6n on helppo asentaa paviljonki. Toimitukseen sis\u00e4ltyy valmiiksi esiasennetut ovet, esiporatut profiilit ja valmiiksi leikatut paneelit sek\u00e4 ruuvit.<\/p>\n<h4>TUOTTEEN MITAT:<\/h4>\n<ul>\n<li>Korkeus (cm): 274,5<\/li>\n<li>Leveys (cm): 295,5<\/li>\n<li>Syvyys (cm): 430<\/li>\n<li>Koko (m x m): 2,95 x 4,3 m<\/li>\n<\/ul>\n<p>TUOTTEEN OMINAISUUDET:<\/p>\n<ul>\n<li>V\u00e4ri: Harmaa<\/li>\n<li>Materiaali: Alumiini, Polykarbonaatti, Ter\u00e4s<\/li>\n<li>Materiaalin tarkenne: Jauhemaalatut alumiiniprofiilit, galvanoidut ter\u00e4sliitokset, kattopaneelit polykarbonaattia<\/li>\n<li>Takuuaika: 10 vuotta<\/li>\n<li>Kattopaneelien v\u00e4ri: Pronssi<\/li>\n<li>Oven mitat: 121 x 203 cm<\/li>\n<li>Pinta-ala: 12,6 m2<\/li>\n<li>Tuulenkest\u00e4vyys: 90 km\/h<\/li>\n<li>Valonl\u00e4p\u00e4isy: 15 %<\/li>\n<li>Lumikuorma: 100 kg\/m2<\/li>\n<li>Tyylik\u00e4s tuuletusaukko<\/li>\n<li>Iskunkest\u00e4v\u00e4t, kirkkaat akryylisein\u00e4paneelit<\/li>\n<li>Sis\u00e4lt\u00e4\u00e4 r\u00e4yst\u00e4skourut ja -putket<\/li>\n<li>Avaimella lukittavat ovet<\/li>\n<li>Tyylik\u00e4s ja kest\u00e4v\u00e4 rakenne<\/li>\n<\/ul>\n<p>&nbsp;<\/p>\n<p><a href=\"https:\/\/abpolar.ee\/wp-content\/uploads\/2023\/01\/Aiapaviljon-Palram-Ledro4300-HALL-295x430cm-ohje.pdf\">Aiapaviljon Palram Ledro4300 HALL 295x430cm ohje<\/a><\/p>\n","protected":false},"excerpt":{"rendered":"<p>Ovellinen paviljonki Palram 4300, 295\u00d7430m, harmaa Rentoudu tyylikk\u00e4\u00e4ss\u00e4 ovellisessa Palram-Canopia Ledro 4300 -paviljongissa. Ledro-huvimajassa on&#8230;<\/p>\n","protected":false},"featured_media":6649,"template":"","meta":{"_acf_changed":false,"inline_featured_image":false},"product_brand":[],"product_cat":[220,212],"product_tag":[],"class_list":{"0":"post-6662","1":"product","2":"type-product","3":"status-publish","4":"has-post-thumbnail","6":"product_cat-piha","7":"product_cat-puutarhakatokset","9":"first","10":"instock","11":"sale","12":"taxable","13":"shipping-taxable","14":"purchasable","15":"product-type-simple"},"acf":[],"_links":{"self":[{"href":"https:\/\/abpolar.ee\/fi\/wp-json\/wp\/v2\/product\/6662","targetHints":{"allow":["GET"]}}],"collection":[{"href":"https:\/\/abpolar.ee\/fi\/wp-json\/wp\/v2\/product"}],"about":[{"href":"https:\/\/abpolar.ee\/fi\/wp-json\/wp\/v2\/types\/product"}],"wp:featuredmedia":[{"embeddable":true,"href":"https:\/\/abpolar.ee\/fi\/wp-json\/wp\/v2\/media\/6649"}],"wp:attachment":[{"href":"https:\/\/abpolar.ee\/fi\/wp-json\/wp\/v2\/media?parent=6662"}],"wp:term":[{"taxonomy":"product_brand","embeddable":true,"href":"https:\/\/abpolar.ee\/fi\/wp-json\/wp\/v2\/product_brand?post=6662"},{"taxonomy":"product_cat","embeddable":true,"href":"https:\/\/abpolar.ee\/fi\/wp-json\/wp\/v2\/product_cat?post=6662"},{"taxonomy":"product_tag","embeddable":true,"href":"https:\/\/abpolar.ee\/fi\/wp-json\/wp\/v2\/product_tag?post=6662"}],"curies":[{"name":"wp","href":"https:\/\/api.w.org\/{rel}","templated":true}]}}