{"id":6849,"date":"2023-01-30T16:15:24","date_gmt":"2023-01-30T14:15:24","guid":{"rendered":"https:\/\/abpolar-ee.vserver.zonevs.eu\/?post_type=product&#038;p=6849"},"modified":"2025-09-27T22:06:55","modified_gmt":"2025-09-27T19:06:55","slug":"portti-tolppa-portille-elegant","status":"publish","type":"product","link":"https:\/\/abpolar.ee\/fi\/portti-tolppa-portille-elegant\/","title":{"rendered":"Portti tolppa portille Elegant\/Lux"},"content":{"rendered":"<h2>Portin tolppa Elegant\/Lux-portille<\/h2>\n<p>Portin tolppa sopii Elegant- tai Lux-porttien asennukseen.<\/p>\n<ul>\n<li>Koko 80x80x3 mm<\/li>\n<li>Korkeus 2000 mm<\/li>\n<li>Pintapinnoite: kuumasinkki + Ral-jauhemaali (valitse v\u00e4ri itse)<\/li>\n<li>Sis\u00e4lt\u00e4\u00e4 kansitulpan<\/li>\n<li>Hanki lis\u00e4ksi saranat.<\/li>\n<\/ul>\n<p>Elementeist\u00e4 rakennettu metalliaita ja siihen sopiva portti luovat kotiin ja pihapiiriin viimeistellyn ja arvokkaan tyylin. Aita rajaa pihan ja portti kutsuu kyl\u00e4\u00e4n. Jauhemaalatun ja sinkityn aidan pinta on sile\u00e4 ja turvallinen.<\/p>\n<p>Kun haluat naapurustosi tyylikk\u00e4imm\u00e4n aidan, kannattaa hankkia metalliaita!<\/p>\n<p>Laske ensin aidattavan alueen koko.<\/p>\n<p>Kuinka monta elementti\u00e4, tolppaa ja kiinnikett\u00e4 tarvitset?<\/p>\n<p>Huomioi my\u00f6s valitsemasi portin koko.<\/p>\n<p>Sen j\u00e4lkeen pyyd\u00e4 meilt\u00e4 tarjous!<\/p>\n","protected":false},"excerpt":{"rendered":"<p>Portin tolppa Elegant\/Lux-portille Portin tolppa sopii Elegant- tai Lux-porttien asennukseen. Koko 80x80x3 mm Korkeus 2000&#8230;<\/p>\n","protected":false},"featured_media":6459,"template":"","meta":{"_acf_changed":false,"inline_featured_image":false},"product_brand":[],"product_cat":[187,200,192],"product_tag":[],"class_list":{"0":"post-6849","1":"product","2":"type-product","3":"status-publish","4":"has-post-thumbnail","6":"product_cat-aidat-ja-portit","7":"product_cat-aitatolpat","8":"product_cat-metalliaidat","9":"product_shipping_class-vaike-pakk-fi","11":"first","12":"instock","13":"taxable","14":"shipping-taxable","15":"purchasable","16":"product-type-simple"},"acf":[],"_links":{"self":[{"href":"https:\/\/abpolar.ee\/fi\/wp-json\/wp\/v2\/product\/6849","targetHints":{"allow":["GET"]}}],"collection":[{"href":"https:\/\/abpolar.ee\/fi\/wp-json\/wp\/v2\/product"}],"about":[{"href":"https:\/\/abpolar.ee\/fi\/wp-json\/wp\/v2\/types\/product"}],"wp:featuredmedia":[{"embeddable":true,"href":"https:\/\/abpolar.ee\/fi\/wp-json\/wp\/v2\/media\/6459"}],"wp:attachment":[{"href":"https:\/\/abpolar.ee\/fi\/wp-json\/wp\/v2\/media?parent=6849"}],"wp:term":[{"taxonomy":"product_brand","embeddable":true,"href":"https:\/\/abpolar.ee\/fi\/wp-json\/wp\/v2\/product_brand?post=6849"},{"taxonomy":"product_cat","embeddable":true,"href":"https:\/\/abpolar.ee\/fi\/wp-json\/wp\/v2\/product_cat?post=6849"},{"taxonomy":"product_tag","embeddable":true,"href":"https:\/\/abpolar.ee\/fi\/wp-json\/wp\/v2\/product_tag?post=6849"}],"curies":[{"name":"wp","href":"https:\/\/api.w.org\/{rel}","templated":true}]}}