{"id":6957,"date":"2023-01-30T16:15:24","date_gmt":"2023-01-30T14:15:24","guid":{"rendered":"https:\/\/abpolar-ee.vserver.zonevs.eu\/?post_type=product&#038;p=6957"},"modified":"2025-09-17T21:09:40","modified_gmt":"2025-09-17T18:09:40","slug":"metalliaidan-portti-elegant-lux-kiinnitys-asetettu-kivitolppaan","status":"publish","type":"product","link":"https:\/\/abpolar.ee\/fi\/metalliaidan-portti-elegant-lux-kiinnitys-asetettu-kivitolppaan\/","title":{"rendered":"Metalliaidan portti Elegant\/Lux -kiinnitys asetettu kivitolppaan"},"content":{"rendered":"<h2>Elegant\/Lux-portin kiinnityssarja kivitolppaan<\/h2>\n<p>Kun ostat ELEGANT- tai LUX-portin, muista hankkia my\u00f6s kiinnityssarja.<\/p>\n<p>T\u00e4m\u00e4 sarja on tarkoitettu tilanteisiin, joissa portti asennetaan kivitolppaan. K\u00e4yntiporttiin tarvitaan 1 sarja, ajoporttiin 2 sarjaa.<\/p>\n<p><strong>Sarja sis\u00e4lt\u00e4\u00e4:<\/strong><\/p>\n<ul>\n<li>S\u00e4\u00e4dett\u00e4v\u00e4t saranakiinnikkeet 2 kpl<\/li>\n<li>Saranan kiinnitystarvikkeet kivitolppaan 2 kpl<\/li>\n<li>15\u00d715 mm muovitulppia 16 kpl<\/li>\n<li>40\u00d760 mm muovitulppia 2 kpl<\/li>\n<\/ul>\n<p>Elementeist\u00e4 rakennettu metalliaita ja siihen sopiva portti luovat kotiin ja pihapiiriin viimeistellyn ja arvokkaan tyylin. Aita rajaa pihan ja portti kutsuu kyl\u00e4\u00e4n. Jauhemaalatun ja sinkityn aidan pinta on sile\u00e4 ja turvallinen.<\/p>\n<p>Kun haluat naapurustosi tyylikk\u00e4imm\u00e4n aidan, kannattaa hankkia metalliaita!<\/p>\n<p>Laske ensin aidattavan alueen koko.<\/p>\n<p>Kuinka monta elementti\u00e4, tolppaa, kiinnikett\u00e4 ja kiinnityssarjaa tarvitset?<\/p>\n<p>Huomioi my\u00f6s valitsemasi portin koko.<\/p>\n<p><strong>Sen j\u00e4lkeen pyyd\u00e4 meilt\u00e4 tarjous!<\/strong><\/p>\n","protected":false},"excerpt":{"rendered":"<p>Elegant\/Lux-portin kiinnityssarja kivitolppaan Kun ostat ELEGANT- tai LUX-portin, muista hankkia my\u00f6s kiinnityssarja. T\u00e4m\u00e4 sarja on&#8230;<\/p>\n","protected":false},"featured_media":6929,"template":"","meta":{"_acf_changed":false,"inline_featured_image":false},"product_brand":[],"product_cat":[187,192],"product_tag":[],"class_list":{"0":"post-6957","1":"product","2":"type-product","3":"status-publish","4":"has-post-thumbnail","6":"product_cat-aidat-ja-portit","7":"product_cat-metalliaidat","8":"product_shipping_class-vaike-pakk-fi","10":"first","11":"instock","12":"taxable","13":"shipping-taxable","14":"purchasable","15":"product-type-simple"},"acf":[],"_links":{"self":[{"href":"https:\/\/abpolar.ee\/fi\/wp-json\/wp\/v2\/product\/6957","targetHints":{"allow":["GET"]}}],"collection":[{"href":"https:\/\/abpolar.ee\/fi\/wp-json\/wp\/v2\/product"}],"about":[{"href":"https:\/\/abpolar.ee\/fi\/wp-json\/wp\/v2\/types\/product"}],"wp:featuredmedia":[{"embeddable":true,"href":"https:\/\/abpolar.ee\/fi\/wp-json\/wp\/v2\/media\/6929"}],"wp:attachment":[{"href":"https:\/\/abpolar.ee\/fi\/wp-json\/wp\/v2\/media?parent=6957"}],"wp:term":[{"taxonomy":"product_brand","embeddable":true,"href":"https:\/\/abpolar.ee\/fi\/wp-json\/wp\/v2\/product_brand?post=6957"},{"taxonomy":"product_cat","embeddable":true,"href":"https:\/\/abpolar.ee\/fi\/wp-json\/wp\/v2\/product_cat?post=6957"},{"taxonomy":"product_tag","embeddable":true,"href":"https:\/\/abpolar.ee\/fi\/wp-json\/wp\/v2\/product_tag?post=6957"}],"curies":[{"name":"wp","href":"https:\/\/api.w.org\/{rel}","templated":true}]}}