{"id":6965,"date":"2023-01-30T16:15:22","date_gmt":"2023-01-30T14:15:22","guid":{"rendered":"https:\/\/abpolar-ee.vserver.zonevs.eu\/?post_type=product&#038;p=6965"},"modified":"2025-09-27T22:04:13","modified_gmt":"2025-09-27T19:04:13","slug":"matalliaidan-elegant-lux-asennussarja-kiinikeet","status":"publish","type":"product","link":"https:\/\/abpolar.ee\/fi\/matalliaidan-elegant-lux-asennussarja-kiinikeet\/","title":{"rendered":"Matalliaidan Elegant\/Lux -asennussarja (kiinikeet)"},"content":{"rendered":"<h2>Elegant\/Lux-metalliaidan kiinnikkeet<\/h2>\n<p>Elegant tai Lux -metalliaidanelementin kiinnikkeet on suunniteltu kiinnitt\u00e4m\u00e4\u00e4n elementit metalli-, kivi- ja tiilitolppiin.<\/p>\n<h3>Pakkaus sis\u00e4lt\u00e4\u00e4<\/h3>\n<ul>\n<li>4 kiinnikett\u00e4<\/li>\n<li>4 itsekiertyv\u00e4\u00e4 ruuvia metallitolppaan<\/li>\n<li>23 kpl 15\u00d715 mm p\u00e4\u00e4tytulppaa aitaelementtiin.<\/li>\n<\/ul>\n<p>Elementeist\u00e4 rakennettu metalliaita ja siihen sopiva portti luovat kotiin ja pihapiiriin viimeistellyn ja arvokkaan tyylin. Aita rajaa pihan ja portti kutsuu kyl\u00e4\u00e4n. Jauhemaalatun ja sinkityn aidan pinta on sile\u00e4 ja turvallinen.<\/p>\n<p>Kun haluat naapurustosi tyylikk\u00e4imm\u00e4n aidan, kannattaa hankkia metalliaita!<\/p>\n<p>Laske ensin aidattavan alueen koko.<\/p>\n<p>Kuinka monta elementti\u00e4, tolppaa ja kiinnikett\u00e4 tarvitset?<\/p>\n<p>Huomioi my\u00f6s valitsemasi portin koko.<\/p>\n<p>Sen j\u00e4lkeen pyyd\u00e4 meilt\u00e4 tarjous!<\/p>\n<h3>Kiinnitysklipsij\u00e4rjestelm\u00e4n edut<\/h3>\n<ul>\n<li>Helppo ja nopea asennustapa<\/li>\n<li>Mahdollisuus katkaista aitaelementit tarvittavaan mittaan. Leikkauskohta j\u00e4\u00e4 asennettaessa kiinnikkeen sis\u00e4\u00e4n piiloon, mik\u00e4 takaa siistin ja kauniin liitoksen tolpan ja elementin v\u00e4lill\u00e4.<\/li>\n<li>Mahdollistaa aitaelementtien asentamisen maaston mukaan, esimerkiksi porrastettuna yl\u00e4m\u00e4keen tai alam\u00e4keen.<br \/>\nKlipsi on tarkoitettu suorien aitaosuuksien asentamiseen.<\/li>\n<li>Kulmaklipsin (vasen tai oikea) avulla voidaan tarvittaessa asentaa aitaelementti jopa 30 asteen kulmaan.<\/li>\n<li>Klipsij\u00e4rjestelm\u00e4 on sinkitty ja jauhemaalattu RAL-v\u00e4ris\u00e4vyn mukaan (valitse v\u00e4ri itse).<\/li>\n<li>Klipsin kiinnitykseen k\u00e4ytett\u00e4v\u00e4t itsekiertyv\u00e4t ruuvit ja s\u00e4\u00e4t\u00f6ruuvit ovat ruostumatonta ter\u00e4st\u00e4, mik\u00e4 takaa parhaan mahdollisen korroosiosuojan.<\/li>\n<li>Jotta asennus sujuisi helposti, on kiinnitett\u00e4v\u00e4 erityist\u00e4 huomiota tolpille m\u00e4\u00e4riteltyyn tarkkaan v\u00e4limittaan. Suosittelemme k\u00e4ytt\u00e4m\u00e4\u00e4n asennuksessa apuna puista listaa, jonka pituus vastaa tarvittavaa tolppav\u00e4li\u00e4. N\u00e4in voidaan v\u00e4ltt\u00e4\u00e4 virheet tolppien asennuksessa.<\/li>\n<li>T\u00e4ysimittaiselle aitaelementin (pituus 2455 mm) tolppien v\u00e4li ei saa koskaan ylitt\u00e4\u00e4 2475 mm \u00b1 10 mm!<\/li>\n<li>Jos elementtej\u00e4 lyhennet\u00e4\u00e4n, on huolehdittava, ett\u00e4 vaakasuoralle s\u00e4leelle j\u00e4\u00e4 tarpeeksi liikkumavaraa kiinnitysklipsiss\u00e4 (Katso asennuskaavio!)<\/li>\n<\/ul>\n","protected":false},"excerpt":{"rendered":"<p>Elegant\/Lux-metalliaidan kiinnikkeet Elegant tai Lux -metalliaidanelementin kiinnikkeet on suunniteltu kiinnitt\u00e4m\u00e4\u00e4n elementit metalli-, kivi- ja tiilitolppiin&#8230;.<\/p>\n","protected":false},"featured_media":6932,"template":"","meta":{"_acf_changed":false,"inline_featured_image":false},"product_brand":[],"product_cat":[187,192],"product_tag":[],"class_list":{"0":"post-6965","1":"product","2":"type-product","3":"status-publish","4":"has-post-thumbnail","6":"product_cat-aidat-ja-portit","7":"product_cat-metalliaidat","9":"first","10":"instock","11":"taxable","12":"shipping-taxable","13":"purchasable","14":"product-type-simple"},"acf":[],"_links":{"self":[{"href":"https:\/\/abpolar.ee\/fi\/wp-json\/wp\/v2\/product\/6965","targetHints":{"allow":["GET"]}}],"collection":[{"href":"https:\/\/abpolar.ee\/fi\/wp-json\/wp\/v2\/product"}],"about":[{"href":"https:\/\/abpolar.ee\/fi\/wp-json\/wp\/v2\/types\/product"}],"wp:featuredmedia":[{"embeddable":true,"href":"https:\/\/abpolar.ee\/fi\/wp-json\/wp\/v2\/media\/6932"}],"wp:attachment":[{"href":"https:\/\/abpolar.ee\/fi\/wp-json\/wp\/v2\/media?parent=6965"}],"wp:term":[{"taxonomy":"product_brand","embeddable":true,"href":"https:\/\/abpolar.ee\/fi\/wp-json\/wp\/v2\/product_brand?post=6965"},{"taxonomy":"product_cat","embeddable":true,"href":"https:\/\/abpolar.ee\/fi\/wp-json\/wp\/v2\/product_cat?post=6965"},{"taxonomy":"product_tag","embeddable":true,"href":"https:\/\/abpolar.ee\/fi\/wp-json\/wp\/v2\/product_tag?post=6965"}],"curies":[{"name":"wp","href":"https:\/\/api.w.org\/{rel}","templated":true}]}}