{"id":7054,"date":"2023-02-22T15:06:10","date_gmt":"2023-02-22T13:06:10","guid":{"rendered":"https:\/\/abpolar-ee.vserver.zonevs.eu\/?post_type=product&#038;p=7054"},"modified":"2025-09-17T21:14:03","modified_gmt":"2025-09-17T18:14:03","slug":"metalliaita-elementti-lux","status":"publish","type":"product","link":"https:\/\/abpolar.ee\/fi\/metalliaita-elementti-lux\/","title":{"rendered":"Metalliaidan elementti Lux"},"content":{"rendered":"<h2>Metalliaidan elementti Lux<\/h2>\n<p>Elementeist\u00e4 rakennettu metalliaita luo kotiin ja pihapiiriin viimeistellyn ja arvokkaan tyylin. Aita rajaa pihan ja portti kutsuu kyl\u00e4\u00e4n. Jauhemaalatun ja sinkityn aidan pinta on sile\u00e4 ja turvallinen.<\/p>\n<p>Korkealaatuiset osat on valmistettu kest\u00e4v\u00e4st\u00e4 ter\u00e4ksest\u00e4. Aita on korroosionkest\u00e4v\u00e4, vahva ja l\u00e4hes huoltovapaa. Tolpissa on rei\u00e4t valmiiksi oikeilla kohdilla elementin kiinnitt\u00e4mist\u00e4 varten.<\/p>\n<p>AB Polar -metalliaidat rajaavat ja turvaavat kotisi tyylikk\u00e4\u00e4ll\u00e4 tavalla. Ne kest\u00e4v\u00e4t moitteettomassa kunnossa vuosikymmenien ajan, ilman tarvetta suurille huoltot\u00f6ille. Metalliaita luo tontille arvokkaan tunnelman, mutta tulee kustannuksiltaan edullisemmaksi kuin kallis takorauta-aita.<\/p>\n<p>Aidan rakentaminen elementeist\u00e4 onnistuu nopeasti ja helposti. Elementtien lis\u00e4ksi tarvitset metalliaidan rakentamiseen seuraavat tuotteet: aitatolpat, metalliaidan kiinnikkeet ja portin (ajoportin tai k\u00e4yntiportin).<\/p>\n<p>Ajoporttia varten on saatavilla my\u00f6s k\u00e4tev\u00e4 porttiautomatiikkakoneisto, joka avaa portin automaattisesti kaukos\u00e4\u00e4timen avulla. En\u00e4\u00e4 ei tarvitse nousta autosta avaamaan porttia!<\/p>\n<p>Kun haluat naapurustosi tyylikk\u00e4imm\u00e4n aidan, kannattaa hankkia metalliaita!<\/p>\n<p>Laske ensin aidattavan alueen koko.<\/p>\n<p>Kuinka monta elementti\u00e4, tolppaa ja kiinnikett\u00e4 tarvitset?<\/p>\n<p>Huomioi my\u00f6s valitsemasi portin koko.<\/p>\n<p><strong>Sen j\u00e4lkeen pyyd\u00e4 meilt\u00e4 tarjous!<\/strong><\/p>\n<ul>\n<li>Korkeus: 0,93 m, 1,13 m, 1,43 m<\/li>\n<li>Pituus: 2,455 m<\/li>\n<li>Pystyosat: 15x15x1 mm<\/li>\n<li>Vaakaosat: 25x40x2mm<\/li>\n<li>Pystypinnojen v\u00e4li: 89 mm (+\/-3 mm)<\/li>\n<li>Pintapinnoite: kuumasinkki + Ral-jauhemaali (valitse v\u00e4ri itse)<\/li>\n<li>Elementti sopii yhteen Elegant\/Lux-kiinnikkeiden kanssa.<\/li>\n<\/ul>\n<p><strong>HUOM!<\/strong> Ei varastotuote. Tilausaika 3-4 viikkoa<br \/>\nMuista ilmoittaa v\u00e4ri tilauksen yhteydess\u00e4.<\/p>\n","protected":false},"excerpt":{"rendered":"<p>Metalliaidan elementti Lux Elementeist\u00e4 rakennettu metalliaita luo kotiin ja pihapiiriin viimeistellyn ja arvokkaan tyylin. Aita&#8230;<\/p>\n","protected":false},"featured_media":7022,"template":"","meta":{"_acf_changed":false,"inline_featured_image":false},"product_brand":[],"product_cat":[187,585,192],"product_tag":[],"class_list":{"0":"post-7054","1":"product","2":"type-product","3":"status-publish","4":"has-post-thumbnail","6":"product_cat-aidat-ja-portit","7":"product_cat-aitapaneelit","8":"product_cat-metalliaidat","10":"first","11":"instock","12":"taxable","13":"shipping-taxable","14":"purchasable","15":"product-type-variable"},"acf":[],"_links":{"self":[{"href":"https:\/\/abpolar.ee\/fi\/wp-json\/wp\/v2\/product\/7054","targetHints":{"allow":["GET"]}}],"collection":[{"href":"https:\/\/abpolar.ee\/fi\/wp-json\/wp\/v2\/product"}],"about":[{"href":"https:\/\/abpolar.ee\/fi\/wp-json\/wp\/v2\/types\/product"}],"wp:featuredmedia":[{"embeddable":true,"href":"https:\/\/abpolar.ee\/fi\/wp-json\/wp\/v2\/media\/7022"}],"wp:attachment":[{"href":"https:\/\/abpolar.ee\/fi\/wp-json\/wp\/v2\/media?parent=7054"}],"wp:term":[{"taxonomy":"product_brand","embeddable":true,"href":"https:\/\/abpolar.ee\/fi\/wp-json\/wp\/v2\/product_brand?post=7054"},{"taxonomy":"product_cat","embeddable":true,"href":"https:\/\/abpolar.ee\/fi\/wp-json\/wp\/v2\/product_cat?post=7054"},{"taxonomy":"product_tag","embeddable":true,"href":"https:\/\/abpolar.ee\/fi\/wp-json\/wp\/v2\/product_tag?post=7054"}],"curies":[{"name":"wp","href":"https:\/\/api.w.org\/{rel}","templated":true}]}}