{"id":7058,"date":"2023-02-22T15:06:11","date_gmt":"2023-02-22T13:06:11","guid":{"rendered":"https:\/\/abpolar-ee.vserver.zonevs.eu\/?post_type=product&#038;p=7058"},"modified":"2025-09-27T22:13:23","modified_gmt":"2025-09-27T19:13:23","slug":"metalliaidan-kayntiportti-lux","status":"publish","type":"product","link":"https:\/\/abpolar.ee\/fi\/metalliaidan-kayntiportti-lux\/","title":{"rendered":"Metalliaidan k\u00e4yntiportti Lux"},"content":{"rendered":"<h2>Metalliaidan k\u00e4yntiportti Lux<\/h2>\n<p>Elementeist\u00e4 rakennettu metalliaita ja siihen sopiva k\u00e4yntiportti luovat kotiin ja pihapiiriin viimeistellyn ja arvokkaan tyylin. Aita rajaa pihan ja k\u00e4yntiportti kutsuu kyl\u00e4\u00e4n.<\/p>\n<p>Jauhemaalatun ja sinkityn aidan pinta on sile\u00e4 ja turvallinen. K\u00e4yt\u00e4mme k\u00e4yntiporteissa korkealaatuista ruostumatonta Locinox Fiftyset -lukkosarjaa (katso kuva).<\/p>\n<p>Aidan rakentaminen elementeist\u00e4 onnistuu nopeasti ja helposti. Elementtien lis\u00e4ksi tarvitset metalliaidan rakentamiseen seuraavat tuotteet: aitatolpat, metalliaidan kiinnikkeet ja portin (ajoportin tai k\u00e4yntiportin).<\/p>\n<p>Ajoporttia varten on saatavilla my\u00f6s k\u00e4tev\u00e4 porttiautomatiikkakoneisto, joka avaa portin automaattisesti kaukos\u00e4\u00e4timen avulla. En\u00e4\u00e4 ei tarvitse nousta autosta avaamaan porttia!<\/p>\n<p>Kun haluat naapurustosi tyylikk\u00e4imm\u00e4n aidan, kannattaa hankkia metalliaita!<\/p>\n<p>Laske ensin aidattavan alueen koko.<\/p>\n<p>Kuinka monta elementti\u00e4, tolppaa ja kiinnikett\u00e4 tarvitset?<\/p>\n<p>Huomioi my\u00f6s valitsemasi portin koko.<\/p>\n<p>Sen j\u00e4lkeen pyyd\u00e4 meilt\u00e4 tarjous!<\/p>\n<ul>\n<li>Korkeus: 0,93 m, 1,13 m, 1,43 m<\/li>\n<li>Rungon leveys on 0,9 m. Asennettujen tolppien v\u00e4lisen et\u00e4isyyden tulee olla 1 m<\/li>\n<li>Pystyosat: 15x15x1,0 mm<\/li>\n<li>Portin runko: 60x40x2 mm<\/li>\n<li>Pystypalkkien v\u00e4linen et\u00e4isyys on 89mm (+\/-2 mm)<\/li>\n<li>Pintapinnoite: kuumasinkki + Ral-jauhemaali (valitse v\u00e4ri itse)<\/li>\n<li>Saranoita on kahta tyyppi\u00e4 (metallitolppaan tai kivitolppaan tarkoitettu), osta erikseen<\/li>\n<li>K\u00e4yntiportin hintaan sis\u00e4ltyy: metallinen k\u00e4yntiportti, muoviset peitetulpat tankojen p\u00e4ihin ja putkirunkoon, Locinox Fiftyset -lukkosarja (lukkorunko, lukko kolmella avaimella, peitelevyt itsekiertyvill\u00e4 kiinnitysruuveilla, alumiininen portin kahva, lukon vastarauta tolppaan.<\/li>\n<li><strong>Portin hinta ei sis\u00e4ll\u00e4:<\/strong> Portin tolpat, portin saranat (joko metalli- tai kivitolppaan) &#8211; hanki erikseen.<\/li>\n<\/ul>\n<p>HUOM! Ei varastotuote. <strong>Tilausaika 3-4 viikkoa.<\/strong><br \/>\nMuista ilmoittaa v\u00e4ri tilauksen yhteydess\u00e4.<\/p>\n<p>Asenna portti tolppiin vasta, kun olet kiinnitt\u00e4nyt tolpat betoniin. N\u00e4in voit s\u00e4\u00e4t\u00e4\u00e4 saranoiden paikkaa tolpassa tarvittaessa siten, ett\u00e4 maanpinnan ja portin v\u00e4liin j\u00e4\u00e4 noin 70-80 mm rako.<\/p>\n<p>Noudata kuitenkin tarkasti annettua mittaa portin tolppien v\u00e4lill\u00e4!<\/p>\n<p>Kun piha-alue on viimeistelty (esimerkiksi nurmikko tai kiveys asennettu), voidaan metallitolppaan merkit\u00e4 portin saranoiden paikat rakentamisen aikana muodostuneen tilanteen mukaan. T\u00e4m\u00e4n j\u00e4lkeen saranoiden rei\u00e4t porataan tolppaan asennusohjeiden mukaisesti. Portin tolppia asennettaessa ne voidaan j\u00e4tt\u00e4\u00e4 hieman suunniteltua korkeammalle, noin 5-10 cm yli tavoitemitan. Kun portti on kiinnitetty tolppiin, katkaistaan tolpat portin yl\u00e4reunan mukaisesti sopivaan mittaan.<\/p>\n<p>Leikkauskohdat on hyv\u00e4 k\u00e4sitell\u00e4 sinkkimaalilla, jotta ne eiv\u00e4t p\u00e4\u00e4se ruostumaan. Tolpan p\u00e4\u00e4h\u00e4n asennettava tolpan kansi est\u00e4\u00e4 sadeveden p\u00e4\u00e4syn leikkauskohtaan.<\/p>\n","protected":false},"excerpt":{"rendered":"<p>Metalliaidan k\u00e4yntiportti Lux Elementeist\u00e4 rakennettu metalliaita ja siihen sopiva k\u00e4yntiportti luovat kotiin ja pihapiiriin viimeistellyn&#8230;<\/p>\n","protected":false},"featured_media":6982,"template":"","meta":{"_acf_changed":false,"inline_featured_image":false},"product_brand":[],"product_cat":[187,201,192,329],"product_tag":[],"class_list":{"0":"post-7058","1":"product","2":"type-product","3":"status-publish","4":"has-post-thumbnail","6":"product_cat-aidat-ja-portit","7":"product_cat-kayntiportit","8":"product_cat-metalliaidat","9":"product_cat-portit","11":"first","12":"instock","13":"taxable","14":"shipping-taxable","15":"purchasable","16":"product-type-variable"},"acf":[],"_links":{"self":[{"href":"https:\/\/abpolar.ee\/fi\/wp-json\/wp\/v2\/product\/7058","targetHints":{"allow":["GET"]}}],"collection":[{"href":"https:\/\/abpolar.ee\/fi\/wp-json\/wp\/v2\/product"}],"about":[{"href":"https:\/\/abpolar.ee\/fi\/wp-json\/wp\/v2\/types\/product"}],"wp:featuredmedia":[{"embeddable":true,"href":"https:\/\/abpolar.ee\/fi\/wp-json\/wp\/v2\/media\/6982"}],"wp:attachment":[{"href":"https:\/\/abpolar.ee\/fi\/wp-json\/wp\/v2\/media?parent=7058"}],"wp:term":[{"taxonomy":"product_brand","embeddable":true,"href":"https:\/\/abpolar.ee\/fi\/wp-json\/wp\/v2\/product_brand?post=7058"},{"taxonomy":"product_cat","embeddable":true,"href":"https:\/\/abpolar.ee\/fi\/wp-json\/wp\/v2\/product_cat?post=7058"},{"taxonomy":"product_tag","embeddable":true,"href":"https:\/\/abpolar.ee\/fi\/wp-json\/wp\/v2\/product_tag?post=7058"}],"curies":[{"name":"wp","href":"https:\/\/api.w.org\/{rel}","templated":true}]}}