{"id":7066,"date":"2023-02-22T15:06:11","date_gmt":"2023-02-22T13:06:11","guid":{"rendered":"https:\/\/abpolar-ee.vserver.zonevs.eu\/?post_type=product&#038;p=7066"},"modified":"2025-09-17T21:01:06","modified_gmt":"2025-09-17T18:01:06","slug":"metalliaidan-liukuportti-lux","status":"publish","type":"product","link":"https:\/\/abpolar.ee\/fi\/metalliaidan-liukuportti-lux\/","title":{"rendered":"Metalliaidan liukuportti Lux"},"content":{"rendered":"<h2>Metalliaidan liukuportti Lux<\/h2>\n<p>Elementeist\u00e4 rakennettu metalliaita ja siihen sopiva liukuportti luovat kotiin ja pihapiiriin viimeistellyn ja arvokkaan tyylin. Aita rajaa pihan ja portti kutsuu kyl\u00e4\u00e4n.<\/p>\n<p>Jauhemaalatun ja sinkityn aidan pinta on sile\u00e4 ja turvallinen. Liukuporttia varten on saatavilla my\u00f6s k\u00e4tev\u00e4 porttiautomatiikkakoneisto, joka avaa portin automaattisesti kaukos\u00e4\u00e4timen avulla. En\u00e4\u00e4 ei tarvitse nousta autosta avaamaan porttia!<\/p>\n<p>Aidan rakentaminen elementeist\u00e4 onnistuu nopeasti ja helposti. Elementtien lis\u00e4ksi tarvitset metalliaidan rakentamiseen seuraavat tuotteet: aitatolpat, metalliaidan kiinnikkeet ja portin (liukuportin, ajoportin tai k\u00e4yntiportin).<\/p>\n<p>Kun haluat naapurustosi tyylikk\u00e4imm\u00e4n aidan, kannattaa hankkia metalliaita!<\/p>\n<p>Laske ensin aidattavan alueen koko.<\/p>\n<p>Kuinka monta elementti\u00e4, tolppaa ja kiinnikett\u00e4 tarvitset?<\/p>\n<p>Huomioi my\u00f6s valitsemasi portin koko.<\/p>\n<p><strong>Sen j\u00e4lkeen pyyd\u00e4 meilt\u00e4 tarjous!<\/strong><\/p>\n<ul>\n<li>Korkeus: 0,93 m, 1,13 m, 1,43 m<\/li>\n<li>Pystyosat: 15x15x1,0 mm<\/li>\n<li>Portin runko: 60x40x2 mm<\/li>\n<li>Pystypalkkien v\u00e4linen et\u00e4isyys on 89 mm (+\/-2 mm)<\/li>\n<li>Pintapinnoite: kuumasinkki + Ral-jauhemaali (valitse v\u00e4ri itse)<\/li>\n<\/ul>\n<p><strong>HUOM!<\/strong> Ei varastotuote. Tilausaika 3-4 viikkoa<br \/>\nMuista ilmoittaa v\u00e4ri tilauksen yhteydess\u00e4.<\/p>\n","protected":false},"excerpt":{"rendered":"<p>Metalliaidan liukuportti Lux Elementeist\u00e4 rakennettu metalliaita ja siihen sopiva liukuportti luovat kotiin ja pihapiiriin viimeistellyn&#8230;<\/p>\n","protected":false},"featured_media":7040,"template":"","meta":{"_acf_changed":false,"inline_featured_image":false},"product_brand":[],"product_cat":[187,549,192],"product_tag":[],"class_list":{"0":"post-7066","1":"product","2":"type-product","3":"status-publish","4":"has-post-thumbnail","6":"product_cat-aidat-ja-portit","7":"product_cat-liukuportit","8":"product_cat-metalliaidat","10":"first","11":"instock","12":"taxable","13":"shipping-taxable","14":"purchasable","15":"product-type-variable"},"acf":[],"_links":{"self":[{"href":"https:\/\/abpolar.ee\/fi\/wp-json\/wp\/v2\/product\/7066","targetHints":{"allow":["GET"]}}],"collection":[{"href":"https:\/\/abpolar.ee\/fi\/wp-json\/wp\/v2\/product"}],"about":[{"href":"https:\/\/abpolar.ee\/fi\/wp-json\/wp\/v2\/types\/product"}],"wp:featuredmedia":[{"embeddable":true,"href":"https:\/\/abpolar.ee\/fi\/wp-json\/wp\/v2\/media\/7040"}],"wp:attachment":[{"href":"https:\/\/abpolar.ee\/fi\/wp-json\/wp\/v2\/media?parent=7066"}],"wp:term":[{"taxonomy":"product_brand","embeddable":true,"href":"https:\/\/abpolar.ee\/fi\/wp-json\/wp\/v2\/product_brand?post=7066"},{"taxonomy":"product_cat","embeddable":true,"href":"https:\/\/abpolar.ee\/fi\/wp-json\/wp\/v2\/product_cat?post=7066"},{"taxonomy":"product_tag","embeddable":true,"href":"https:\/\/abpolar.ee\/fi\/wp-json\/wp\/v2\/product_tag?post=7066"}],"curies":[{"name":"wp","href":"https:\/\/api.w.org\/{rel}","templated":true}]}}