{"id":7105,"date":"2022-11-17T16:09:41","date_gmt":"2022-11-17T14:09:41","guid":{"rendered":"https:\/\/abpolar-ee.vserver.zonevs.eu\/?post_type=product&#038;p=7105"},"modified":"2024-01-01T12:51:33","modified_gmt":"2024-01-01T10:51:33","slug":"kompostori-compothermo-340-l","status":"publish","type":"product","link":"https:\/\/abpolar.ee\/fi\/kompostori-compothermo-340-l\/","title":{"rendered":"Kompostori CompoThermo 340 l"},"content":{"rendered":"<h2>Kompostori CompoThermo 340 l<\/h2>\n<p class=\"font-bold\"><span data-v-b4b16f92=\"\">Kompostori CompoThermo 340\u00a0l tuotetiedot<\/span><span data-v-b4b16f92=\"\">:<\/span><\/p>\n<ul class=\"list-disc ml-2 mr-3\" data-v-b4b16f92=\"\">\n<li data-v-b4b16f92=\"\">340-litrainen kompostori<\/li>\n<li data-v-b4b16f92=\"\">Kaksinkertaiset sein\u00e4t ja kansi takaavat t\u00e4ydellisen eristyksen ja optimaalisen l\u00e4mp\u00f6tilan<\/li>\n<li data-v-b4b16f92=\"\">K\u00e4tev\u00e4n kahvan ansiosta kantta on helppo sulkea ja avata sek\u00e4 liikutella <a href=\"https:\/\/abpolar.ee\/fi\/kompostorit\/\" target=\"_blank\" rel=\"noopener\">kompostoria<\/a><\/li>\n<li data-v-b4b16f92=\"\">Valmis komposti on helppo ottaa ulos alaluukkujen kautta<\/li>\n<li data-v-b4b16f92=\"\">Sopii ymp\u00e4rivuotiseen k\u00e4ytt\u00f6\u00f6n<\/li>\n<li data-v-b4b16f92=\"\">V\u00e4ri: vihre\u00e4<\/li>\n<li data-v-b4b16f92=\"\">Kompostorissa ei ole pohjaa<\/li>\n<\/ul>\n","protected":false},"excerpt":{"rendered":"<p>Kompostori CompoThermo 340 l Kompostori CompoThermo 340\u00a0l tuotetiedot: 340-litrainen kompostori Kaksinkertaiset sein\u00e4t ja kansi takaavat&#8230;<\/p>\n","protected":false},"featured_media":3022,"template":"","meta":{"_acf_changed":false,"inline_featured_image":false},"product_brand":[],"product_cat":[244,189],"product_tag":[],"class_list":{"0":"post-7105","1":"product","2":"type-product","3":"status-publish","4":"has-post-thumbnail","6":"product_cat-kompostorit","7":"product_cat-puutarhatuotteet","8":"product_shipping_class-pakk-kuni-30kg-fi","10":"first","11":"instock","12":"taxable","13":"shipping-taxable","14":"purchasable","15":"product-type-simple"},"acf":[],"_links":{"self":[{"href":"https:\/\/abpolar.ee\/fi\/wp-json\/wp\/v2\/product\/7105","targetHints":{"allow":["GET"]}}],"collection":[{"href":"https:\/\/abpolar.ee\/fi\/wp-json\/wp\/v2\/product"}],"about":[{"href":"https:\/\/abpolar.ee\/fi\/wp-json\/wp\/v2\/types\/product"}],"wp:featuredmedia":[{"embeddable":true,"href":"https:\/\/abpolar.ee\/fi\/wp-json\/wp\/v2\/media\/3022"}],"wp:attachment":[{"href":"https:\/\/abpolar.ee\/fi\/wp-json\/wp\/v2\/media?parent=7105"}],"wp:term":[{"taxonomy":"product_brand","embeddable":true,"href":"https:\/\/abpolar.ee\/fi\/wp-json\/wp\/v2\/product_brand?post=7105"},{"taxonomy":"product_cat","embeddable":true,"href":"https:\/\/abpolar.ee\/fi\/wp-json\/wp\/v2\/product_cat?post=7105"},{"taxonomy":"product_tag","embeddable":true,"href":"https:\/\/abpolar.ee\/fi\/wp-json\/wp\/v2\/product_tag?post=7105"}],"curies":[{"name":"wp","href":"https:\/\/api.w.org\/{rel}","templated":true}]}}