{"id":7599,"date":"2023-03-16T13:00:08","date_gmt":"2023-03-16T11:00:08","guid":{"rendered":"https:\/\/abpolar-ee.vserver.zonevs.eu\/?post_type=product&#038;p=7599"},"modified":"2024-12-20T14:44:27","modified_gmt":"2024-12-20T12:44:27","slug":"kaarikasvihuone-kerttu-3x6m-2","status":"publish","type":"product","link":"https:\/\/abpolar.ee\/fi\/kaarikasvihuone-kerttu-3x6m-2\/","title":{"rendered":"Kaarikasvihuone Kerttu 3x4m"},"content":{"rendered":"<h2>Kaarikasvihuone Kerttu 3x4m<\/h2>\n<p>Kasvihuoneen Kerttu 3\u00d74-metrinen on tarkoitettu erilaisten puutarhakasvien viljelyyn.<br \/>\nValmiiksi leikatut palat tekev\u00e4t kasvihuoneen kokoamisesta helppoa ja nopeaa.<br \/>\nTehokasta tuuletusta varten kasvihuoneen kummassakin p\u00e4\u00e4ss\u00e4 on yksi tuuletusikkuna ja yksi ovi.<br \/>\nKasvihuoneen runko on valmistettu sinkityist\u00e4 ter\u00e4slistoista.<br \/>\nPeitemateriaali on leikattu valmiiksi 4 mm polykarbonaattilevyist\u00e4, jotta kokoaminen sujuisi mahdollisimman helposti ja nopeasti.<br \/>\nPakkaus sis\u00e4lt\u00e4\u00e4 kaiken tarvittavan peitemateriaalin kiinnitt\u00e4miseen.<br \/>\nKasvihuone suositellaan asennettavaksi puuparrukehykseen tai suoraan maahan tuulelta suojattuun paikkaan.<\/p>\n<h4>TUOTTEEN MITAT:<\/h4>\n<ul>\n<li>Harjakorkeus : 210 cm<\/li>\n<li>Leveys : 300 cm<\/li>\n<li>Syvyys : 400 cm<\/li>\n<li>Pinta-ala : 12 m\u00b2<\/li>\n<\/ul>\n<h4>TUOTTEEN OMINAISUUDET<\/h4>\n<ul>\n<li>Materiaalin tarkenne: 4 mm paksut ja UV-suojatut polykarbonaattipaneelit, runko sinkitty\u00e4 ter\u00e4st\u00e4<\/li>\n<li>V\u00e4ri: Ter\u00e4s<\/li>\n<li>Materiaali: Kennolevy, Polykarbonaatti<\/li>\n<li>Rungon materiaali: Ter\u00e4s<\/li>\n<li>Sis\u00e4lt\u00e4\u00e4 sokkelin: Ei<\/li>\n<li>Lumikuorma 40 kg\/m2<\/li>\n<\/ul>\n<p>&nbsp;<\/p>\n<p>Huomioithan, ett\u00e4 kasvihuoneen katolta on aina poistettava liika lumikuorma.<br \/>\nSuosittelemme kasvihuoneen peitteen poistamista talveksi ja\/tai kasvihuoneen tukemista sis\u00e4puolelta lis\u00e4tuilla.<\/p>\n","protected":false},"excerpt":{"rendered":"<p>Kaarikasvihuone Kerttu 3x4m Kasvihuoneen Kerttu 3\u00d74-metrinen on tarkoitettu erilaisten puutarhakasvien viljelyyn. Valmiiksi leikatut palat tekev\u00e4t&#8230;<\/p>\n","protected":false},"featured_media":3266,"template":"","meta":{"_acf_changed":false,"inline_featured_image":false},"product_brand":[],"product_cat":[203,204],"product_tag":[],"class_list":{"0":"post-7599","1":"product","2":"type-product","3":"status-publish","4":"has-post-thumbnail","6":"product_cat-kaarikasvihuoneet","7":"product_cat-kasvihuoneet","8":"product_shipping_class-eur-fi","10":"first","11":"instock","12":"sale","13":"taxable","14":"shipping-taxable","15":"purchasable","16":"product-type-simple"},"acf":[],"_links":{"self":[{"href":"https:\/\/abpolar.ee\/fi\/wp-json\/wp\/v2\/product\/7599","targetHints":{"allow":["GET"]}}],"collection":[{"href":"https:\/\/abpolar.ee\/fi\/wp-json\/wp\/v2\/product"}],"about":[{"href":"https:\/\/abpolar.ee\/fi\/wp-json\/wp\/v2\/types\/product"}],"wp:featuredmedia":[{"embeddable":true,"href":"https:\/\/abpolar.ee\/fi\/wp-json\/wp\/v2\/media\/3266"}],"wp:attachment":[{"href":"https:\/\/abpolar.ee\/fi\/wp-json\/wp\/v2\/media?parent=7599"}],"wp:term":[{"taxonomy":"product_brand","embeddable":true,"href":"https:\/\/abpolar.ee\/fi\/wp-json\/wp\/v2\/product_brand?post=7599"},{"taxonomy":"product_cat","embeddable":true,"href":"https:\/\/abpolar.ee\/fi\/wp-json\/wp\/v2\/product_cat?post=7599"},{"taxonomy":"product_tag","embeddable":true,"href":"https:\/\/abpolar.ee\/fi\/wp-json\/wp\/v2\/product_tag?post=7599"}],"curies":[{"name":"wp","href":"https:\/\/api.w.org\/{rel}","templated":true}]}}