{"id":7629,"date":"2023-03-16T17:00:06","date_gmt":"2023-03-16T15:00:06","guid":{"rendered":"https:\/\/abpolar-ee.vserver.zonevs.eu\/?post_type=product&#038;p=7629"},"modified":"2025-08-24T21:56:13","modified_gmt":"2025-08-24T18:56:13","slug":"barrier-kinggates-mekanismi-open-6000-6m","status":"publish","type":"product","link":"https:\/\/abpolar.ee\/fi\/barrier-kinggates-mekanismi-open-6000-6m\/","title":{"rendered":"Barrier KingGates mekanismi OPEN 6000 6m"},"content":{"rendered":"<h2>Barrier KingGates -puomikoneisto OPEN 6000 6 m<\/h2>\n<p>Puomi on k\u00e4tev\u00e4 ratkaisu kulunvalvontaan yksityisteille, teollisuusalueille ja joukkoliikenteen varikoille. Puomikoneisto helpottaa el\u00e4m\u00e4\u00e4, kun puomia ei tarvitse olla avaamassa manuaalisesti. Puomin avaaminen onnistuu kuitenkin turvallisesti my\u00f6s k\u00e4sin.<\/p>\n<p>24 V tasavirtamoottori ja helppo nopeudens\u00e4\u00e4t\u00f6 mahdollistavat nopean ja intensiivisen k\u00e4yt\u00f6n, avautumisaika on vain 5 sekuntia.<\/p>\n<p>Asennus on helppoa, sill\u00e4 puomi voidaan asentaa joko oikealle tai vasemmalle puolelle, ja tasapainotus onnistuu helposti jousen lineaarisen s\u00e4\u00e4d\u00f6n avulla.<\/p>\n<p>Puristumissuoja takaa turvallisuuden sek\u00e4 avattaessa ett\u00e4 suljettaessa. Ohjausyksikk\u00f6 on suojattu tukevalla metallikehyksell\u00e4, ja sit\u00e4 p\u00e4\u00e4see k\u00e4ytt\u00e4m\u00e4\u00e4n n\u00e4pp\u00e4r\u00e4sti lukitun kannen kautta.<\/p>\n<p>Puomin voi avata my\u00f6s k\u00e4sin suojatun vapautusj\u00e4rjestelm\u00e4n avulla. Erikseen hankittava akkupaketti varmistaa, ett\u00e4 koneisto toimii luotettavasti my\u00f6s s\u00e4hk\u00f6katkon aikana.<\/p>\n<p><strong>Varmista, ettei kutsumattomilla vierailla ole asiaa tiellesi &#8211; hanki puomikoneisto!<\/strong><\/p>\n<ul>\n<li>Sy\u00f6tt\u00f6j\u00e4nnite: 230 V<\/li>\n<li>Virrankulutus: 0,6 A<\/li>\n<li>Teho: 300 W<\/li>\n<li>K\u00e4ytt\u00f6l\u00e4mp\u00f6tila: -20\u2026+55 \u00b0C<\/li>\n<li>IP-luokka: IP 54<\/li>\n<li>Paino: 46 kg<\/li>\n<li>Avautumisaika: 5 sekuntia<\/li>\n<li>Aukon leveys: enint\u00e4\u00e4n 6 m<\/li>\n<\/ul>\n<p>Hintaan ei sis\u00e4lly puomia.<\/p>\n","protected":false},"excerpt":{"rendered":"<p>Barrier KingGates -puomikoneisto OPEN 6000 6 m Puomi on k\u00e4tev\u00e4 ratkaisu kulunvalvontaan yksityisteille, teollisuusalueille ja&#8230;<\/p>\n","protected":false},"featured_media":7617,"template":"","meta":{"_acf_changed":false,"inline_featured_image":false},"product_brand":[],"product_cat":[187,253],"product_tag":[],"class_list":{"0":"post-7629","1":"product","2":"type-product","3":"status-publish","4":"has-post-thumbnail","6":"product_cat-aidat-ja-portit","7":"product_cat-puomikoneistot","9":"first","10":"instock","11":"taxable","12":"shipping-taxable","13":"purchasable","14":"product-type-simple"},"acf":[],"_links":{"self":[{"href":"https:\/\/abpolar.ee\/fi\/wp-json\/wp\/v2\/product\/7629","targetHints":{"allow":["GET"]}}],"collection":[{"href":"https:\/\/abpolar.ee\/fi\/wp-json\/wp\/v2\/product"}],"about":[{"href":"https:\/\/abpolar.ee\/fi\/wp-json\/wp\/v2\/types\/product"}],"wp:featuredmedia":[{"embeddable":true,"href":"https:\/\/abpolar.ee\/fi\/wp-json\/wp\/v2\/media\/7617"}],"wp:attachment":[{"href":"https:\/\/abpolar.ee\/fi\/wp-json\/wp\/v2\/media?parent=7629"}],"wp:term":[{"taxonomy":"product_brand","embeddable":true,"href":"https:\/\/abpolar.ee\/fi\/wp-json\/wp\/v2\/product_brand?post=7629"},{"taxonomy":"product_cat","embeddable":true,"href":"https:\/\/abpolar.ee\/fi\/wp-json\/wp\/v2\/product_cat?post=7629"},{"taxonomy":"product_tag","embeddable":true,"href":"https:\/\/abpolar.ee\/fi\/wp-json\/wp\/v2\/product_tag?post=7629"}],"curies":[{"name":"wp","href":"https:\/\/api.w.org\/{rel}","templated":true}]}}