{"id":7729,"date":"2023-04-03T15:00:28","date_gmt":"2023-04-03T12:00:28","guid":{"rendered":"https:\/\/abpolar-ee.vserver.zonevs.eu\/?post_type=product&#038;p=7729"},"modified":"2025-09-05T18:09:36","modified_gmt":"2025-09-05T15:09:36","slug":"porttikoneisto-kinggates-dynamos-24-1000-liukuporttiin-max-1000-kg","status":"publish","type":"product","link":"https:\/\/abpolar.ee\/fi\/porttikoneisto-kinggates-dynamos-24-1000-liukuporttiin-max-1000-kg\/","title":{"rendered":"Porttikoneisto KingGates Dynamos 24\/1000, liukuporttiin, max 1000 kg"},"content":{"rendered":"<h2>Porttikoneisto KingGates Dynamos 24\/1000, liukuporttiin, max 1000 kg<\/h2>\n<p>Laadukas ja kest\u00e4v\u00e4 porttikoneisto KingGates Dynamos 24\/400 tekee liukuportin k\u00e4ytt\u00e4misest\u00e4 entist\u00e4kin helpompaa. Laadukas k\u00e4ytt\u00f6laite takaa portin hiljaisen ja turvallisen liikkeen. Sis\u00e4\u00e4nrakennettu ohjauskeskus on asennettavissa ja ohjelmoitavissa eritt\u00e4in helposti.<\/p>\n<p>Automatiikka helpottaa el\u00e4m\u00e4\u00e4 huomattavasti, kun autosta ei tarvitse en\u00e4\u00e4 nousta avaamaan porttia k\u00e4sipeliss\u00e4. Kaukos\u00e4\u00e4din avaa portin nopeasti ja turvallisesti. Keltainen varoitusvalo lis\u00e4\u00e4 turvallisuutta entisest\u00e4\u00e4n.<\/p>\n<p>Haluatko avata portin helposti vain yhdell\u00e4 napin painalluksella? Porttiautomatiikan avulla se onnistuu!<\/p>\n<h3>TUOTTEEN OMINAISUUDET:<\/h3>\n<ul>\n<li>Takuuaika: 2 vuotta<\/li>\n<li>4-kanavaiset kaukos\u00e4\u00e4timet: 2 kpl<\/li>\n<li>Keltainen varoitusvalo<\/li>\n<li>Valokenno<\/li>\n<li>S\u00e4hk\u00f6virta: 230 V<\/li>\n<li>Moottorin teho: 40 W<\/li>\n<li>Portin enimm\u00e4ispaino: 1000 kg<\/li>\n<li>Mitat: 325 x 185 x 274 mm<\/li>\n<li>Ty\u00f6l\u00e4mp\u00f6tila: -20 &#8211; +55 \u00b0C<\/li>\n<li>Nopeus: 9 \u00f7 15 m\/sec<\/li>\n<\/ul>\n<p><strong>Huomaathan, ett\u00e4 tuotepakkaus ei sis\u00e4ll\u00e4 porttiin kiinnitett\u00e4v\u00e4\u00e4 hammastankoa, vaan se tulee hankkia erikseen.<\/strong><\/p>\n<h3>Tuotepaketti sis\u00e4lt\u00e4\u00e4:<\/h3>\n<ul>\n<li>Dynamos 24\/1000 moottoriyksik\u00f6n<\/li>\n<li>StarG8 ohjausyksik\u00f6n<\/li>\n<li>Viky 30 valokennoparin<\/li>\n<li>2 x Stylo 4k kaukos\u00e4\u00e4timi\u00e4<\/li>\n<li>Idea Plus keltaisen varoitusvalon<\/li>\n<\/ul>\n","protected":false},"excerpt":{"rendered":"<p>Porttikoneisto KingGates Dynamos 24\/1000, liukuporttiin, max 1000 kg Laadukas ja kest\u00e4v\u00e4 porttikoneisto KingGates Dynamos 24\/400&#8230;<\/p>\n","protected":false},"featured_media":4469,"template":"","meta":{"_acf_changed":false,"inline_featured_image":false},"product_brand":[],"product_cat":[187,329,252],"product_tag":[],"class_list":{"0":"post-7729","1":"product","2":"type-product","3":"status-publish","4":"has-post-thumbnail","6":"product_cat-aidat-ja-portit","7":"product_cat-portit","8":"product_cat-porttiautomatiikka","9":"product_shipping_class-vaike-pakk-fi","11":"first","12":"instock","13":"taxable","14":"shipping-taxable","15":"purchasable","16":"product-type-simple"},"acf":[],"_links":{"self":[{"href":"https:\/\/abpolar.ee\/fi\/wp-json\/wp\/v2\/product\/7729","targetHints":{"allow":["GET"]}}],"collection":[{"href":"https:\/\/abpolar.ee\/fi\/wp-json\/wp\/v2\/product"}],"about":[{"href":"https:\/\/abpolar.ee\/fi\/wp-json\/wp\/v2\/types\/product"}],"wp:featuredmedia":[{"embeddable":true,"href":"https:\/\/abpolar.ee\/fi\/wp-json\/wp\/v2\/media\/4469"}],"wp:attachment":[{"href":"https:\/\/abpolar.ee\/fi\/wp-json\/wp\/v2\/media?parent=7729"}],"wp:term":[{"taxonomy":"product_brand","embeddable":true,"href":"https:\/\/abpolar.ee\/fi\/wp-json\/wp\/v2\/product_brand?post=7729"},{"taxonomy":"product_cat","embeddable":true,"href":"https:\/\/abpolar.ee\/fi\/wp-json\/wp\/v2\/product_cat?post=7729"},{"taxonomy":"product_tag","embeddable":true,"href":"https:\/\/abpolar.ee\/fi\/wp-json\/wp\/v2\/product_tag?post=7729"}],"curies":[{"name":"wp","href":"https:\/\/api.w.org\/{rel}","templated":true}]}}