{"id":7975,"date":"2023-03-27T16:00:06","date_gmt":"2023-03-27T13:00:06","guid":{"rendered":"https:\/\/abpolar-ee.vserver.zonevs.eu\/?post_type=product&#038;p=7975"},"modified":"2023-04-12T16:26:06","modified_gmt":"2023-04-12T13:26:06","slug":"vesisailio-luonnonlannoitteiden-valmistukseen-55l","status":"publish","type":"product","link":"https:\/\/abpolar.ee\/fi\/vesisailio-luonnonlannoitteiden-valmistukseen-55l\/","title":{"rendered":"Vesis\u00e4ili\u00f6 luonnonlannoitteiden valmistukseen 55L"},"content":{"rendered":"<h2 class=\"text-xl font-bold leading-6\">Vesis\u00e4ili\u00f6 luonnonlannoitteiden valmistukseen 55L<\/h2>\n<p>S\u00e4ili\u00f6 luonnollisen nestem\u00e4isen lannoitteen valmistukseen, tilavuus 55 litraa<\/p>\n<p>1 kg hienonnettua tuoretta nokkosen vihermassaa sekoitetaan 10 litraan vett\u00e4 ja annetaan k\u00e4yd\u00e4 kannen alla kahdesta kolmeen viikkoa<br \/>\nS\u00e4ili\u00f6n peitt\u00e4minen stimuloi k\u00e4ymisprosessia ja suojaa ep\u00e4miellytt\u00e4vilt\u00e4 hajuilta<br \/>\nK\u00e4ymisseoksen kantta kannattaa v\u00e4lill\u00e4 nostaa ja sekoittaa reippaasti, mit\u00e4 enemm\u00e4n sekoitat, sit\u00e4 paremmin nokkosmassa hajoaa ja lannoitteesta tulee kovempi<br \/>\nParin viikon kuluttua seosta voidaan k\u00e4ytt\u00e4\u00e4 turvallisesti laimentamalla se vedell\u00e4 suhteessa 1:10<br \/>\nNokkoslannoitetta voi kastella kaikkien kasvihuonetaimien ymp\u00e4rille kerran viikossa<br \/>\nLannoite soveltuu eritt\u00e4in hyvin tomaateille, mutta my\u00f6s paprikoille ja kurkuille<br \/>\nMansikat, marjapensaat, hedelm\u00e4puut, yrttitarha ja salaattipensas voidaan kastella nokkoslannoitteella<\/p>\n<ul class=\"list-disc ml-2 mr-3\" data-v-b4b16f92=\"\">\n<li data-v-b4b16f92=\"\">Leveys &#8211; 38cm<\/li>\n<li data-v-b4b16f92=\"\">Korkeus &#8211; 60cm<\/li>\n<li data-v-b4b16f92=\"\">Syvyys &#8211; 38cm<\/li>\n<li data-v-b4b16f92=\"\">V\u00e4ri &#8211; musta<\/li>\n<\/ul>\n","protected":false},"excerpt":{"rendered":"<p>Vesis\u00e4ili\u00f6 luonnonlannoitteiden valmistukseen 55L S\u00e4ili\u00f6 luonnollisen nestem\u00e4isen lannoitteen valmistukseen, tilavuus 55 litraa 1 kg hienonnettua&#8230;<\/p>\n","protected":false},"featured_media":7884,"template":"","meta":{"_acf_changed":false,"inline_featured_image":false},"product_brand":[],"product_cat":[244,189],"product_tag":[],"class_list":{"0":"post-7975","1":"product","2":"type-product","3":"status-publish","4":"has-post-thumbnail","6":"product_cat-kompostorit","7":"product_cat-puutarhatuotteet","8":"product_shipping_class-pakk-kuni-30kg-fi","10":"first","11":"instock","12":"taxable","13":"shipping-taxable","14":"purchasable","15":"product-type-simple"},"acf":[],"_links":{"self":[{"href":"https:\/\/abpolar.ee\/fi\/wp-json\/wp\/v2\/product\/7975","targetHints":{"allow":["GET"]}}],"collection":[{"href":"https:\/\/abpolar.ee\/fi\/wp-json\/wp\/v2\/product"}],"about":[{"href":"https:\/\/abpolar.ee\/fi\/wp-json\/wp\/v2\/types\/product"}],"wp:featuredmedia":[{"embeddable":true,"href":"https:\/\/abpolar.ee\/fi\/wp-json\/wp\/v2\/media\/7884"}],"wp:attachment":[{"href":"https:\/\/abpolar.ee\/fi\/wp-json\/wp\/v2\/media?parent=7975"}],"wp:term":[{"taxonomy":"product_brand","embeddable":true,"href":"https:\/\/abpolar.ee\/fi\/wp-json\/wp\/v2\/product_brand?post=7975"},{"taxonomy":"product_cat","embeddable":true,"href":"https:\/\/abpolar.ee\/fi\/wp-json\/wp\/v2\/product_cat?post=7975"},{"taxonomy":"product_tag","embeddable":true,"href":"https:\/\/abpolar.ee\/fi\/wp-json\/wp\/v2\/product_tag?post=7975"}],"curies":[{"name":"wp","href":"https:\/\/api.w.org\/{rel}","templated":true}]}}