{"id":7980,"date":"2023-04-10T15:00:08","date_gmt":"2023-04-10T12:00:08","guid":{"rendered":"https:\/\/abpolar-ee.vserver.zonevs.eu\/?post_type=product&#038;p=7980"},"modified":"2025-09-04T11:55:58","modified_gmt":"2025-09-04T08:55:58","slug":"ruokoaita-korkeus-100cm-halkaisija-2-4mm-6m","status":"publish","type":"product","link":"https:\/\/abpolar.ee\/fi\/ruokoaita-korkeus-100cm-halkaisija-2-4mm-6m\/","title":{"rendered":"Ruokoaita, korkeus 100cm, halkaisija 2-4mm, 6m"},"content":{"rendered":"<h2>Ruokoaita, korkeus 100 cm, halkaisija 2-4 mm, 6 m<\/h2>\n<p>Ruokoaita on kevyt tilanjakaja, jonka voi kiinnitt\u00e4\u00e4 helposti esimerkiksi parvekkeen kaiteeseen tai verkkoaitaan. Ruokoaita luo luonnonl\u00e4heisen tunnelman ja se toimii my\u00f6s n\u00e4k\u00f6suojana. Lis\u00e4ksi aita my\u00f6s varjostaa ja toimii kauniina taustana esimerkiksi parvekkeen kasveille.<\/p>\n<p>Kun haluat yksityisyytt\u00e4 lis\u00e4\u00e4, hanki ruokoaita!<\/p>\n<p><strong>TUOTTEEN MITAT:<\/strong><\/p>\n<ul>\n<li>Korkeus: 100 cm<\/li>\n<li>Rullan pituus: 600 cm<\/li>\n<\/ul>\n<p><strong>TUOTTEEN OMINAISUUDET:<\/strong><\/p>\n<ul>\n<li>V\u00e4ri: ruskea<\/li>\n<li>Materiaali: ter\u00e4s, ruoko<\/li>\n<li>Materiaalin tarkenne: halkaisija 2-4 mm, yhdistetty ter\u00e4slangalla<\/li>\n<\/ul>\n","protected":false},"excerpt":{"rendered":"<p>Ruokoaita, korkeus 100 cm, halkaisija 2-4 mm, 6 m Ruokoaita on kevyt tilanjakaja, jonka voi&#8230;<\/p>\n","protected":false},"featured_media":7870,"template":"","meta":{"_acf_changed":false,"inline_featured_image":false},"product_brand":[],"product_cat":[229,220],"product_tag":[],"class_list":{"0":"post-7980","1":"product","2":"type-product","3":"status-publish","4":"has-post-thumbnail","6":"product_cat-pajuaidat","7":"product_cat-piha","8":"product_shipping_class-vaike-pakk-fi","10":"first","11":"instock","12":"taxable","13":"shipping-taxable","14":"purchasable","15":"product-type-simple"},"acf":[],"_links":{"self":[{"href":"https:\/\/abpolar.ee\/fi\/wp-json\/wp\/v2\/product\/7980","targetHints":{"allow":["GET"]}}],"collection":[{"href":"https:\/\/abpolar.ee\/fi\/wp-json\/wp\/v2\/product"}],"about":[{"href":"https:\/\/abpolar.ee\/fi\/wp-json\/wp\/v2\/types\/product"}],"wp:featuredmedia":[{"embeddable":true,"href":"https:\/\/abpolar.ee\/fi\/wp-json\/wp\/v2\/media\/7870"}],"wp:attachment":[{"href":"https:\/\/abpolar.ee\/fi\/wp-json\/wp\/v2\/media?parent=7980"}],"wp:term":[{"taxonomy":"product_brand","embeddable":true,"href":"https:\/\/abpolar.ee\/fi\/wp-json\/wp\/v2\/product_brand?post=7980"},{"taxonomy":"product_cat","embeddable":true,"href":"https:\/\/abpolar.ee\/fi\/wp-json\/wp\/v2\/product_cat?post=7980"},{"taxonomy":"product_tag","embeddable":true,"href":"https:\/\/abpolar.ee\/fi\/wp-json\/wp\/v2\/product_tag?post=7980"}],"curies":[{"name":"wp","href":"https:\/\/api.w.org\/{rel}","templated":true}]}}