{"id":8383,"date":"2023-05-05T15:00:48","date_gmt":"2023-05-05T12:00:48","guid":{"rendered":"https:\/\/abpolar-ee.vserver.zonevs.eu\/?post_type=product&#038;p=8383"},"modified":"2025-10-06T18:33:08","modified_gmt":"2025-10-06T15:33:08","slug":"verkkoaidan-kiinnityslanka-o3mm-pvc-paallystetty-100m-ral9005-musta","status":"publish","type":"product","link":"https:\/\/abpolar.ee\/fi\/verkkoaidan-kiinnityslanka-o3mm-pvc-paallystetty-100m-ral9005-musta\/","title":{"rendered":"Verkkoaidan kiinnityslanka, \u00f83mm, pvc-p\u00e4\u00e4llystetty, 100m RAL9005 musta"},"content":{"rendered":"<h2>Verkkoaidan kiinnityslanka, \u00f8 3 mm, pvc-p\u00e4\u00e4llystetty, 100 m RAL9005 musta<\/h2>\n<p>Verkkoaidan kiinnityslanka sopii etenkin panssariverkkoaidan tukevoittamiseen. Kiristyslanka on PVC-p\u00e4\u00e4llystetty\u00e4 rautalankaa, joka kest\u00e4\u00e4 hyvin erilaisia s\u00e4\u00e4n vaihteluita. Kiinnityslanka kirist\u00e4\u00e4 verkon ja varmistaa, ett\u00e4 aidasta tulee j\u00e4m\u00e4kk\u00e4.<br \/>\nMuista hankkia samalla my\u00f6s sopiva aitaverkko ja aitatolpat.<\/p>\n<p><strong>Kun rakennat verkkoaitaa, hanki verkkoaidan kiinnityslanka!<\/strong><\/p>\n<ul>\n<li>PVC-p\u00e4\u00e4llystetty\u00e4 rautalankaa<\/li>\n<li>Halkaisija \u00f8 3,8 mm<\/li>\n<li>Voidaan k\u00e4ytt\u00e4\u00e4 verkkojen kiinnitt\u00e4miseen ja kirist\u00e4miseen<\/li>\n<li>Rulla sis\u00e4lt\u00e4\u00e4 100 m lankaa<\/li>\n<\/ul>\n","protected":false},"excerpt":{"rendered":"<p>Verkkoaidan kiinnityslanka, \u00f8 3 mm, pvc-p\u00e4\u00e4llystetty, 100 m RAL9005 musta Verkkoaidan kiinnityslanka sopii etenkin panssariverkkoaidan&#8230;<\/p>\n","protected":false},"featured_media":8393,"template":"","meta":{"_acf_changed":false,"inline_featured_image":false},"product_brand":[],"product_cat":[140],"product_tag":[],"class_list":{"0":"post-8383","1":"product","2":"type-product","3":"status-publish","4":"has-post-thumbnail","6":"product_cat-aitojen-porttien-tarvikkeet","7":"product_shipping_class-vaike-pakk-fi","9":"first","10":"instock","11":"taxable","12":"shipping-taxable","13":"purchasable","14":"product-type-simple"},"acf":[],"_links":{"self":[{"href":"https:\/\/abpolar.ee\/fi\/wp-json\/wp\/v2\/product\/8383","targetHints":{"allow":["GET"]}}],"collection":[{"href":"https:\/\/abpolar.ee\/fi\/wp-json\/wp\/v2\/product"}],"about":[{"href":"https:\/\/abpolar.ee\/fi\/wp-json\/wp\/v2\/types\/product"}],"wp:featuredmedia":[{"embeddable":true,"href":"https:\/\/abpolar.ee\/fi\/wp-json\/wp\/v2\/media\/8393"}],"wp:attachment":[{"href":"https:\/\/abpolar.ee\/fi\/wp-json\/wp\/v2\/media?parent=8383"}],"wp:term":[{"taxonomy":"product_brand","embeddable":true,"href":"https:\/\/abpolar.ee\/fi\/wp-json\/wp\/v2\/product_brand?post=8383"},{"taxonomy":"product_cat","embeddable":true,"href":"https:\/\/abpolar.ee\/fi\/wp-json\/wp\/v2\/product_cat?post=8383"},{"taxonomy":"product_tag","embeddable":true,"href":"https:\/\/abpolar.ee\/fi\/wp-json\/wp\/v2\/product_tag?post=8383"}],"curies":[{"name":"wp","href":"https:\/\/api.w.org\/{rel}","templated":true}]}}