{"id":12354,"date":"2022-09-02T15:28:30","date_gmt":"2022-09-02T12:28:30","guid":{"rendered":"https:\/\/abpolar-ee.vserver.zonevs.eu\/?page_id=12354"},"modified":"2025-03-06T16:02:14","modified_gmt":"2025-03-06T14:02:14","slug":"kontakta-oss","status":"publish","type":"page","link":"https:\/\/abpolar.ee\/sv\/kontakta-oss\/","title":{"rendered":"Kontakta oss"},"content":{"rendered":"\n<p class=\"wp-el\">Vi p\u00e5 AB Polar v\u00e4rdes\u00e4tter varje kund och finns h\u00e4r f\u00f6r att hj\u00e4lpa dig! <\/p>\n\n\n\n<p class=\"wp-el\">Oavsett om du har fr\u00e5gor om v\u00e5ra tj\u00e4nster, beh\u00f6ver teknisk support eller vill ge oss feedback, \u00e4r vi bara ett meddelande bort. <\/p>\n\n\n\n<p class=\"wp-el\">Vi str\u00e4var efter att erbjuda snabb och effektiv service f\u00f6r att ge dig den b\u00e4sta m\u00f6jliga upplevelsen.<br><\/p>\n\n\n<div id=\"acf-block_32a83e62caa495d373672bfc258ea622\" class=\"acf-block-element element-bgcolor alignmax bg-light stencil-disabled\">\n<div id=\"acf-block_8ce604e4b01be19885af3b8e73773c65\" class=\"acf-block-element element-txtmedia\"><div class=\"row row-grid align-items-center\"><div class=\"col-12 col-md-6 col-content order-md-1 offset-xl-1\"><div class=\"col-inner\">\n\n<h3 class=\"wp-block-heading is-style-fw-medium wp-el\">Om oss<\/h3>\n\n\n\n<p class=\"wp-el\"><strong>AB Polar O\u00dc \u00e4r ett f\u00f6retag med l\u00e5ng erfarenhet inom detalj- och partihandel av tr\u00e4dg\u00e5rds- och inredningsprodukter i Estland och Finland.<\/strong><\/p>\n\n\n\n<p class=\"wp-el\">V\u00e5ra huvudmarknader \u00e4r Estland och Finland, d\u00e4r vi \u00e4r en etablerad akt\u00f6r och d\u00e4r v\u00e5ra produkter finns att hitta i de st\u00f6rsta byggvaruhusen. <\/p>\n\n\n\n<p class=\"wp-el\"><strong>Sedan 2008 har<\/strong> vi f\u00f6rsett b\u00e5de privatkunder och \u00e5terf\u00f6rs\u00e4ljare med h\u00f6gkvalitativa och prisv\u00e4rda l\u00f6sningar f\u00f6r tr\u00e4dg\u00e5rdsbygge och heminredning. <\/p>\n\n\n\n<p class=\"wp-el\">V\u00e5r filosofi \u00e4r enkel \u2013 vi kombinerar kvalitet, funktionalitet och konkurrenskraftiga priser med flexibel och kundanpassad service.<\/p>\n\n\n\n<p class=\"wp-el\"><strong>Under 2024 har vi ut\u00f6kat v\u00e5r verksamhet till Sverige f\u00f6r att kunna erbjuda v\u00e5ra produkter till \u00e4nnu fler kunder.<\/strong><\/p>\n\n\n\n<p class=\"wp-el\">Vi \u00e4r s\u00e4rskilt k\u00e4nda f\u00f6r v\u00e5ra staket l\u00f6sningar, men v\u00e5rt sortiment omfattar \u00e4ven en m\u00e4ngd andra produkter som hj\u00e4lper dig att skapa en vacker och funktionell tr\u00e4dg\u00e5rd. <\/p>\n\n\n\n<p class=\"wp-el\">Oavsett om du \u00e4r en privatperson eller f\u00f6retag, kan vi erbjuda produkter och tr\u00e4dg\u00e5rdsl\u00f6sningar som uppfyller just dina behov.<\/p>\n\n\n\n<p class=\"wp-el\"><br>Hos AB Polar st\u00e5r kunden alltid i fokus, och vi str\u00e4var efter att erbjuda den b\u00e4sta m\u00f6jliga upplevelsen \u2013 fr\u00e5n best\u00e4llning till leverans. Vi ser fram emot att hj\u00e4lpa dig med dina tr\u00e4dg\u00e5rds- och inredningsprojekt!<\/p>\n\n<\/div><\/div><div class=\"col-12 col-md-6 col-xl-5 col-media\"><div class=\"splide\" data-splide={\"type\":\"fade\",\"pagination\":false}><div class=\"splide__track\"><ul class=\"splide__list\"><li class=\"splide__slide\"><a href=\"https:\/\/abpolar.ee\/wp-content\/uploads\/2022\/08\/rattan-furniture-in-the-garden-2021-08-31-17-00-26-utc-1320x880.jpg\" data-fancybox=\"txtmedia-acf-block_8ce604e4b01be19885af3b8e73773c65\"><img decoding=\"async\" width=\"510\" height=\"290\" src=\"https:\/\/abpolar.ee\/wp-content\/uploads\/2022\/08\/rattan-furniture-in-the-garden-2021-08-31-17-00-26-utc-510x290.jpg\" class=\"attachment-img-510x290 size-img-510x290\" alt=\"\" \/><\/a><\/li><li class=\"splide__slide\"><a href=\"https:\/\/abpolar.ee\/wp-content\/uploads\/2022\/08\/S2001M-A-back-ground-1320x743.jpg\" data-fancybox=\"txtmedia-acf-block_8ce604e4b01be19885af3b8e73773c65\"><img decoding=\"async\" width=\"510\" height=\"290\" src=\"https:\/\/abpolar.ee\/wp-content\/uploads\/2022\/08\/S2001M-A-back-ground-510x290.jpg\" class=\"attachment-img-510x290 size-img-510x290\" alt=\"\" srcset=\"https:\/\/abpolar.ee\/wp-content\/uploads\/2022\/08\/S2001M-A-back-ground-510x290.jpg 510w, https:\/\/abpolar.ee\/wp-content\/uploads\/2022\/08\/S2001M-A-back-ground-130x73.jpg 130w, https:\/\/abpolar.ee\/wp-content\/uploads\/2022\/08\/S2001M-A-back-ground-64x36.jpg 64w\" sizes=\"(max-width: 510px) 100vw, 510px\" \/><\/a><\/li><\/ul><\/div><div class=\"splide__arrows\"><button class=\"splide__arrow splide__arrow--prev\"><svg xmlns=\"http:\/\/www.w3.org\/2000\/svg\" width=\"20\" height=\"16\" viewBox=\"0 0 20 16\"><path d=\"M8269.068-578.337a1.118,1.118,0,0,0,0-1.614l-5.052-4.906h14.808A1.159,1.159,0,0,0,8280-586a1.161,1.161,0,0,0-1.176-1.142h-14.8l5.048-4.9a1.123,1.123,0,0,0,0-1.618,1.2,1.2,0,0,0-1.663,0l-7.061,6.859A1.122,1.122,0,0,0,8260-586a1.119,1.119,0,0,0,.345.807l7.061,6.856a1.185,1.185,0,0,0,.834.337A1.185,1.185,0,0,0,8269.068-578.337Z\" transform=\"translate(-8260 594)\" fill=\"currentColor\"\/><\/svg><\/button><button class=\"splide__arrow splide__arrow--next\"><svg xmlns=\"http:\/\/www.w3.org\/2000\/svg\" width=\"20\" height=\"16\" viewBox=\"0 0 20 16\"><path d=\"M8270.932-578.337a1.118,1.118,0,0,1,0-1.614l5.052-4.906h-14.808A1.159,1.159,0,0,1,8260-586a1.161,1.161,0,0,1,1.176-1.142h14.8l-5.048-4.9a1.123,1.123,0,0,1,0-1.618,1.2,1.2,0,0,1,1.663,0l7.061,6.859A1.122,1.122,0,0,1,8280-586a1.119,1.119,0,0,1-.345.807l-7.061,6.856a1.185,1.185,0,0,1-.834.337A1.185,1.185,0,0,1,8270.932-578.337Z\" transform=\"translate(-8260 594)\" fill=\"currentColor\"\/><\/svg><\/button><\/div><\/div><\/div><\/div><\/div>\n<\/div>\n\n\n<h2 class=\"wp-block-heading is-style-fw-semibold has-theme-secondary-color has-text-color has-huge-font-size wp-el\">V\u00e5ra medarbetare<\/h2>\n\n\n<div id=\"acf-block_7f9f940967f136b413156d8476f015c7\" class=\"acf-block-element element-team\"><div class=\"team-members\" data-columns=\"4\"><div class=\"flex-item mix\"><div class=\"team-member\"><div class=\"team-member__thumb\"><img decoding=\"async\" width=\"290\" height=\"375\" src=\"https:\/\/abpolar.ee\/wp-content\/uploads\/bis-images\/16199\/indrek-290x375-f50_50.jpg\" class=\"attachment-290x375\" alt=\"indrek\" \/><span class=\"thumb-tag\">Foto av: Jana Pipar<\/span><\/div><div class=\"team-member__content\"><p class=\"fw-semibold has-theme-secondary-color\">Indrek Zelinski<\/p><div class=\"team-member__job has-small-font-size\">F\u00f6rs\u00e4ljningsansvarig<\/div><div class=\"contact-methods\"><p class=\"label-enabled d-flex flex-wrap align-items-center\"><span class=\"d-flex flex-wrap align-items-center justify-content-center\"><svg xmlns=\"http:\/\/www.w3.org\/2000\/svg\" width=\"20\" height=\"20\" viewBox=\"0 0 20 20\"><path d=\"M20.163,14.961,17.23,12.613a2.29,2.29,0,0,0-3.174.321l-.387.466a.979.979,0,0,1-1.364.1,39.218,39.218,0,0,1-3.77-3.772.968.968,0,0,1,.1-1.364L9.1,7.973A2.292,2.292,0,0,0,9.419,4.8L7.072,1.862a2.3,2.3,0,0,0-3.517-.049L2.294,3.3a5.54,5.54,0,0,0-.268,6.765,41.34,41.34,0,0,0,9.935,9.942,5.6,5.6,0,0,0,6.761-.268l1.49-1.262a2.309,2.309,0,0,0-.049-3.52Z\" transform=\"translate(-1.002 -1.019)\" fill=\"var(--ama-primary-color)\"\/><\/svg><\/span><span class=\"d-block\"><a href=\"tel:+3725053811\" class=\"d-inline-flex flex-wrap align-items-center\">(+372) 5053 811<\/a><\/span><\/p><p class=\"label-enabled d-flex flex-wrap align-items-center\"><span class=\"d-flex flex-wrap align-items-center justify-content-center\"><svg xmlns=\"http:\/\/www.w3.org\/2000\/svg\" width=\"20\" height=\"16.002\" viewBox=\"0 0 20 16.002\"><path d=\"M7858-14721a1.971,1.971,0,0,1-.857-.2l5.66-5.66a.667.667,0,0,0,0-.943.661.661,0,0,0-.94,0l-5.664,5.662a1.977,1.977,0,0,1-.2-.857v-10.99l8.836,6.313a2.064,2.064,0,0,0,2.326,0l8.838-6.312v10.99a1.98,1.98,0,0,1-.2.857l-5.66-5.662a.666.666,0,0,0-.944,0,.667.667,0,0,0,0,.943l5.664,5.66a2,2,0,0,1-.858.2Zm7.611-7.764-9.525-6.785A1.993,1.993,0,0,1,7858-14737h16a1.991,1.991,0,0,1,1.908,1.438l-9.521,6.8a.669.669,0,0,1-.387.123A.674.674,0,0,1,7865.612-14728.762Z\" transform=\"translate(-7856.001 14737)\" fill=\"var(--ama-primary-color)\"\/><\/svg><\/span><span class=\"d-block\"><a href=\"mailto:indrek@abpolar.ee\" class=\"d-inline-flex flex-wrap align-items-center\">indrek@abpolar.ee<\/a><\/span><\/p><\/div><\/div><\/div><\/div><\/div><\/div>\n\n<div id=\"acf-block_74a7b4c6fc12acd0ec5323134965321f\" class=\"acf-block-element element-txtmap\"><div class=\"row row-grid\"><div class=\"col-12 col-md-6 col-xl-4 col-content d-flex flex-wrap align-items-center\"><div class=\"col-inner\">\n\n<h2 class=\"wp-block-heading is-style-fw-semibold has-theme-secondary-color has-text-color has-huge-font-size wp-el\">AB Polar O\u00dc<\/h2>\n\n\n<div id=\"acf-block_39c2e91202aaa7e9e30d67560070a222\" class=\"wp-el element-cmethods\"><div class=\"contact-methods\"><p><span class=\"d-block\">Reg. nr. 11487689 <\/span><\/p><p><span class=\"d-block\">VAT: EE101236553<\/span><\/p><p class=\"label-enabled d-flex flex-wrap align-items-center\"><span class=\"d-flex flex-wrap align-items-center justify-content-center\"><svg xmlns=\"http:\/\/www.w3.org\/2000\/svg\" width=\"16\" height=\"20\" viewBox=\"0 0 16 20\"><path d=\"M13,1C8.584,1,5.005,4.286,5,8.336c0,4.582,3.025,7.751,5.695,10.548.617.647,1.2,1.258,1.737,1.874a.788.788,0,0,0,1.136,0c.537-.616,1.12-1.227,1.737-1.874C17.975,16.087,21,12.918,21,8.336,20.995,4.286,17.416,1,13,1Zm0,11.338a4.194,4.194,0,0,1-4.364-4,4.194,4.194,0,0,1,4.364-4,4.194,4.194,0,0,1,4.364,4,4.2,4.2,0,0,1-4.364,4Z\" transform=\"translate(-5 -1)\" fill=\"var(--ama-primary-color)\"\/><\/svg><\/span><span class=\"d-block\">T\u00e4hetorni 102, Tallinn, 11625<\/span><\/p><p class=\"label-enabled d-flex flex-wrap align-items-center\"><span class=\"d-flex flex-wrap align-items-center justify-content-center\"><svg xmlns=\"http:\/\/www.w3.org\/2000\/svg\" width=\"20\" height=\"20\" viewBox=\"0 0 20 20\"><path d=\"M10,20A10,10,0,1,0,0,10,10,10,0,0,0,10,20ZM9.286,4.286a.714.714,0,1,1,1.429,0V9.657l3.3,2.643a.714.714,0,0,1-.446,1.271.7.7,0,0,1-.446-.157L9.554,10.557A.717.717,0,0,1,9.286,10V4.286Z\" fill=\"var(--ama-primary-color)\"\/><\/svg><\/span><span class=\"d-block\">Kontor och lager: M &#8211; F 9.00 &#8211; 17.00. L &#8211; S: St\u00e4ngt<\/span><\/p><p class=\"label-enabled d-flex flex-wrap align-items-center\"><span class=\"d-flex flex-wrap align-items-center justify-content-center\"><svg xmlns=\"http:\/\/www.w3.org\/2000\/svg\" width=\"20\" height=\"20\" viewBox=\"0 0 20 20\"><path d=\"M20.163,14.961,17.23,12.613a2.29,2.29,0,0,0-3.174.321l-.387.466a.979.979,0,0,1-1.364.1,39.218,39.218,0,0,1-3.77-3.772.968.968,0,0,1,.1-1.364L9.1,7.973A2.292,2.292,0,0,0,9.419,4.8L7.072,1.862a2.3,2.3,0,0,0-3.517-.049L2.294,3.3a5.54,5.54,0,0,0-.268,6.765,41.34,41.34,0,0,0,9.935,9.942,5.6,5.6,0,0,0,6.761-.268l1.49-1.262a2.309,2.309,0,0,0-.049-3.52Z\" transform=\"translate(-1.002 -1.019)\" fill=\"var(--ama-primary-color)\"\/><\/svg><\/span><span class=\"d-block\"><a href=\"tel:+3725537892\" class=\"d-inline-flex flex-wrap align-items-center\">(+372) 5537 892<\/a><\/span><\/p><p class=\"label-enabled d-flex flex-wrap align-items-center\"><span class=\"d-flex flex-wrap align-items-center justify-content-center\"><svg xmlns=\"http:\/\/www.w3.org\/2000\/svg\" width=\"20\" height=\"16.002\" viewBox=\"0 0 20 16.002\"><path d=\"M7858-14721a1.971,1.971,0,0,1-.857-.2l5.66-5.66a.667.667,0,0,0,0-.943.661.661,0,0,0-.94,0l-5.664,5.662a1.977,1.977,0,0,1-.2-.857v-10.99l8.836,6.313a2.064,2.064,0,0,0,2.326,0l8.838-6.312v10.99a1.98,1.98,0,0,1-.2.857l-5.66-5.662a.666.666,0,0,0-.944,0,.667.667,0,0,0,0,.943l5.664,5.66a2,2,0,0,1-.858.2Zm7.611-7.764-9.525-6.785A1.993,1.993,0,0,1,7858-14737h16a1.991,1.991,0,0,1,1.908,1.438l-9.521,6.8a.669.669,0,0,1-.387.123A.674.674,0,0,1,7865.612-14728.762Z\" transform=\"translate(-7856.001 14737)\" fill=\"var(--ama-primary-color)\"\/><\/svg><\/span><span class=\"d-block\"><a href=\"mailto:info@abpolar.ee\" class=\"d-inline-flex flex-wrap align-items-center\">info@abpolar.ee<\/a><\/span><\/p><p><span class=\"d-block\">Det \u00e4r m\u00f6jligt att betala med kort och kontanter p\u00e5 plats.<\/span><\/p><\/div><\/div>\n\n\n<div class=\"wp-block-buttons is-layout-flex wp-block-buttons-is-layout-flex\">\n<div class=\"wp-block-button is-style-secondary\"><a class=\"wp-block-button__link wp-element-button\" href=\"https:\/\/www.google.com\/maps?ll=59.392647,24.607223&amp;z=16&amp;t=m&amp;hl=en&amp;gl=EE&amp;mapclient=embed&amp;cid=15353610334017672015\" target=\"_blank\" rel=\"noreferrer noopener\">Hitta hit<\/a><\/div>\n<\/div>\n\n<\/div><\/div><div class=\"col-12 col-md-6 col-xl-8 col-media\"><iframe src=\"https:\/\/www.google.com\/maps\/embed?pb=!1m18!1m12!1m3!1d2031.4233184240045!2d24.605034216500528!3d59.39264961298545!2m3!1f0!2f0!3f0!3m2!1i1024!2i768!4f13.1!3m3!1m2!1s0x4692bfd5a382db75%3A0xd512fb407ae3d34f!2sAB%20Polar%20O%C3%9C!5e0!3m2!1sen!2see!4v1662376078879!5m2!1sen!2see\" width=\"600\" height=\"450\" style=\"border:0;\" allowfullscreen=\"\" loading=\"lazy\" referrerpolicy=\"no-referrer-when-downgrade\"><\/iframe><\/div><\/div><\/div>\n\n\n<div class=\"wp-block-columns is-layout-flex wp-container-core-columns-is-layout-28f84493 wp-block-columns-is-layout-flex\">\n<div class=\"wp-block-column is-layout-flow wp-block-column-is-layout-flow\" style=\"flex-basis:100%\">\n<blockquote class=\"wp-block-quote is-layout-flow wp-block-quote-is-layout-flow\">\n<p class=\"wp-el\"><\/p>\n<\/blockquote>\n<\/div>\n<\/div>\n","protected":false},"excerpt":{"rendered":"<p>Vi p\u00e5 AB Polar v\u00e4rdes\u00e4tter varje kund och finns h\u00e4r f\u00f6r att hj\u00e4lpa dig! Oavsett&#8230;<\/p>\n","protected":false},"author":1,"featured_media":0,"parent":0,"menu_order":5,"comment_status":"closed","ping_status":"closed","template":"","meta":{"_acf_changed":false,"inline_featured_image":false,"footnotes":"[]"},"class_list":["post-12354","page","type-page","status-publish","hentry"],"acf":[],"_links":{"self":[{"href":"https:\/\/abpolar.ee\/sv\/wp-json\/wp\/v2\/pages\/12354","targetHints":{"allow":["GET"]}}],"collection":[{"href":"https:\/\/abpolar.ee\/sv\/wp-json\/wp\/v2\/pages"}],"about":[{"href":"https:\/\/abpolar.ee\/sv\/wp-json\/wp\/v2\/types\/page"}],"author":[{"embeddable":true,"href":"https:\/\/abpolar.ee\/sv\/wp-json\/wp\/v2\/users\/1"}],"replies":[{"embeddable":true,"href":"https:\/\/abpolar.ee\/sv\/wp-json\/wp\/v2\/comments?post=12354"}],"version-history":[{"count":31,"href":"https:\/\/abpolar.ee\/sv\/wp-json\/wp\/v2\/pages\/12354\/revisions"}],"predecessor-version":[{"id":16263,"href":"https:\/\/abpolar.ee\/sv\/wp-json\/wp\/v2\/pages\/12354\/revisions\/16263"}],"wp:attachment":[{"href":"https:\/\/abpolar.ee\/sv\/wp-json\/wp\/v2\/media?parent=12354"}],"curies":[{"name":"wp","href":"https:\/\/api.w.org\/{rel}","templated":true}]}}