{"id":13039,"date":"2023-03-10T14:22:32","date_gmt":"2023-03-10T12:22:32","guid":{"rendered":"https:\/\/abpolar-ee.vserver.zonevs.eu\/?page_id=13039"},"modified":"2024-02-15T09:21:40","modified_gmt":"2024-02-15T07:21:40","slug":"integritetspolicy","status":"publish","type":"page","link":"https:\/\/abpolar.ee\/sv\/integritetspolicy\/","title":{"rendered":"Integritetspolicy"},"content":{"rendered":"\n<h4 class=\"wp-block-heading wp-el\">N\u00e4r \u00e4r dataskyddsvillkoren giltiga?<\/h4>\n\n\n\n<blockquote class=\"wp-block-quote is-layout-flow wp-block-quote-is-layout-flow\">\n<ul class=\"wp-el wp-block-list\">\n<li>du best\u00e4ller v\u00e5ra varor via e-post eller p\u00e5 plats i v\u00e5r butik;;<\/li>\n\n\n\n<li>du skickar en informationsf\u00f6rfr\u00e5gan via e-post;<\/li>\n\n\n\n<li>f\u00f6r frakt av varor;<\/li>\n\n\n\n<li>f\u00f6r att f\u00f6rbereda fakturor;<\/li>\n\n\n\n<li>att kommunicera med dig i fr\u00e5gor som r\u00f6r best\u00e4llningen och dess genomf\u00f6rande, deras bearbetning och l\u00f6sning<\/li>\n<\/ul>\n<\/blockquote>\n\n\n\n<h4 class=\"wp-block-heading wp-el\">Vem \u00e4r personuppgiftsansvarig f\u00f6r dina personuppgifter?<\/h4>\n\n\n\n<p class=\"wp-el\">Personuppgiftsansvarig: AB Polar O\u00dc, registernummer 11487689, Harju maakond, Tallinn, Haabersti distrikt, Veerme tn 40, 11625, e-post info@abpolar.ee.<\/p>\n\n\n\n<h4 class=\"wp-block-heading wp-el\">Vilken typ av personuppgifter samlar vi in \u200b\u200boch fr\u00e5n vilka k\u00e4llor?<\/h4>\n\n\n\n<p class=\"wp-el\">Beroende p\u00e5 vem du \u00e4r \u2013 kund, konsument, leverant\u00f6r, f\u00f6retag eller annan partner \u2013 och hur du interagerar med oss \u200b\u200b(till exempel i v\u00e5r butik, via e-post eller telefon etc.) kan vi behandla olika uppgifter om dig. . Till exempel kan vi samla in din information n\u00e4r du bes\u00f6ker eller anv\u00e4nder v\u00e5r webbplats, n\u00e4r du k\u00f6per och anv\u00e4nder v\u00e5ra produkter, n\u00e4r du f\u00f6rser oss med dina produkter eller tj\u00e4nster, n\u00e4r du kontaktar kundsupport eller p\u00e5 annat s\u00e4tt kommunicerar med oss. Beroende p\u00e5 metoden och anledningen till kommunikationen skiljer sig \u00e4ven de insamlade uppgifterna, eftersom syftena med att anv\u00e4nda uppgifterna \u00e4r olika.<\/p>\n","protected":false},"excerpt":{"rendered":"<p>N\u00e4r \u00e4r dataskyddsvillkoren giltiga? Vem \u00e4r personuppgiftsansvarig f\u00f6r dina personuppgifter? Personuppgiftsansvarig: AB Polar O\u00dc, registernummer&#8230;<\/p>\n","protected":false},"author":1,"featured_media":0,"parent":0,"menu_order":9991,"comment_status":"closed","ping_status":"closed","template":"","meta":{"_acf_changed":false,"inline_featured_image":false,"footnotes":""},"class_list":["post-13039","page","type-page","status-publish","hentry"],"acf":[],"_links":{"self":[{"href":"https:\/\/abpolar.ee\/sv\/wp-json\/wp\/v2\/pages\/13039","targetHints":{"allow":["GET"]}}],"collection":[{"href":"https:\/\/abpolar.ee\/sv\/wp-json\/wp\/v2\/pages"}],"about":[{"href":"https:\/\/abpolar.ee\/sv\/wp-json\/wp\/v2\/types\/page"}],"author":[{"embeddable":true,"href":"https:\/\/abpolar.ee\/sv\/wp-json\/wp\/v2\/users\/1"}],"replies":[{"embeddable":true,"href":"https:\/\/abpolar.ee\/sv\/wp-json\/wp\/v2\/comments?post=13039"}],"version-history":[{"count":1,"href":"https:\/\/abpolar.ee\/sv\/wp-json\/wp\/v2\/pages\/13039\/revisions"}],"predecessor-version":[{"id":13040,"href":"https:\/\/abpolar.ee\/sv\/wp-json\/wp\/v2\/pages\/13039\/revisions\/13040"}],"wp:attachment":[{"href":"https:\/\/abpolar.ee\/sv\/wp-json\/wp\/v2\/media?parent=13039"}],"curies":[{"name":"wp","href":"https:\/\/api.w.org\/{rel}","templated":true}]}}