{"id":16137,"date":"2025-01-28T13:33:38","date_gmt":"2025-01-28T11:33:38","guid":{"rendered":"https:\/\/abpolar.ee\/?page_id=16137"},"modified":"2025-01-28T14:04:17","modified_gmt":"2025-01-28T12:04:17","slug":"avfallshantering-av-elektronik","status":"publish","type":"page","link":"https:\/\/abpolar.ee\/sv\/avfallshantering-av-elektronik\/","title":{"rendered":"Avfallshantering av elektronik"},"content":{"rendered":"\n<p class=\"wp-el\">Vart tas elektriskt och elektroniskt avfall?<\/p>\n\n\n\n<p class=\"wp-el\">Du kan kostnadsfritt l\u00e4mna hem elektrisk och elektronisk utrustning till SER:s rikst\u00e4ckande insamlingsn\u00e4t. F\u00f6r HSY kan elutrustning tas med till Sorttis stationer och Sortti insamlingsbil.<\/p>\n\n\n\n<p class=\"wp-el\"><a href=\"https:\/\/elektroonikaromu.ee\/en\/collection-points-for-electronic-waste-and-old-batteries-and-used-accumulators\/\" target=\"_blank\" rel=\"noopener\">Insamlingsst\u00e4llen i Estland<\/a><\/p>\n\n\n\n<p class=\"wp-el\"><\/p>\n","protected":false},"excerpt":{"rendered":"<p>Vart tas elektriskt och elektroniskt avfall? Du kan kostnadsfritt l\u00e4mna hem elektrisk och elektronisk utrustning&#8230;<\/p>\n","protected":false},"author":1,"featured_media":0,"parent":0,"menu_order":0,"comment_status":"closed","ping_status":"closed","template":"","meta":{"_acf_changed":false,"inline_featured_image":false,"footnotes":""},"class_list":["post-16137","page","type-page","status-publish","hentry"],"acf":[],"_links":{"self":[{"href":"https:\/\/abpolar.ee\/sv\/wp-json\/wp\/v2\/pages\/16137","targetHints":{"allow":["GET"]}}],"collection":[{"href":"https:\/\/abpolar.ee\/sv\/wp-json\/wp\/v2\/pages"}],"about":[{"href":"https:\/\/abpolar.ee\/sv\/wp-json\/wp\/v2\/types\/page"}],"author":[{"embeddable":true,"href":"https:\/\/abpolar.ee\/sv\/wp-json\/wp\/v2\/users\/1"}],"replies":[{"embeddable":true,"href":"https:\/\/abpolar.ee\/sv\/wp-json\/wp\/v2\/comments?post=16137"}],"version-history":[{"count":2,"href":"https:\/\/abpolar.ee\/sv\/wp-json\/wp\/v2\/pages\/16137\/revisions"}],"predecessor-version":[{"id":16139,"href":"https:\/\/abpolar.ee\/sv\/wp-json\/wp\/v2\/pages\/16137\/revisions\/16139"}],"wp:attachment":[{"href":"https:\/\/abpolar.ee\/sv\/wp-json\/wp\/v2\/media?parent=16137"}],"curies":[{"name":"wp","href":"https:\/\/api.w.org\/{rel}","templated":true}]}}