{"id":11088,"date":"2023-04-10T15:00:08","date_gmt":"2023-04-10T12:00:08","guid":{"rendered":"https:\/\/abpolar-ee.vserver.zonevs.eu\/?post_type=product&#038;p=11088"},"modified":"2023-11-10T15:38:58","modified_gmt":"2023-11-10T13:38:58","slug":"vasstradgard-10x6m","status":"publish","type":"product","link":"https:\/\/abpolar.ee\/sv\/produkt\/vasstradgard-10x6m\/","title":{"rendered":"Vasstr\u00e4dg\u00e5rd 1,0x6m"},"content":{"rendered":"<h2>Vasstr\u00e4dg\u00e5rd 1,0x6m<\/h2>\n<p>Vasstr\u00e4dg\u00e5rden l\u00e4mpar sig att anv\u00e4nda b\u00e5de p\u00e5 balkonger och i tr\u00e4dg\u00e5rden, eller s\u00e5 mycket som n\u00e5gons fantasi har. Ansluts med st\u00e5ltr\u00e5d.<\/p>\n<p>M\u00e5tten p\u00e5 vasstaket \u00e4r: 1,0 x 6m (vassdiameter 2-4 mm)<\/p>\n","protected":false},"excerpt":{"rendered":"<p>Vasstr\u00e4dg\u00e5rd 1,0x6m Vasstr\u00e4dg\u00e5rden l\u00e4mpar sig att anv\u00e4nda b\u00e5de p\u00e5 balkonger och i tr\u00e4dg\u00e5rden, eller s\u00e5&#8230;<\/p>\n","protected":false},"featured_media":10540,"template":"","meta":{"_acf_changed":false,"inline_featured_image":false},"product_brand":[],"product_cat":[543,534],"product_tag":[],"class_list":{"0":"post-11088","1":"product","2":"type-product","3":"status-publish","4":"has-post-thumbnail","6":"product_cat-utemiljo","7":"product_cat-vass-och-ribbstaket","8":"product_shipping_class-litet-paket","10":"first","11":"instock","12":"taxable","13":"shipping-taxable","14":"purchasable","15":"product-type-simple"},"acf":[],"_links":{"self":[{"href":"https:\/\/abpolar.ee\/sv\/wp-json\/wp\/v2\/product\/11088","targetHints":{"allow":["GET"]}}],"collection":[{"href":"https:\/\/abpolar.ee\/sv\/wp-json\/wp\/v2\/product"}],"about":[{"href":"https:\/\/abpolar.ee\/sv\/wp-json\/wp\/v2\/types\/product"}],"wp:featuredmedia":[{"embeddable":true,"href":"https:\/\/abpolar.ee\/sv\/wp-json\/wp\/v2\/media\/10540"}],"wp:attachment":[{"href":"https:\/\/abpolar.ee\/sv\/wp-json\/wp\/v2\/media?parent=11088"}],"wp:term":[{"taxonomy":"product_brand","embeddable":true,"href":"https:\/\/abpolar.ee\/sv\/wp-json\/wp\/v2\/product_brand?post=11088"},{"taxonomy":"product_cat","embeddable":true,"href":"https:\/\/abpolar.ee\/sv\/wp-json\/wp\/v2\/product_cat?post=11088"},{"taxonomy":"product_tag","embeddable":true,"href":"https:\/\/abpolar.ee\/sv\/wp-json\/wp\/v2\/product_tag?post=11088"}],"curies":[{"name":"wp","href":"https:\/\/api.w.org\/{rel}","templated":true}]}}