{"id":11124,"date":"2022-11-16T09:17:24","date_gmt":"2022-11-16T07:17:24","guid":{"rendered":"https:\/\/abpolar-ee.vserver.zonevs.eu\/?post_type=product&#038;p=11124"},"modified":"2025-05-14T17:18:00","modified_gmt":"2025-05-14T14:18:00","slug":"staketpaneler-3d-4mm-varmforzinkad","status":"publish","type":"product","link":"https:\/\/abpolar.ee\/sv\/produkt\/staketpaneler-3d-4mm-varmforzinkad\/","title":{"rendered":"Staketpaneler 3D 4mm, varmf\u00f6rzinkad"},"content":{"rendered":"<p>Staketpaneler 3D 4 mm, varmf\u00f6rzinkade, med horisontella och vertikala tr\u00e5dar sammansvetsade. V-f\u00f6rst\u00e4rkningar pressas in f\u00f6r att ge \u00f6kad h\u00e5llfasthet och stabilitet.<\/p>\n<p>De vertikala tr\u00e5darna \u00e4r placerade 25 mm ovanf\u00f6r den horisontella tr\u00e5den, vilket g\u00f6r det sv\u00e5rt f\u00f6r b\u00e5de m\u00e4nniskor och djur att kl\u00e4ttra \u00f6ver.<\/p>\n<h3>Produktinformation<\/h3>\n<ul>\n<li>Panelh\u00f6jd: 1030 mm, 1230 mm, 1530 mm, 1730 mm, 2030 mm<\/li>\n<li>Panelens l\u00e4ngd: 2500 mm<\/li>\n<li>Maskstorlek: 50 x 200 mm<\/li>\n<li>Tr\u00e5ddiameter: Horisontell tr\u00e5d: 4 mm, vertikal tr\u00e5d: 4 mm<\/li>\n<li>Ytbehandling: Varmf\u00f6rzinkad<\/li>\n<\/ul>\n<p>Svetsade paneler anv\u00e4nds f\u00f6r staket d\u00e4r det kr\u00e4vs en h\u00f6g motst\u00e5ndskraft mot penetrering, eller f\u00f6r att h\u00e5lla stora hundar i tr\u00e4dg\u00e5rden. De \u00e4r ocks\u00e5 mycket l\u00e4mpliga f\u00f6r staket med \u00f6kade s\u00e4kerhetskrav.<\/p>\n<p>Panelerna kr\u00e4ver ingen efterv\u00e5rd och kan tas bort och bytas ut vid behov.<\/p>\n<p>Panelerna s\u00e4ljs som 2500 mm breda element.<\/p>\n<p>N\u00e4r du k\u00f6per tr\u00e4dg\u00e5rdsmaterial, se till att kl\u00e4mmorna och stolparna matchar!<\/p>\n<h3>F\u00f6rberedelser f\u00f6r installation<\/h3>\n<ul>\n<li>St\u00e4ll in h\u00f6jden p\u00e5 staketet<\/li>\n<li>M\u00e4t den totala l\u00e4ngden p\u00e5 staketet<\/li>\n<li>T\u00e4nk p\u00e5 antalet och bredden p\u00e5 grindarna och best\u00e4m deras placering<\/li>\n<li>G\u00f6r en skiss d\u00e4r du anger l\u00e4ngderna p\u00e5 sektionerna, grind\u00f6ppningar och antalet h\u00f6rn<\/li>\n<\/ul>\n<p><strong>AB Polar O\u00dc \u00e4r ett f\u00f6retag med l\u00e5ng erfarenhet inom detalj- och partihandel av tr\u00e4dg\u00e5rds- och inredningsprodukter i Estland och Finland.<\/strong><\/p>\n<p>V\u00e5ra huvudmarknader \u00e4r Estland och Finland, d\u00e4r vi \u00e4r en etablerad akt\u00f6r och d\u00e4r v\u00e5ra produkter finns att hitta i de st\u00f6rsta byggvaruhusen.<\/p>\n<p>Sedan 2008 har vi f\u00f6rsett b\u00e5de privatkunder och \u00e5terf\u00f6rs\u00e4ljare med h\u00f6gkvalitativa och prisv\u00e4rda l\u00f6sningar f\u00f6r tr\u00e4dg\u00e5rdsbygge och heminredning.<\/p>\n<p>V\u00e5r filosofi \u00e4r enkel \u2013 vi kombinerar kvalitet, funktionalitet och konkurrenskraftiga priser med flexibel och kundanpassad service.<\/p>\n<p><strong>Under 2024 har vi ut\u00f6kat v\u00e5r verksamhet till Sverige.<\/strong><\/p>\n<p>&nbsp;<\/p>\n","protected":false},"excerpt":{"rendered":"<p>Staketpaneler 3D 4 mm, varmf\u00f6rzinkade, med horisontella och vertikala tr\u00e5dar sammansvetsade. V-f\u00f6rst\u00e4rkningar pressas in f\u00f6r&#8230;<\/p>\n","protected":false},"featured_media":9805,"template":"","meta":{"_acf_changed":false,"inline_featured_image":false},"product_brand":[],"product_cat":[473,372],"product_tag":[],"class_list":{"0":"post-11124","1":"product","2":"type-product","3":"status-publish","4":"has-post-thumbnail","6":"product_cat-3d-staketpaneler","7":"product_cat-paneler","8":"product_shipping_class-stort-paket","10":"first","11":"instock","12":"taxable","13":"shipping-taxable","14":"purchasable","15":"product-type-variable"},"acf":[],"_links":{"self":[{"href":"https:\/\/abpolar.ee\/sv\/wp-json\/wp\/v2\/product\/11124","targetHints":{"allow":["GET"]}}],"collection":[{"href":"https:\/\/abpolar.ee\/sv\/wp-json\/wp\/v2\/product"}],"about":[{"href":"https:\/\/abpolar.ee\/sv\/wp-json\/wp\/v2\/types\/product"}],"wp:featuredmedia":[{"embeddable":true,"href":"https:\/\/abpolar.ee\/sv\/wp-json\/wp\/v2\/media\/9805"}],"wp:attachment":[{"href":"https:\/\/abpolar.ee\/sv\/wp-json\/wp\/v2\/media?parent=11124"}],"wp:term":[{"taxonomy":"product_brand","embeddable":true,"href":"https:\/\/abpolar.ee\/sv\/wp-json\/wp\/v2\/product_brand?post=11124"},{"taxonomy":"product_cat","embeddable":true,"href":"https:\/\/abpolar.ee\/sv\/wp-json\/wp\/v2\/product_cat?post=11124"},{"taxonomy":"product_tag","embeddable":true,"href":"https:\/\/abpolar.ee\/sv\/wp-json\/wp\/v2\/product_tag?post=11124"}],"curies":[{"name":"wp","href":"https:\/\/api.w.org\/{rel}","templated":true}]}}