{"id":11154,"date":"2022-11-16T09:17:53","date_gmt":"2022-11-16T07:17:53","guid":{"rendered":"https:\/\/abpolar-ee.vserver.zonevs.eu\/?post_type=product&#038;p=11154"},"modified":"2025-05-15T14:03:11","modified_gmt":"2025-05-15T11:03:11","slug":"staketpaneler-2d-6-5-6-ral7016-gra","status":"publish","type":"product","link":"https:\/\/abpolar.ee\/sv\/produkt\/staketpaneler-2d-6-5-6-ral7016-gra\/","title":{"rendered":"Staketpaneler 2D 6\/5\/6 RAL7016 gr\u00e5"},"content":{"rendered":"<h2>Staketpaneler 2D 6\/5\/6 RAL7016 Gr\u00e5<\/h2>\n<p>Staketpaneler 2D 6\/5\/6 mm i gr\u00e5 RAL7016.<\/p>\n<p>Panelerna best\u00e5r av horisontella och vertikala tr\u00e5dar som \u00e4r sammanl\u00e4nkade genom svetsning.<\/p>\n<p>De vertikala tr\u00e5darna str\u00e4cker sig 25 mm ovanf\u00f6r den horisontella tr\u00e5den, vilket g\u00f6r det sv\u00e5rt f\u00f6r b\u00e5de m\u00e4nniskor och djur att kl\u00e4ttra \u00f6ver staketet.<\/p>\n<h3>Produktinformation<\/h3>\n<p><strong>Panelh\u00f6jd:<\/strong> 1030 mm, 1230 mm, 1430 mm, 1630 mm, 1830 mm, 2030 mm<\/p>\n<p><strong>Panelens l\u00e4ngd:<\/strong> 2500 mm<\/p>\n<p><strong>Maskstorlek:<\/strong> 50 x 200 mm<\/p>\n<p><strong>Tr\u00e5ddiameter:<\/strong> Horisontell tr\u00e5d: 6 mm, vertikal tr\u00e5d: 5 mm<\/p>\n<p><strong>Ytbehandling:<\/strong> Pulverlack RAL7016 gr\u00e5<\/p>\n<p>Svetsade paneler anv\u00e4nds f\u00f6r staket d\u00e4r det kr\u00e4vs h\u00f6g motst\u00e5ndskraft mot genomtr\u00e4ngning, eller f\u00f6r att h\u00e5lla st\u00f6rre djur, s\u00e5som en stor hund, inuti tr\u00e4dg\u00e5rden.<\/p>\n<p>De \u00e4r ocks\u00e5 mycket l\u00e4mpliga f\u00f6r staket med \u00f6kade s\u00e4kerhetskrav.<\/p>\n<p>Svetsade paneler kr\u00e4ver ingen efterv\u00e5rd och kan enkelt tas bort och bytas ut vid behov.<\/p>\n<p>Panelerna s\u00e4ljs som 2500 mm breda element.<\/p>\n<h3>F\u00f6rberedelser f\u00f6r installation<\/h3>\n<ul>\n<li>St\u00e4ll in h\u00f6jden p\u00e5 staketet<\/li>\n<li>M\u00e4t den totala l\u00e4ngden p\u00e5 staketet<\/li>\n<li>T\u00e4nk p\u00e5 antalet och bredden p\u00e5 grindarna och best\u00e4m deras placering<\/li>\n<li>G\u00f6r en skiss d\u00e4r l\u00e4ngder p\u00e5 sektionerna, grind\u00f6ppningar och antalet h\u00f6rn noteras<\/li>\n<\/ul>\n<p><strong>AB Polar O\u00dc \u00e4r ett f\u00f6retag med l\u00e5ng erfarenhet inom detalj- och partihandel av tr\u00e4dg\u00e5rds- och inredningsprodukter i Estland och Finland.<\/strong><\/p>\n<p>V\u00e5ra huvudmarknader \u00e4r Estland och Finland, d\u00e4r vi \u00e4r en etablerad akt\u00f6r och d\u00e4r v\u00e5ra produkter finns att hitta i de st\u00f6rsta byggvaruhusen.<\/p>\n<p>Sedan 2008 har vi f\u00f6rsett b\u00e5de privatkunder och \u00e5terf\u00f6rs\u00e4ljare med h\u00f6gkvalitativa och prisv\u00e4rda l\u00f6sningar f\u00f6r tr\u00e4dg\u00e5rdsbygge och heminredning.<\/p>\n<p>V\u00e5r filosofi \u00e4r enkel \u2013 vi kombinerar kvalitet, funktionalitet och konkurrenskraftiga priser med flexibel och kundanpassad service.<\/p>\n<p><strong>Under 2024 har vi ut\u00f6kat v\u00e5r verksamhet till Sverige.<\/strong><\/p>\n","protected":false},"excerpt":{"rendered":"<p>Staketpaneler 2D 6\/5\/6 RAL7016 Gr\u00e5 Staketpaneler 2D 6\/5\/6 mm i gr\u00e5 RAL7016. Panelerna best\u00e5r av&#8230;<\/p>\n","protected":false},"featured_media":9923,"template":"","meta":{"_acf_changed":false,"inline_featured_image":false},"product_brand":[],"product_cat":[470,372],"product_tag":[],"class_list":{"0":"post-11154","1":"product","2":"type-product","3":"status-publish","4":"has-post-thumbnail","6":"product_cat-2d-staketpaneler","7":"product_cat-paneler","8":"product_shipping_class-stort-paket","10":"first","11":"instock","12":"taxable","13":"shipping-taxable","14":"purchasable","15":"product-type-variable"},"acf":[],"_links":{"self":[{"href":"https:\/\/abpolar.ee\/sv\/wp-json\/wp\/v2\/product\/11154","targetHints":{"allow":["GET"]}}],"collection":[{"href":"https:\/\/abpolar.ee\/sv\/wp-json\/wp\/v2\/product"}],"about":[{"href":"https:\/\/abpolar.ee\/sv\/wp-json\/wp\/v2\/types\/product"}],"wp:featuredmedia":[{"embeddable":true,"href":"https:\/\/abpolar.ee\/sv\/wp-json\/wp\/v2\/media\/9923"}],"wp:attachment":[{"href":"https:\/\/abpolar.ee\/sv\/wp-json\/wp\/v2\/media?parent=11154"}],"wp:term":[{"taxonomy":"product_brand","embeddable":true,"href":"https:\/\/abpolar.ee\/sv\/wp-json\/wp\/v2\/product_brand?post=11154"},{"taxonomy":"product_cat","embeddable":true,"href":"https:\/\/abpolar.ee\/sv\/wp-json\/wp\/v2\/product_cat?post=11154"},{"taxonomy":"product_tag","embeddable":true,"href":"https:\/\/abpolar.ee\/sv\/wp-json\/wp\/v2\/product_tag?post=11154"}],"curies":[{"name":"wp","href":"https:\/\/api.w.org\/{rel}","templated":true}]}}