{"id":11178,"date":"2022-11-16T09:17:24","date_gmt":"2022-11-16T07:17:24","guid":{"rendered":"https:\/\/abpolar-ee.vserver.zonevs.eu\/?post_type=product&#038;p=11178"},"modified":"2025-05-05T20:51:32","modified_gmt":"2025-05-05T17:51:32","slug":"tradgardsnat-classic-10m-i-rulle","status":"publish","type":"product","link":"https:\/\/abpolar.ee\/sv\/produkt\/tradgardsnat-classic-10m-i-rulle\/","title":{"rendered":"Tr\u00e4dg\u00e5rdsn\u00e4t Classic 10m i rulle"},"content":{"rendered":"<h2>Tr\u00e4dg\u00e5rdsn\u00e4t Classic 10m i rulle<\/h2>\n<p>Tr\u00e4dg\u00e5rdsn\u00e4t Classic 10m i rulle \u00e4r ett PVC-belagt tr\u00e4dg\u00e5rdsn\u00e4t, l\u00e4mpligt f\u00f6r anv\u00e4ndning i hemtr\u00e4dg\u00e5rdar.<\/p>\n<p>Svetsn\u00e4tet \u00e4r tillverkat av zinktr\u00e5d och t\u00e4ckt med en PVC-bel\u00e4ggning.<\/p>\n<p><strong>Maskstorlek:<\/strong> 100&#215;50 mm<\/p>\n<p><strong>Tr\u00e5d + PVC-diameter:<\/strong> 2,2 mm<\/p>\n<p><strong>F\u00e4rg:<\/strong> RAL6005 gr\u00f6n<\/p>\n<p><strong>L\u00e4ngd per rulle:<\/strong> 10 m<\/p>\n<p>\u200b<\/p>\n","protected":false},"excerpt":{"rendered":"<p>Tr\u00e4dg\u00e5rdsn\u00e4t Classic 10m i rulle Tr\u00e4dg\u00e5rdsn\u00e4t Classic 10m i rulle \u00e4r ett PVC-belagt tr\u00e4dg\u00e5rdsn\u00e4t, l\u00e4mpligt&#8230;<\/p>\n","protected":false},"featured_media":9612,"template":"","meta":{"_acf_changed":false,"inline_featured_image":false},"product_brand":[],"product_cat":[371,495,494],"product_tag":[],"class_list":{"0":"post-11178","1":"product","2":"type-product","3":"status-publish","4":"has-post-thumbnail","6":"product_cat-staket-och-tillbehor","7":"product_cat-svetsade-nat","8":"product_cat-tradgardsnat","9":"product_shipping_class-paket-upp-till-30kg","11":"first","12":"instock","13":"taxable","14":"shipping-taxable","15":"purchasable","16":"product-type-variable"},"acf":[],"_links":{"self":[{"href":"https:\/\/abpolar.ee\/sv\/wp-json\/wp\/v2\/product\/11178","targetHints":{"allow":["GET"]}}],"collection":[{"href":"https:\/\/abpolar.ee\/sv\/wp-json\/wp\/v2\/product"}],"about":[{"href":"https:\/\/abpolar.ee\/sv\/wp-json\/wp\/v2\/types\/product"}],"wp:featuredmedia":[{"embeddable":true,"href":"https:\/\/abpolar.ee\/sv\/wp-json\/wp\/v2\/media\/9612"}],"wp:attachment":[{"href":"https:\/\/abpolar.ee\/sv\/wp-json\/wp\/v2\/media?parent=11178"}],"wp:term":[{"taxonomy":"product_brand","embeddable":true,"href":"https:\/\/abpolar.ee\/sv\/wp-json\/wp\/v2\/product_brand?post=11178"},{"taxonomy":"product_cat","embeddable":true,"href":"https:\/\/abpolar.ee\/sv\/wp-json\/wp\/v2\/product_cat?post=11178"},{"taxonomy":"product_tag","embeddable":true,"href":"https:\/\/abpolar.ee\/sv\/wp-json\/wp\/v2\/product_tag?post=11178"}],"curies":[{"name":"wp","href":"https:\/\/api.w.org\/{rel}","templated":true}]}}