{"id":11211,"date":"2022-11-16T09:17:44","date_gmt":"2022-11-16T07:17:44","guid":{"rendered":"https:\/\/abpolar-ee.vserver.zonevs.eu\/?post_type=product&#038;p=11211"},"modified":"2025-05-08T17:35:47","modified_gmt":"2025-05-08T14:35:47","slug":"hundnat-djurnat-svetsat-15x25m","status":"publish","type":"product","link":"https:\/\/abpolar.ee\/sv\/produkt\/hundnat-djurnat-svetsat-15x25m\/","title":{"rendered":"Hundn\u00e4t\/djurn\u00e4t svetsat 25m"},"content":{"rendered":"<h2>Hundn\u00e4t\/Djurn\u00e4t Svetsat \u2013 25m Rulle<\/h2>\n<p>Svetsat hundn\u00e4t\/djurn\u00e4t \u00e4r ett specialn\u00e4t tillverkat av galvaniserad tr\u00e5d och t\u00e4tningsn\u00e4t.<\/p>\n<p>Det \u00e4r perfekt f\u00f6r anv\u00e4ndning inom gr\u00f6nomr\u00e5den som djurst\u00e4ngsel.<\/p>\n<p>N\u00e4tet \u00e4r s\u00e4rskilt l\u00e4mpligt f\u00f6r att bygga hund inh\u00e4gnad eller f\u00f6r att skydda sm\u00e5 vilda djur.<\/p>\n<h3>Produktinformation<\/h3>\n<p><strong>\u00d6gonbredd:<\/strong> 75 mm<\/p>\n<p><strong>\u00d6gonh\u00f6jd:<\/strong> Minskar fr\u00e5n 150 mm till 75 mm (fr\u00e5n topp till botten)<\/p>\n<p><strong>Tr\u00e5ddiameter:<\/strong> 1,9 mm (standardtr\u00e5d), 2,4 mm (\u00f6vertr\u00e5d)<\/p>\n<p><strong>H\u00f6jd:<\/strong> 1,5 m och 1,95 m<\/p>\n<p><strong>Rull\u00e4ngd:<\/strong> 25 meter<\/p>\n","protected":false},"excerpt":{"rendered":"<p>Hundn\u00e4t\/Djurn\u00e4t Svetsat \u2013 25m Rulle Svetsat hundn\u00e4t\/djurn\u00e4t \u00e4r ett specialn\u00e4t tillverkat av galvaniserad tr\u00e5d och&#8230;<\/p>\n","protected":false},"featured_media":9684,"template":"","meta":{"_acf_changed":false,"inline_featured_image":false},"product_brand":[],"product_cat":[497,496,371,494],"product_tag":[],"class_list":{"0":"post-11211","1":"product","2":"type-product","3":"status-publish","4":"has-post-thumbnail","6":"product_cat-djurnat","7":"product_cat-hundnat","8":"product_cat-staket-och-tillbehor","9":"product_cat-tradgardsnat","10":"product_shipping_class-paket-upp-till-30kg","12":"first","13":"instock","14":"taxable","15":"shipping-taxable","16":"purchasable","17":"product-type-variable"},"acf":[],"_links":{"self":[{"href":"https:\/\/abpolar.ee\/sv\/wp-json\/wp\/v2\/product\/11211","targetHints":{"allow":["GET"]}}],"collection":[{"href":"https:\/\/abpolar.ee\/sv\/wp-json\/wp\/v2\/product"}],"about":[{"href":"https:\/\/abpolar.ee\/sv\/wp-json\/wp\/v2\/types\/product"}],"wp:featuredmedia":[{"embeddable":true,"href":"https:\/\/abpolar.ee\/sv\/wp-json\/wp\/v2\/media\/9684"}],"wp:attachment":[{"href":"https:\/\/abpolar.ee\/sv\/wp-json\/wp\/v2\/media?parent=11211"}],"wp:term":[{"taxonomy":"product_brand","embeddable":true,"href":"https:\/\/abpolar.ee\/sv\/wp-json\/wp\/v2\/product_brand?post=11211"},{"taxonomy":"product_cat","embeddable":true,"href":"https:\/\/abpolar.ee\/sv\/wp-json\/wp\/v2\/product_cat?post=11211"},{"taxonomy":"product_tag","embeddable":true,"href":"https:\/\/abpolar.ee\/sv\/wp-json\/wp\/v2\/product_tag?post=11211"}],"curies":[{"name":"wp","href":"https:\/\/api.w.org\/{rel}","templated":true}]}}