{"id":11221,"date":"2022-11-16T09:17:44","date_gmt":"2022-11-16T07:17:44","guid":{"rendered":"https:\/\/abpolar-ee.vserver.zonevs.eu\/?post_type=product&#038;p=11221"},"modified":"2025-05-08T17:31:51","modified_gmt":"2025-05-08T14:31:51","slug":"djurnat-strong-stangsel-med-rosettknut-en-rulle-pa-50m","status":"publish","type":"product","link":"https:\/\/abpolar.ee\/sv\/produkt\/djurnat-strong-stangsel-med-rosettknut-en-rulle-pa-50m\/","title":{"rendered":"Djurn\u00e4t STRONG st\u00e4ngsel med rosettknut en rulle p\u00e5 50m"},"content":{"rendered":"<h2>Djurn\u00e4t STRONG St\u00e4ngsel med Rosettknut \u2013 50m Rulle<\/h2>\n<p>Fl\u00e4tat djurn\u00e4t STRONG \u00e4r ett specialn\u00e4t tillverkat av galvaniserad tr\u00e5d och t\u00e4tningsn\u00e4t. vilket \u00e4r perfekt f\u00f6r anv\u00e4ndning i gr\u00f6nomr\u00e5den som staket f\u00f6r djur, f\u00f6r att kontrollera vilda djur eller f\u00f6r att skapa hagar f\u00f6r betesdjur.<\/p>\n<p>Knyt-tekniken som anv\u00e4nds vid produktionen g\u00f6r att du inte beh\u00f6ver oroa dig f\u00f6r att svetspunkterna ska brista eller f\u00f6rgrena sig.<\/p>\n<h3>Produktinformation<\/h3>\n<p><strong>Rullh\u00f6jd:<\/strong> 2 meter<\/p>\n<p><strong>Tr\u00e5ddiameter:<\/strong> 1,9 mm (standardtr\u00e5d), 2,5 mm (\u00f6vertr\u00e5d)<\/p>\n<p><strong>Maskvidd:<\/strong> 150 mm<\/p>\n<p><strong>Maskh\u00f6jd (fr\u00e5n ovan till ned):<\/strong><\/p>\n<ul>\n<li>16\u00d750 mm<\/li>\n<li>3\u00d7100 mm<\/li>\n<li>2\u00d7150 mm<\/li>\n<li>3\u00d7200 mm<\/li>\n<\/ul>\n<p><strong>Rull\u00e4ngd:<\/strong> 50 meter<\/p>\n","protected":false},"excerpt":{"rendered":"<p>Djurn\u00e4t STRONG St\u00e4ngsel med Rosettknut \u2013 50m Rulle Fl\u00e4tat djurn\u00e4t STRONG \u00e4r ett specialn\u00e4t tillverkat&#8230;<\/p>\n","protected":false},"featured_media":10016,"template":"","meta":{"_acf_changed":false,"inline_featured_image":false},"product_brand":[],"product_cat":[497,371,494],"product_tag":[],"class_list":{"0":"post-11221","1":"product","2":"type-product","3":"status-publish","4":"has-post-thumbnail","6":"product_cat-djurnat","7":"product_cat-staket-och-tillbehor","8":"product_cat-tradgardsnat","10":"first","11":"instock","12":"taxable","13":"shipping-taxable","14":"purchasable","15":"product-type-simple"},"acf":[],"_links":{"self":[{"href":"https:\/\/abpolar.ee\/sv\/wp-json\/wp\/v2\/product\/11221","targetHints":{"allow":["GET"]}}],"collection":[{"href":"https:\/\/abpolar.ee\/sv\/wp-json\/wp\/v2\/product"}],"about":[{"href":"https:\/\/abpolar.ee\/sv\/wp-json\/wp\/v2\/types\/product"}],"wp:featuredmedia":[{"embeddable":true,"href":"https:\/\/abpolar.ee\/sv\/wp-json\/wp\/v2\/media\/10016"}],"wp:attachment":[{"href":"https:\/\/abpolar.ee\/sv\/wp-json\/wp\/v2\/media?parent=11221"}],"wp:term":[{"taxonomy":"product_brand","embeddable":true,"href":"https:\/\/abpolar.ee\/sv\/wp-json\/wp\/v2\/product_brand?post=11221"},{"taxonomy":"product_cat","embeddable":true,"href":"https:\/\/abpolar.ee\/sv\/wp-json\/wp\/v2\/product_cat?post=11221"},{"taxonomy":"product_tag","embeddable":true,"href":"https:\/\/abpolar.ee\/sv\/wp-json\/wp\/v2\/product_tag?post=11221"}],"curies":[{"name":"wp","href":"https:\/\/api.w.org\/{rel}","templated":true}]}}