{"id":11222,"date":"2022-11-16T09:17:43","date_gmt":"2022-11-16T07:17:43","guid":{"rendered":"https:\/\/abpolar-ee.vserver.zonevs.eu\/?post_type=product&#038;p=11222"},"modified":"2025-05-08T17:30:07","modified_gmt":"2025-05-08T14:30:07","slug":"svetsat-djurnat-i-en-rulle-pa-50m","status":"publish","type":"product","link":"https:\/\/abpolar.ee\/sv\/produkt\/svetsat-djurnat-i-en-rulle-pa-50m\/","title":{"rendered":"Djurn\u00e4t, svetsat i en rulle p\u00e5 50m"},"content":{"rendered":"<p>Svetsade djurn\u00e4t \u00e4r ett specialn\u00e4t av galvaniserad tr\u00e5d med ett bottent\u00e4tande n\u00e4t, vilket \u00e4r perfekt f\u00f6r anv\u00e4ndning i gr\u00f6nomr\u00e5den som staket f\u00f6r djur, f\u00f6r att kontrollera vilda djur eller f\u00f6r att skapa hagar f\u00f6r betesdjur.<\/p>\n<p><strong>Rullh\u00f6jd:<\/strong> 1m, 1,5m, 2m<\/p>\n<p><strong>Maskvidd:<\/strong> 150 mm<\/p>\n<p><strong>\u00d6gonh\u00f6jd:<\/strong> Minskar fr\u00e5n topp till botten (100\u2013200 mm)<\/p>\n<p><strong>Tr\u00e5ddiameter:<\/strong> 1,9 mm, den \u00f6vre tr\u00e5den \u00e4r 2,5 mm<\/p>\n<p><strong>Valsad:<\/strong> 50 m<\/p>\n","protected":false},"excerpt":{"rendered":"<p>Svetsade djurn\u00e4t \u00e4r ett specialn\u00e4t av galvaniserad tr\u00e5d med ett bottent\u00e4tande n\u00e4t, vilket \u00e4r perfekt&#8230;<\/p>\n","protected":false},"featured_media":10007,"template":"","meta":{"_acf_changed":false,"inline_featured_image":false},"product_brand":[],"product_cat":[497,371,494],"product_tag":[],"class_list":{"0":"post-11222","1":"product","2":"type-product","3":"status-publish","4":"has-post-thumbnail","6":"product_cat-djurnat","7":"product_cat-staket-och-tillbehor","8":"product_cat-tradgardsnat","9":"product_shipping_class-paket-upp-till-30kg","11":"first","12":"instock","13":"taxable","14":"shipping-taxable","15":"purchasable","16":"product-type-variable"},"acf":[],"_links":{"self":[{"href":"https:\/\/abpolar.ee\/sv\/wp-json\/wp\/v2\/product\/11222","targetHints":{"allow":["GET"]}}],"collection":[{"href":"https:\/\/abpolar.ee\/sv\/wp-json\/wp\/v2\/product"}],"about":[{"href":"https:\/\/abpolar.ee\/sv\/wp-json\/wp\/v2\/types\/product"}],"wp:featuredmedia":[{"embeddable":true,"href":"https:\/\/abpolar.ee\/sv\/wp-json\/wp\/v2\/media\/10007"}],"wp:attachment":[{"href":"https:\/\/abpolar.ee\/sv\/wp-json\/wp\/v2\/media?parent=11222"}],"wp:term":[{"taxonomy":"product_brand","embeddable":true,"href":"https:\/\/abpolar.ee\/sv\/wp-json\/wp\/v2\/product_brand?post=11222"},{"taxonomy":"product_cat","embeddable":true,"href":"https:\/\/abpolar.ee\/sv\/wp-json\/wp\/v2\/product_cat?post=11222"},{"taxonomy":"product_tag","embeddable":true,"href":"https:\/\/abpolar.ee\/sv\/wp-json\/wp\/v2\/product_tag?post=11222"}],"curies":[{"name":"wp","href":"https:\/\/api.w.org\/{rel}","templated":true}]}}