{"id":11239,"date":"2022-11-16T09:17:36","date_gmt":"2022-11-16T07:17:36","guid":{"rendered":"https:\/\/abpolar-ee.vserver.zonevs.eu\/?post_type=product&#038;p=11239"},"modified":"2025-05-08T17:26:44","modified_gmt":"2025-05-08T14:26:44","slug":"stangselnat-fz-125-m-rulle","status":"publish","type":"product","link":"https:\/\/abpolar.ee\/sv\/produkt\/stangselnat-fz-125-m-rulle\/","title":{"rendered":"St\u00e4ngseln\u00e4t FZ,\u00a012,5 m"},"content":{"rendered":"<h2 class=\"prod_show_name\">St\u00e4ngseln\u00e4t FZ, 12,5 m\/rulle<\/h2>\n<p>St\u00e4ngseln\u00e4t ZN, eller galvaniserat tr\u00e4dg\u00e5rdsn\u00e4t, \u00e4r perfekt f\u00f6r st\u00e4ngsel av tr\u00e4dg\u00e5rdar eller byggnader.<\/p>\n<p><strong>Maskstorlek:<\/strong> 50&#215;50 mm<\/p>\n<p><strong>Tr\u00e5dtjocklek:<\/strong> 1,9 mm<\/p>\n<p><strong>Material:<\/strong> ZN<\/p>\n<p><strong>L\u00e4ngd:<\/strong> 12,5 m<\/p>\n","protected":false},"excerpt":{"rendered":"<p>St\u00e4ngseln\u00e4t FZ, 12,5 m\/rulle St\u00e4ngseln\u00e4t ZN, eller galvaniserat tr\u00e4dg\u00e5rdsn\u00e4t, \u00e4r perfekt f\u00f6r st\u00e4ngsel av tr\u00e4dg\u00e5rdar&#8230;<\/p>\n","protected":false},"featured_media":9206,"template":"","meta":{"_acf_changed":false,"inline_featured_image":false},"product_brand":[],"product_cat":[371,498,494],"product_tag":[],"class_list":{"0":"post-11239","1":"product","2":"type-product","3":"status-publish","4":"has-post-thumbnail","6":"product_cat-staket-och-tillbehor","7":"product_cat-flatade-nat","8":"product_cat-tradgardsnat","9":"product_shipping_class-paket-upp-till-30kg","11":"first","12":"instock","13":"taxable","14":"shipping-taxable","15":"purchasable","16":"product-type-variable"},"acf":[],"_links":{"self":[{"href":"https:\/\/abpolar.ee\/sv\/wp-json\/wp\/v2\/product\/11239","targetHints":{"allow":["GET"]}}],"collection":[{"href":"https:\/\/abpolar.ee\/sv\/wp-json\/wp\/v2\/product"}],"about":[{"href":"https:\/\/abpolar.ee\/sv\/wp-json\/wp\/v2\/types\/product"}],"wp:featuredmedia":[{"embeddable":true,"href":"https:\/\/abpolar.ee\/sv\/wp-json\/wp\/v2\/media\/9206"}],"wp:attachment":[{"href":"https:\/\/abpolar.ee\/sv\/wp-json\/wp\/v2\/media?parent=11239"}],"wp:term":[{"taxonomy":"product_brand","embeddable":true,"href":"https:\/\/abpolar.ee\/sv\/wp-json\/wp\/v2\/product_brand?post=11239"},{"taxonomy":"product_cat","embeddable":true,"href":"https:\/\/abpolar.ee\/sv\/wp-json\/wp\/v2\/product_cat?post=11239"},{"taxonomy":"product_tag","embeddable":true,"href":"https:\/\/abpolar.ee\/sv\/wp-json\/wp\/v2\/product_tag?post=11239"}],"curies":[{"name":"wp","href":"https:\/\/api.w.org\/{rel}","templated":true}]}}